{"id":3308,"date":"2022-12-07T11:09:10","date_gmt":"2022-12-07T09:09:10","guid":{"rendered":"https:\/\/autonomiae.bz.it\/netiquette\/"},"modified":"2023-06-01T11:13:29","modified_gmt":"2023-06-01T09:13:29","slug":"netiquette","status":"publish","type":"page","link":"https:\/\/autonomiae.bz.it\/ld\/netiquette\/","title":{"rendered":"Netiquette"},"content":{"rendered":"<p>[et_pb_section fb_built=&#8221;1&#8243; _builder_version=&#8221;4.16&#8243; _module_preset=&#8221;default&#8221; z_index=&#8221;10&#8243; custom_padding=&#8221;0px|0px|0px|0px|false|false&#8221; global_colors_info=&#8221;{}&#8221;][et_pb_row _builder_version=&#8221;4.16&#8243; _module_preset=&#8221;default&#8221; width=&#8221;95.3%&#8221; width_tablet=&#8221;80%&#8221; width_phone=&#8221;80%&#8221; width_last_edited=&#8221;on|phone&#8221; max_width=&#8221;100%&#8221; custom_padding=&#8221;0px||17px|||&#8221; border_width_bottom=&#8221;3px&#8221; saved_tabs=&#8221;all&#8221; global_colors_info=&#8221;{}&#8221;][et_pb_column type=&#8221;4_4&#8243; _builder_version=&#8221;4.16&#8243; _module_preset=&#8221;default&#8221; global_colors_info=&#8221;{}&#8221;][dipl_breadcrumb breadcrumb_layout=&#8221;layout2&#8243; separator_text=&#8221;\/&#8221; separator_size=&#8221;19px&#8221; use_home_link_custom_text=&#8221;off&#8221; _builder_version=&#8221;4.16&#8243; _module_preset=&#8221;default&#8221; text_font=&#8221;|600|||||||&#8221; text_text_color=&#8221;#000000&#8243; link_font=&#8221;|700|||||||&#8221; custom_padding=&#8221;2%||||false|false&#8221; global_colors_info=&#8221;{}&#8221;][\/dipl_breadcrumb][\/et_pb_column][\/et_pb_row][\/et_pb_section][et_pb_section fb_built=&#8221;1&#8243; _builder_version=&#8221;4.16&#8243; _module_preset=&#8221;default&#8221; custom_padding=&#8221;|0px|10%|0px|false|false&#8221; animation_style=&#8221;slide&#8221; animation_direction=&#8221;bottom&#8221; animation_delay=&#8221;300ms&#8221; animation_intensity_slide=&#8221;10%&#8221; scroll_vertical_motion=&#8221;0|50|50|100|3.5|0|-1&#8243; scroll_horizontal_motion=&#8221;0|50|50|100|3|0|-1&#8243; global_colors_info=&#8221;{}&#8221;][et_pb_row column_structure=&#8221;3_4,1_4&#8243; _builder_version=&#8221;4.16&#8243; _module_preset=&#8221;default&#8221; z_index=&#8221;2&#8243; custom_padding=&#8221;5%||0%||false|false&#8221; animation_direction=&#8221;right&#8221; scroll_vertical_motion=&#8221;0|50|50|100|3|0|-1&#8243; scroll_horizontal_motion=&#8221;0|50|50|100|-3|0|1&#8243; motion_trigger_start=&#8221;bottom&#8221; global_colors_info=&#8221;{}&#8221;][et_pb_column type=&#8221;3_4&#8243; _builder_version=&#8221;4.16&#8243; _module_preset=&#8221;default&#8221; global_colors_info=&#8221;{}&#8221;][et_pb_text _builder_version=&#8221;4.16&#8243; _module_preset=&#8221;default&#8221; header_font_size=&#8221;5vw&#8221; header_letter_spacing=&#8221;-2px&#8221; header_line_height=&#8221;0.9em&#8221; custom_margin=&#8221;||3%||false|false&#8221; animation_style=&#8221;slide&#8221; animation_direction=&#8221;bottom&#8221; animation_intensity_slide=&#8221;10%&#8221; scroll_vertical_motion=&#8221;0|50|50|100|3|0|-1&#8243; scroll_horizontal_motion=&#8221;0|50|50|100|-2|0|1&#8243; text_font_size_tablet=&#8221;&#8221; text_font_size_phone=&#8221;&#8221; text_font_size_last_edited=&#8221;on|phone&#8221; header_font_size_tablet=&#8221;68px&#8221; header_font_size_phone=&#8221;40px&#8221; header_font_size_last_edited=&#8221;on|desktop&#8221; header_letter_spacing_tablet=&#8221;0px&#8221; header_letter_spacing_phone=&#8221;0px&#8221; header_letter_spacing_last_edited=&#8221;on|desktop&#8221; global_colors_info=&#8221;{}&#8221;]<\/p>\n<h1 style=\"text-align: left;\"> Netiquette <\/h1>\n<p>[\/et_pb_text][\/et_pb_column][et_pb_column type=&#8221;1_4&#8243; _builder_version=&#8221;4.16&#8243; _module_preset=&#8221;default&#8221; global_colors_info=&#8221;{}&#8221;][\/et_pb_column][\/et_pb_row][et_pb_row column_structure=&#8221;1_2,1_2&#8243; _builder_version=&#8221;4.16&#8243; _module_preset=&#8221;default&#8221; z_index=&#8221;2&#8243; custom_padding=&#8221;0%||0%||false|false&#8221; animation_direction=&#8221;right&#8221; scroll_vertical_motion=&#8221;0|50|50|100|3|0|-1&#8243; scroll_horizontal_motion=&#8221;0|50|50|100|-3|0|1&#8243; motion_trigger_start=&#8221;bottom&#8221; global_colors_info=&#8221;{}&#8221;][et_pb_column type=&#8221;1_2&#8243; _builder_version=&#8221;4.16&#8243; _module_preset=&#8221;default&#8221; global_colors_info=&#8221;{}&#8221;][et_pb_text _builder_version=&#8221;4.21.0&#8243; _module_preset=&#8221;default&#8221; text_font_size=&#8221;16px&#8221; text_line_height=&#8221;1.3em&#8221; header_font_size=&#8221;34px&#8221; header_3_font_size=&#8221;30px&#8221; custom_padding=&#8221;|0.6%||0%|false|false&#8221; scroll_horizontal_motion=&#8221;0|50|50|100|3|0|-1&#8243; hover_enabled=&#8221;0&#8243; header_font_size_tablet=&#8221;34px&#8221; header_font_size_phone=&#8221;34px&#8221; header_font_size_last_edited=&#8221;on|desktop&#8221; header_3_font_size_tablet=&#8221;30px&#8221; header_3_font_size_phone=&#8221;23px&#8221; header_3_font_size_last_edited=&#8221;on|phone&#8221; global_colors_info=&#8221;{}&#8221; sticky_enabled=&#8221;0&#8243;]<\/p>\n<p class=\"p1\"><span class=\"s1\"> Ch\u00ebsta plata web tematis\u00ebia l&#8217;autonomia dl S\u00fcdtirol y la conviv\u00ebnza dla popolaziun tla provinzia. L&#8217;Azi\u00ebnda Museums provinziai \u00f3 prom\u00f6ie l&#8217;incuntada y le barat, y t\u00ebgn d\u00ebr s\u00f6n le fat che ch\u00ebsc v\u00ebgnes adald\u00e9 cun stima y respet. Porch\u00ebl publicunse ci che v\u00ebgn scrit imporm\u00f3 do che nosta redaziun ti \u00e1 ciar\u00e9 ai tes\u0107 por ci che reverda contign\u00fcs descrimin\u00ebnc y dejonor\u00ebnc. Canche i scri\u00ebis comentars y articui Ves periunse bel da Ves tign\u00ed ales regoles de manira y coret\u00ebza. <\/span><\/p>\n<h4 class=\"p1\"><strong><span class=\"s1\"><\/span><\/strong><\/h4>\n<h4 class=\"p1\"><strong><span class=\"s1\"> Chisc \u00e9 i criters che i aplicun denanche m\u00ebte online n comentar o n articul: <\/span><\/strong><\/h4>\n<p class=\"p1\"><span class=\"s1\"><b><\/b><\/span><\/p>\n<p class=\"p1\"><span class=\"s1\"><b>Scriede cun respet y cherianza<br \/>\n<\/b><\/span><span class=\"s1\"> Comportesse te \u00fcsc articui cun respet y cordialit\u00e9 insci\u00f6 sci\u00f6che Os inst\u00ebsc\/inst\u00ebsses oresses gn\u00ed trat\u00e1\/tratades. I ne publicun nia articui cun espresciuns de descriminaziun sessuala, razistes, estremistes, che deprij\u00ebia la dignit\u00e9 dla porsona, esalt\u00ebia la viol\u00ebnza, o iudich\u00ebia mal o of\u00ebnn grups linguistics o d&#8217;atri grups. <\/span><\/p>\n<p class=\"p1\"><span class=\"s1\"><b><\/b><\/span><\/p>\n<p class=\"p1\"><span class=\"s1\"><b> Fajede comentars en referim\u00ebnt ala tematica  <span class=\"Apple-converted-space\"><br \/>\n<\/span><\/b><\/span><span class=\"s1\"> I articui o i comentars dess se refer\u00ed te na manira tlera al tema dl&#8217;autonomia dl S\u00fcdtirol o al&#8217;autonomia.  <span class=\"Apple-converted-space\">\u00a0<\/span><\/span><\/p>\n<p class=\"p2\"><span class=\"s1\"><\/span><\/p>\n<p class=\"p1\"><span class=\"s1\"><b>Respetede la privacy<br \/>\n<\/b><\/span><span class=\"s1\"> I ne publicun deg\u00fcgn comentars che cont\u00ebgn dac referis a porsones, dantad\u00f6t sce ara se trata de dac de d&#8217;atres porsones. <\/span><\/p>\n<p class=\"p2\"><span class=\"s1\"><\/span><\/p>\n<p class=\"p1\"><span class=\"s1\"><b>Tignide s\u00f6n Osta minunga<br \/>\n<\/b><\/span><span class=\"s1\"> L&#8217;Azi\u00ebnda Museums provinziai invi\u00ebia les anuzad\u00ebsses y i anuzadus da ador\u00e9 so inom por intier, mo azet\u00ebia samb\u00ebgn sce al nen v\u00ebgn ma tut un di dui (p.ej. ma l&#8217;inom, ma le cognom o l&#8217;inom cun l&#8217;iniziala dl cognom). Por prinzip ne v\u00ebgnel nia conzed\u00fc da ador\u00e9 pseudonims. <\/span><\/p>\n<p>[\/et_pb_text][\/et_pb_column][et_pb_column type=&#8221;1_2&#8243; _builder_version=&#8221;4.16&#8243; _module_preset=&#8221;default&#8221; global_colors_info=&#8221;{}&#8221;][\/et_pb_column][\/et_pb_row][\/et_pb_section]<\/p>\n","protected":false},"excerpt":{"rendered":"<p><div class=\"et_pb_module dipl_breadcrumb dipl_breadcrumb_0\">\n\t\t\t\t\n\t\t\t\t\n\t\t\t\t\n\t\t\t\t\n\t\t\t\t\n\t\t\t\t\n\t\t\t\t<div class=\"et_pb_module_inner\">\n\t\t\t\t\t<div class=\"dipl-breadcrumb-wrapper layout2\">\n\t\t\t\t<ol class=\"dipl-breadcrumb-inner\" vocab=\"https:\/\/schema.org\/\" typeof=\"BreadcrumbList\">\n\t\t\t\t\t<li property=\"itemListElement\" typeof=\"ListItem\" data-icon=\"&#x24;\">\n\t\t\t\t\t\t\t\t<a class=\"breadcrumb-item dipl-home-page\" href=\"https:\/\/autonomiae.bz.it\/ld\/\" property=\"item\" typeof=\"WebPage\" >\n\t\t\t\t\t\t\t\t\t<span class=\"breadcrumb-page\" property=\"name\">Home<\/span>\n\t\t\t\t\t\t\t\t<\/a>\n\t\t\t\t\t\t\t\t<meta property=\"position\" content=\"1\" \/>\n\t\t\t\t\t\t\t<\/li>\n\t\t\t\t<\/ol>\n\t\t\t<\/div>\n\t\t\t\t<\/div>\n\t\t\t<\/div> Netiquette Ch\u00ebsta plata web tematis\u00ebia l&#8217;autonomia dl S\u00fcdtirol y la conviv\u00ebnza dla popolaziun tla provinzia. L&#8217;Azi\u00ebnda Museums provinziai \u00f3 prom\u00f6ie l&#8217;incuntada y le barat, y t\u00ebgn d\u00ebr s\u00f6n le fat che ch\u00ebsc v\u00ebgnes adald\u00e9 cun stima y respet. Porch\u00ebl publicunse ci che v\u00ebgn [&hellip;]<\/p>\n","protected":false},"author":2,"featured_media":0,"parent":0,"menu_order":0,"comment_status":"closed","ping_status":"closed","template":"","meta":{"_et_pb_use_builder":"on","_et_pb_old_content":"","_et_gb_content_width":"","footnotes":""},"class_list":["post-3308","page","type-page","status-publish","hentry"],"_links":{"self":[{"href":"https:\/\/autonomiae.bz.it\/ld\/wp-json\/wp\/v2\/pages\/3308","targetHints":{"allow":["GET"]}}],"collection":[{"href":"https:\/\/autonomiae.bz.it\/ld\/wp-json\/wp\/v2\/pages"}],"about":[{"href":"https:\/\/autonomiae.bz.it\/ld\/wp-json\/wp\/v2\/types\/page"}],"author":[{"embeddable":true,"href":"https:\/\/autonomiae.bz.it\/ld\/wp-json\/wp\/v2\/users\/2"}],"replies":[{"embeddable":true,"href":"https:\/\/autonomiae.bz.it\/ld\/wp-json\/wp\/v2\/comments?post=3308"}],"version-history":[{"count":0,"href":"https:\/\/autonomiae.bz.it\/ld\/wp-json\/wp\/v2\/pages\/3308\/revisions"}],"wp:attachment":[{"href":"https:\/\/autonomiae.bz.it\/ld\/wp-json\/wp\/v2\/media?parent=3308"}],"curies":[{"name":"wp","href":"https:\/\/api.w.org\/{rel}","templated":true}]}}