{"id":3053,"date":"2022-06-23T10:05:38","date_gmt":"2022-06-23T08:05:38","guid":{"rendered":"https:\/\/autonomiae.bz.it\/autonomo\/"},"modified":"2023-08-21T12:03:48","modified_gmt":"2023-08-21T10:03:48","slug":"autonom","status":"publish","type":"page","link":"https:\/\/autonomiae.bz.it\/ld\/autonom\/","title":{"rendered":"Autonom?"},"content":{"rendered":"<p>[et_pb_section fb_built=&#8221;1&#8243; _builder_version=&#8221;4.16&#8243; _module_preset=&#8221;default&#8221; z_index=&#8221;10&#8243; custom_padding=&#8221;0px|0px|0px|0px|false|false&#8221; global_colors_info=&#8221;{}&#8221;][et_pb_row _builder_version=&#8221;4.16&#8243; _module_preset=&#8221;default&#8221; width=&#8221;95.3%&#8221; width_tablet=&#8221;80%&#8221; width_phone=&#8221;80%&#8221; width_last_edited=&#8221;on|phone&#8221; max_width=&#8221;100%&#8221; custom_padding=&#8221;0px||17px|||&#8221; border_width_bottom=&#8221;3px&#8221; saved_tabs=&#8221;all&#8221; global_colors_info=&#8221;{}&#8221;][et_pb_column type=&#8221;4_4&#8243; _builder_version=&#8221;4.16&#8243; _module_preset=&#8221;default&#8221; global_colors_info=&#8221;{}&#8221;][dipl_breadcrumb breadcrumb_layout=&#8221;layout2&#8243; separator_text=&#8221;\/&#8221; separator_size=&#8221;19px&#8221; use_home_link_custom_text=&#8221;off&#8221; _builder_version=&#8221;4.16&#8243; _module_preset=&#8221;default&#8221; text_font=&#8221;|600|||||||&#8221; text_text_color=&#8221;#000000&#8243; link_font=&#8221;|700|||||||&#8221; custom_padding=&#8221;2%||||false|false&#8221; global_colors_info=&#8221;{}&#8221;][\/dipl_breadcrumb][\/et_pb_column][\/et_pb_row][\/et_pb_section][et_pb_section fb_built=&#8221;1&#8243; _builder_version=&#8221;4.16&#8243; _module_preset=&#8221;default&#8221; custom_padding=&#8221;0%|0px|0px|0px|false|false&#8221; animation_style=&#8221;fade&#8221; animation_delay=&#8221;300ms&#8221; scroll_vertical_motion=&#8221;0|50|50|100|2|0|-1&#8243; scroll_horizontal_motion=&#8221;0|50|50|100|3|0|-1&#8243; global_colors_info=&#8221;{}&#8221;][et_pb_row column_structure=&#8221;2_5,3_5&#8243; _builder_version=&#8221;4.16&#8243; _module_preset=&#8221;default&#8221; z_index=&#8221;2&#8243; custom_padding=&#8221;5%||0%||false|false&#8221; animation_direction=&#8221;right&#8221; scroll_vertical_motion=&#8221;0|50|50|100|3|0|-1&#8243; scroll_horizontal_motion_enable=&#8221;off&#8221; scroll_horizontal_motion=&#8221;0|50|50|100|-3|0|1&#8243; motion_trigger_start=&#8221;bottom&#8221; global_colors_info=&#8221;{}&#8221;][et_pb_column type=&#8221;2_5&#8243; _builder_version=&#8221;4.16&#8243; _module_preset=&#8221;default&#8221; global_colors_info=&#8221;{}&#8221;][\/et_pb_column][et_pb_column type=&#8221;3_5&#8243; _builder_version=&#8221;4.16&#8243; _module_preset=&#8221;default&#8221; global_colors_info=&#8221;{}&#8221;][et_pb_text _builder_version=&#8221;4.21.0&#8243; _module_preset=&#8221;default&#8221; header_font_size=&#8221;6vw&#8221; header_letter_spacing=&#8221;-2px&#8221; header_line_height=&#8221;0.9em&#8221; animation_style=&#8221;slide&#8221; animation_direction=&#8221;bottom&#8221; animation_intensity_slide=&#8221;10%&#8221; scroll_vertical_motion=&#8221;0|50|50|100|3|0|-1&#8243; scroll_horizontal_motion=&#8221;0|50|50|100|-2|0|1&#8243; text_font_size_tablet=&#8221;&#8221; text_font_size_phone=&#8221;&#8221; text_font_size_last_edited=&#8221;on|phone&#8221; header_font_size_tablet=&#8221;68px&#8221; header_font_size_phone=&#8221;40px&#8221; header_font_size_last_edited=&#8221;on|desktop&#8221; header_letter_spacing_tablet=&#8221;0px&#8221; header_letter_spacing_phone=&#8221;0px&#8221; header_letter_spacing_last_edited=&#8221;on|desktop&#8221; global_colors_info=&#8221;{}&#8221;]<\/p>\n<h1 style=\"text-align: left;\">Autonom?<\/h1>\n<p>[\/et_pb_text][et_pb_text _builder_version=&#8221;4.21.0&#8243; _module_preset=&#8221;default&#8221; text_font_size=&#8221;16px&#8221; text_line_height=&#8221;1.3em&#8221; header_font_size=&#8221;34px&#8221; header_3_font_size=&#8221;30px&#8221; custom_padding=&#8221;|10%||0%|false|false&#8221; scroll_horizontal_motion=&#8221;0|50|50|100|3|0|-1&#8243; header_font_size_tablet=&#8221;34px&#8221; header_font_size_phone=&#8221;34px&#8221; header_font_size_last_edited=&#8221;on|desktop&#8221; header_3_font_size_tablet=&#8221;30px&#8221; header_3_font_size_phone=&#8221;23px&#8221; header_3_font_size_last_edited=&#8221;on|phone&#8221; global_colors_info=&#8221;{}&#8221;]<\/p>\n<h3 class=\"p1\"><b>Te n monn comples \u00e9 l\u2019autonomia nezesciariam\u00ebnter limitada. Deg\u00fcgn, no na provinzia no n stat, ne vir ma por se inst\u00ebs, mo \u00e9 na pert de val\u2019 de mai\u00fa.<span class=\"Apple-converted-space\">\u00a0<\/span><\/h3>\n<p>[\/et_pb_text][et_pb_icon font_icon=&#8221;&#xf58f;||fa||900&#8243; icon_width=&#8221;25px&#8221; align=&#8221;left&#8221; disabled_on=&#8221;on|on|on&#8221; _builder_version=&#8221;4.16&#8243; _module_preset=&#8221;default&#8221; custom_margin=&#8221;||8px|||&#8221; custom_css_main_element=&#8221;display: block;||float: left;&#8221; disabled=&#8221;on&#8221; global_colors_info=&#8221;{}&#8221;][\/et_pb_icon][et_pb_text disabled_on=&#8221;on|on|on&#8221; _builder_version=&#8221;4.16&#8243; _module_preset=&#8221;default&#8221; text_font_size=&#8221;16px&#8221; text_line_height=&#8221;1.3em&#8221; header_font_size=&#8221;34px&#8221; header_3_font_size=&#8221;30px&#8221; custom_margin=&#8221;||3px|||&#8221; custom_padding=&#8221;5px|10%||38px|false|false&#8221; scroll_horizontal_motion=&#8221;0|50|50|100|3|0|-1&#8243; header_font_size_tablet=&#8221;34px&#8221; header_font_size_phone=&#8221;34px&#8221; header_font_size_last_edited=&#8221;on|desktop&#8221; header_3_font_size_tablet=&#8221;30px&#8221; header_3_font_size_phone=&#8221;23px&#8221; header_3_font_size_last_edited=&#8221;on|phone&#8221; disabled=&#8221;on&#8221; global_colors_info=&#8221;{}&#8221;]<\/p>\n<h4 class=\"p1\"><strong>Ascolta il podcast\u00a0 |\u00a0 <\/strong>durata 3 min<\/h4>\n<p>[\/et_pb_text][et_pb_audio audio=&#8221;https:\/\/autonomiae.bz.it\/wp-content\/uploads\/2022\/06\/Italiano-Giorgia-Lazzaretto-.mp3&#8243; disabled_on=&#8221;on|on|on&#8221; _builder_version=&#8221;4.16&#8243; _module_preset=&#8221;default&#8221; background_enable_color=&#8221;off&#8221; custom_padding=&#8221;3px|0px||0px||&#8221; disabled=&#8221;on&#8221; global_colors_info=&#8221;{}&#8221;][\/et_pb_audio][\/et_pb_column][\/et_pb_row][\/et_pb_section][et_pb_section fb_built=&#8221;1&#8243; _builder_version=&#8221;4.21.0&#8243; _module_preset=&#8221;default&#8221; z_index=&#8221;0&#8243; custom_margin=&#8221;0px||||false|false&#8221; custom_padding=&#8221;8.2%||10%||false|false&#8221; scroll_vertical_motion=&#8221;0|50|50|100|1|0|-1&#8243; scroll_horizontal_motion_enable=&#8221;on&#8221; scroll_horizontal_motion=&#8221;0|50|50|100|1|0|-2&#8243; scroll_horizontal_motion_tablet=&#8221;0|50|50|100|-1|0|0&#8243; scroll_horizontal_motion_phone=&#8221;0|50|50|100|0|0|0&#8243; scroll_horizontal_motion_last_edited=&#8221;on|phone&#8221; global_colors_info=&#8221;{}&#8221;][et_pb_row column_structure=&#8221;1_3,1_3,1_3&#8243; _builder_version=&#8221;4.16&#8243; _module_preset=&#8221;default&#8221; background_image=&#8221;https:\/\/autonomiae.bz.it\/wp-content\/uploads\/2022\/02\/I-1.svg&#8221; background_size=&#8221;contain&#8221; custom_padding=&#8221;10%||10%||false|false&#8221; global_colors_info=&#8221;{}&#8221;][et_pb_column type=&#8221;1_3&#8243; _builder_version=&#8221;4.16&#8243; _module_preset=&#8221;default&#8221; global_colors_info=&#8221;{}&#8221;][et_pb_text _builder_version=&#8221;4.21.0&#8243; _module_preset=&#8221;default&#8221; text_font_size=&#8221;16px&#8221; text_line_height=&#8221;1.3em&#8221; header_3_font_size=&#8221;30px&#8221; custom_padding=&#8221;|10%||0%|false|false&#8221; scroll_horizontal_motion=&#8221;0|50|50|100|3|0|-1&#8243; header_3_font_size_tablet=&#8221;30px&#8221; header_3_font_size_phone=&#8221;23px&#8221; header_3_font_size_last_edited=&#8221;on|phone&#8221; global_colors_info=&#8221;{}&#8221;]<\/p>\n<h3 class=\"p1\"><span class=\"s1\">Le S\u00fcdtirol, n punt s\u00f6n la cherta dl monn. Gnanca l\u2019autonomia pl\u00fc ampla ne d\u00e1 l\u2019independ\u00ebnza.<\/span><\/h3>\n<p><span class=\"s1\"><\/span><\/p>\n<p class=\"p1\"><span class=\"s1\">Le stat def\u00ebnn s\u00fc interesc nazionai, les normes dl\u2018UE anterv\u00ebgn te tr\u00f6c raiuns de vita, i svilups internazionai influenz\u00ebia d\u00f6t. Ch\u00ebsc n\u2019\u00e9 nia de n\u00fc: sot i Asburgs val\u00f4l chil\u00f3 da nos les deliberaziuns de Viena, do la Gran vera tol\u00f4 les pot\u00ebnzes mondiales les dezijiuns s\u00f6n le S\u00fcdtirol, s\u00fca autonomia v\u00ebgn da contrac internazionai. Pro les ressoluziuns dles NU dl 1960\/1961 \u00e9 la solidariet\u00e9 por le S\u00fcdtirol de stac dalunc, sci\u00f6che Ziper, Afganistan y stac nia alini\u00e1 dl\u2018Africa, stada determinanta.<span class=\"Apple-converted-space\">\u00a0<\/span><\/span><\/p>\n<p>[\/et_pb_text][\/et_pb_column][et_pb_column type=&#8221;1_3&#8243; _builder_version=&#8221;4.16&#8243; _module_preset=&#8221;default&#8221; global_colors_info=&#8221;{}&#8221;][\/et_pb_column][et_pb_column type=&#8221;1_3&#8243; _builder_version=&#8221;4.16&#8243; _module_preset=&#8221;default&#8221; global_colors_info=&#8221;{}&#8221;][\/et_pb_column][\/et_pb_row][\/et_pb_section][et_pb_section fb_built=&#8221;1&#8243; custom_padding_last_edited=&#8221;on|phone&#8221; module_id=&#8221;mappa&#8221; _builder_version=&#8221;4.22.1&#8243; _module_preset=&#8221;default&#8221; background_color=&#8221;#c4081b&#8221; background_image=&#8221;https:\/\/autonomiae.bz.it\/wp-content\/uploads\/2023\/08\/world-2.png&#8221; background_position=&#8221;top_center&#8221; z_index=&#8221;0&#8243; custom_margin=&#8221;0px||||false|false&#8221; custom_padding=&#8221;1.4%||1.8%||false|false&#8221; custom_padding_tablet=&#8221;1.4%||1.8%||false|false&#8221; custom_padding_phone=&#8221;15%||15%||false|false&#8221; filter_saturate=&#8221;101%&#8221; filter_brightness=&#8221;99%&#8221; scroll_scaling=&#8221;0|50|50|100|100%|100|110%&#8221; motion_trigger_start=&#8221;top&#8221; hover_enabled=&#8221;0&#8243; global_colors_info=&#8221;{}&#8221; title_text=&#8221;world&#8221; sticky_enabled=&#8221;0&#8243;][et_pb_row column_structure=&#8221;1_3,1_3,1_3&#8243; _builder_version=&#8221;4.22.1&#8243; _module_preset=&#8221;default&#8221; background_enable_image=&#8221;off&#8221; background_size=&#8221;contain&#8221; width=&#8221;95%&#8221; custom_padding=&#8221;15%|5%|22.7%|5%|false|false&#8221; scroll_vertical_motion=&#8221;0|50|50|100|-1|0|3&#8243; scroll_scaling=&#8221;0|50|50|100|80%|100|100&#8243; hover_enabled=&#8221;0&#8243; global_colors_info=&#8221;{}&#8221; sticky_enabled=&#8221;0&#8243;][et_pb_column type=&#8221;1_3&#8243; _builder_version=&#8221;4.16&#8243; _module_preset=&#8221;default&#8221; global_colors_info=&#8221;{}&#8221;][et_pb_text _builder_version=&#8221;4.21.0&#8243; _module_preset=&#8221;default&#8221; text_font_size=&#8221;16px&#8221; text_line_height=&#8221;1.3em&#8221; header_3_font_size=&#8221;30px&#8221; custom_padding=&#8221;|10%||0%|false|false&#8221; scroll_horizontal_motion=&#8221;0|50|50|100|3|0|-1&#8243; header_3_font_size_tablet=&#8221;30px&#8221; header_3_font_size_phone=&#8221;19px&#8221; header_3_font_size_last_edited=&#8221;on|phone&#8221; global_colors_info=&#8221;{}&#8221;]<\/p>\n<h3 class=\"p1\"><span style=\"color: #ffffff;\"><span class=\"s1\">Le decurs dl monn ne s\u2019archita nia dan da n raiun autonom. Dal\u2019atra pert: val\u2019 limitaziuns dl\u2019autonomia v\u00e1 deboj\u00ebgn. I limic por la sanit\u00e9 y l\u2019ambi\u00ebnt, les normes de segur\u00ebza, i d\u00ebrc fondamentai mant\u00ebgn ma s\u00fca faziun sce ai st\u00e1 sura i interesc locai.<\/span><span class=\"Apple-converted-space\">\u00a0<\/span><\/span><\/h3>\n<p>[\/et_pb_text][\/et_pb_column][et_pb_column type=&#8221;1_3&#8243; _builder_version=&#8221;4.16&#8243; _module_preset=&#8221;default&#8221; global_colors_info=&#8221;{}&#8221;][et_pb_text _builder_version=&#8221;4.21.0&#8243; _module_preset=&#8221;default&#8221; text_font_size=&#8221;16px&#8221; text_line_height=&#8221;1.3em&#8221; header_2_text_color=&#8221;#ffffff&#8221; header_2_font_size=&#8221;20px&#8221; header_2_line_height=&#8221;1.2em&#8221; header_3_font_size=&#8221;30px&#8221; custom_padding=&#8221;|10%||0%|false|false&#8221; scroll_horizontal_motion=&#8221;0|50|50|100|3|0|-1&#8243; header_3_font_size_tablet=&#8221;30px&#8221; header_3_font_size_phone=&#8221;19px&#8221; header_3_font_size_last_edited=&#8221;on|phone&#8221; global_colors_info=&#8221;{}&#8221;]<\/p>\n<h2>Mudam\u00ebnt climatich<br \/>Cor\u00ebnta dl Golf<br \/>Cybercriminalit\u00e9<br \/>Pandemia<br \/>Raiun de Schengen<br \/>Acordanza s\u00f6n le comerz l\u00ebde<br \/>Interesc nazionai<br \/>Cherta di d\u00ebrc umans<br \/>2004\/38\/EC<br \/>Norma DIN<br \/>Codesc stradal<br \/>World Wide Web<br \/>ISO<br \/>\u20ac<br \/>Natura 2000<br \/>Pat mondial por la migraziun<br \/>Convenziun internazionala <br \/>s\u00f6n i d\u00ebrc zivii y politics<\/h2>\n<p>[\/et_pb_text][\/et_pb_column][et_pb_column type=&#8221;1_3&#8243; _builder_version=&#8221;4.16&#8243; _module_preset=&#8221;default&#8221; global_colors_info=&#8221;{}&#8221;][et_pb_text _builder_version=&#8221;4.21.0&#8243; _module_preset=&#8221;default&#8221; text_font_size=&#8221;16px&#8221; text_line_height=&#8221;1.3em&#8221; header_2_font_size=&#8221;2.2vw&#8221; header_3_font_size=&#8221;30px&#8221; header_5_font=&#8221;|300|||||||&#8221; header_5_font_size=&#8221;15px&#8221; custom_padding=&#8221;|0%||0%|false|false&#8221; custom_padding_tablet=&#8221;|10%||10%|false|false&#8221; custom_padding_phone=&#8221;|15%||0%|false|false&#8221; custom_padding_last_edited=&#8221;on|phone&#8221; scroll_vertical_motion=&#8221;0|50|50|100|-1|0|0.5&#8243; scroll_horizontal_motion=&#8221;0|50|50|100|3|0|-1&#8243; header_2_font_size_tablet=&#8221;3.8vw&#8221; header_2_font_size_phone=&#8221;4vw&#8221; header_2_font_size_last_edited=&#8221;on|phone&#8221; header_3_font_size_tablet=&#8221;30px&#8221; header_3_font_size_phone=&#8221;23px&#8221; header_3_font_size_last_edited=&#8221;on|phone&#8221; global_colors_info=&#8221;{}&#8221;]<\/p>\n<p class=\"p1\"><span style=\"color: #ffffff;\">La cherta de Peters adorada chil\u00f3 p\u00eeta na rapresentaziun di contin\u00ebnc proporzionala a s\u00fca estenjiun. Al contrar dla mai\u00fa pert dles atres chertes dl monn mostrera la grand\u00ebza realistica dles sperses.<\/span><\/p>\n<p>[\/et_pb_text][\/et_pb_column][\/et_pb_row][\/et_pb_section]<\/p>\n","protected":false},"excerpt":{"rendered":"<p><div class=\"et_pb_module dipl_breadcrumb dipl_breadcrumb_0\">\n\t\t\t\t\n\t\t\t\t\n\t\t\t\t\n\t\t\t\t\n\t\t\t\t\n\t\t\t\t\n\t\t\t\t<div class=\"et_pb_module_inner\">\n\t\t\t\t\t<div class=\"dipl-breadcrumb-wrapper layout2\">\n\t\t\t\t<ol class=\"dipl-breadcrumb-inner\" vocab=\"https:\/\/schema.org\/\" typeof=\"BreadcrumbList\">\n\t\t\t\t\t<li property=\"itemListElement\" typeof=\"ListItem\" data-icon=\"&#x24;\">\n\t\t\t\t\t\t\t\t<a class=\"breadcrumb-item dipl-home-page\" href=\"https:\/\/autonomiae.bz.it\/ld\/\" property=\"item\" typeof=\"WebPage\" >\n\t\t\t\t\t\t\t\t\t<span class=\"breadcrumb-page\" property=\"name\">Home<\/span>\n\t\t\t\t\t\t\t\t<\/a>\n\t\t\t\t\t\t\t\t<meta property=\"position\" content=\"1\" \/>\n\t\t\t\t\t\t\t<\/li>\n\t\t\t\t<\/ol>\n\t\t\t<\/div>\n\t\t\t\t<\/div>\n\t\t\t<\/div>Autonom?Te n monn comples \u00e9 l\u2019autonomia nezesciariam\u00ebnter limitada. Deg\u00fcgn, no na provinzia no n stat, ne vir ma por se inst\u00ebs, mo \u00e9 na pert de val\u2019 de mai\u00fa.\u00a0Ascolta il podcast\u00a0 |\u00a0 durata 3 minLe S\u00fcdtirol, n punt s\u00f6n la cherta dl monn. Gnanca [&hellip;]<\/p>\n","protected":false},"author":2,"featured_media":0,"parent":0,"menu_order":0,"comment_status":"closed","ping_status":"closed","template":"","meta":{"_et_pb_use_builder":"on","_et_pb_old_content":"","_et_gb_content_width":"","footnotes":""},"class_list":["post-3053","page","type-page","status-publish","hentry"],"_links":{"self":[{"href":"https:\/\/autonomiae.bz.it\/ld\/wp-json\/wp\/v2\/pages\/3053","targetHints":{"allow":["GET"]}}],"collection":[{"href":"https:\/\/autonomiae.bz.it\/ld\/wp-json\/wp\/v2\/pages"}],"about":[{"href":"https:\/\/autonomiae.bz.it\/ld\/wp-json\/wp\/v2\/types\/page"}],"author":[{"embeddable":true,"href":"https:\/\/autonomiae.bz.it\/ld\/wp-json\/wp\/v2\/users\/2"}],"replies":[{"embeddable":true,"href":"https:\/\/autonomiae.bz.it\/ld\/wp-json\/wp\/v2\/comments?post=3053"}],"version-history":[{"count":0,"href":"https:\/\/autonomiae.bz.it\/ld\/wp-json\/wp\/v2\/pages\/3053\/revisions"}],"wp:attachment":[{"href":"https:\/\/autonomiae.bz.it\/ld\/wp-json\/wp\/v2\/media?parent=3053"}],"curies":[{"name":"wp","href":"https:\/\/api.w.org\/{rel}","templated":true}]}}