{"id":3046,"date":"2022-06-23T08:02:48","date_gmt":"2022-06-23T06:02:48","guid":{"rendered":"https:\/\/autonomiae.bz.it\/identita\/"},"modified":"2023-07-17T17:01:47","modified_gmt":"2023-07-17T15:01:47","slug":"identite","status":"publish","type":"page","link":"https:\/\/autonomiae.bz.it\/ld\/identite\/","title":{"rendered":"Identit\u00e9"},"content":{"rendered":"<p>[et_pb_section fb_built=&#8221;1&#8243; _builder_version=&#8221;4.16&#8243; _module_preset=&#8221;default&#8221; z_index=&#8221;10&#8243; custom_padding=&#8221;0px|0px|0px|0px|false|false&#8221; global_colors_info=&#8221;{}&#8221;][et_pb_row _builder_version=&#8221;4.16&#8243; _module_preset=&#8221;default&#8221; width=&#8221;95.3%&#8221; width_tablet=&#8221;80%&#8221; width_phone=&#8221;80%&#8221; width_last_edited=&#8221;on|phone&#8221; max_width=&#8221;100%&#8221; custom_padding=&#8221;0px||17px|||&#8221; border_width_bottom=&#8221;3px&#8221; saved_tabs=&#8221;all&#8221; global_colors_info=&#8221;{}&#8221;][et_pb_column type=&#8221;4_4&#8243; _builder_version=&#8221;4.16&#8243; _module_preset=&#8221;default&#8221; global_colors_info=&#8221;{}&#8221;][dipl_breadcrumb breadcrumb_layout=&#8221;layout2&#8243; separator_text=&#8221;\/&#8221; separator_size=&#8221;19px&#8221; use_home_link_custom_text=&#8221;off&#8221; _builder_version=&#8221;4.16&#8243; _module_preset=&#8221;default&#8221; text_font=&#8221;|600|||||||&#8221; text_text_color=&#8221;#000000&#8243; link_font=&#8221;|700|||||||&#8221; custom_padding=&#8221;2%||||false|false&#8221; global_colors_info=&#8221;{}&#8221;][\/dipl_breadcrumb][\/et_pb_column][\/et_pb_row][\/et_pb_section][et_pb_section fb_built=&#8221;1&#8243; _builder_version=&#8221;4.16&#8243; _module_preset=&#8221;default&#8221; custom_padding=&#8221;0%|0px|0px|0px|false|false&#8221; animation_style=&#8221;fade&#8221; animation_delay=&#8221;300ms&#8221; scroll_vertical_motion=&#8221;0|50|50|100|2|0|-1&#8243; scroll_horizontal_motion=&#8221;0|50|50|100|3|0|-1&#8243; global_colors_info=&#8221;{}&#8221;][et_pb_row column_structure=&#8221;2_5,3_5&#8243; _builder_version=&#8221;4.16&#8243; _module_preset=&#8221;default&#8221; z_index=&#8221;2&#8243; custom_padding=&#8221;5%||0%||false|false&#8221; animation_direction=&#8221;right&#8221; scroll_vertical_motion=&#8221;0|50|50|100|3|0|-1&#8243; scroll_horizontal_motion_enable=&#8221;on&#8221; scroll_horizontal_motion=&#8221;0|50|50|100|-3|0|1&#8243; scroll_horizontal_motion_tablet=&#8221;0|50|50|100|-3|0|1&#8243; scroll_horizontal_motion_phone=&#8221;0|50|50|100|0.5|0|0&#8243; scroll_horizontal_motion_last_edited=&#8221;on|phone&#8221; global_colors_info=&#8221;{}&#8221;][et_pb_column type=&#8221;2_5&#8243; _builder_version=&#8221;4.16&#8243; _module_preset=&#8221;default&#8221; global_colors_info=&#8221;{}&#8221;][\/et_pb_column][et_pb_column type=&#8221;3_5&#8243; _builder_version=&#8221;4.16&#8243; _module_preset=&#8221;default&#8221; global_colors_info=&#8221;{}&#8221;][et_pb_text _builder_version=&#8221;4.21.0&#8243; _module_preset=&#8221;default&#8221; header_font_size=&#8221;6vw&#8221; header_letter_spacing=&#8221;-2px&#8221; header_line_height=&#8221;0.9em&#8221; animation_style=&#8221;slide&#8221; animation_direction=&#8221;bottom&#8221; animation_intensity_slide=&#8221;10%&#8221; scroll_vertical_motion=&#8221;0|50|50|100|3|0|-1&#8243; scroll_horizontal_motion=&#8221;0|50|50|100|-2|0|1&#8243; text_font_size_tablet=&#8221;&#8221; text_font_size_phone=&#8221;&#8221; text_font_size_last_edited=&#8221;on|phone&#8221; header_font_size_tablet=&#8221;68px&#8221; header_font_size_phone=&#8221;40px&#8221; header_font_size_last_edited=&#8221;on|desktop&#8221; header_letter_spacing_tablet=&#8221;0px&#8221; header_letter_spacing_phone=&#8221;0px&#8221; header_letter_spacing_last_edited=&#8221;on|desktop&#8221; global_colors_info=&#8221;{}&#8221;]<\/p>\n<h1 style=\"text-align: left;\">Identit\u00e9<\/h1>\n<p>[\/et_pb_text][et_pb_text _builder_version=&#8221;4.21.0&#8243; _module_preset=&#8221;default&#8221; text_font_size=&#8221;16px&#8221; text_line_height=&#8221;1.3em&#8221; header_font_size=&#8221;34px&#8221; header_3_font_size=&#8221;30px&#8221; custom_padding=&#8221;|10%||0%|false|false&#8221; scroll_horizontal_motion=&#8221;0|50|50|100|3|0|-1&#8243; header_font_size_tablet=&#8221;34px&#8221; header_font_size_phone=&#8221;34px&#8221; header_font_size_last_edited=&#8221;on|desktop&#8221; header_3_font_size_tablet=&#8221;30px&#8221; header_3_font_size_phone=&#8221;23px&#8221; header_3_font_size_last_edited=&#8221;on|phone&#8221; global_colors_info=&#8221;{}&#8221;]<\/p>\n<h3 class=\"p1\"><span class=\"s1\"><b>La parora identit\u00e9 v\u00ebgn adorada gonot tl S\u00fcdtirol porvia dla storia de ch\u00ebsta provinzia. L\u2019identit\u00e9 def\u00ebnn, renforza \u2013 y tl medemo t\u00ebmp limit\u00ebiera ince. Ne sunse nos d\u00fcc forsc nia de pl\u00fc co n teritore, n grup linguistich, na portign\u00ebnza culturala? Por t\u00f3 ca te na manira l\u00ebdia na zitaziun dl filosof Richard David Precht: Che este pa t\u00f6 \u2013 y tan de identit\u00e9s aste pa?<br \/>\n<\/span><\/h3>\n<p>[\/et_pb_text][\/et_pb_column][\/et_pb_row][et_pb_row column_structure=&#8221;3_5,2_5&#8243; _builder_version=&#8221;4.21.0&#8243; _module_preset=&#8221;default&#8221; z_index=&#8221;2&#8243; custom_padding=&#8221;5%||0%||false|false&#8221; animation_direction=&#8221;right&#8221; scroll_vertical_motion=&#8221;0|50|50|100|3|0|-1&#8243; scroll_horizontal_motion_enable=&#8221;on&#8221; scroll_horizontal_motion=&#8221;0|50|50|100|-3|0|1&#8243; scroll_horizontal_motion_tablet=&#8221;0|50|50|100|-3|0|1&#8243; scroll_horizontal_motion_phone=&#8221;0|50|50|100|0|0|0&#8243; scroll_horizontal_motion_last_edited=&#8221;on|phone&#8221; global_colors_info=&#8221;{}&#8221;][et_pb_column type=&#8221;3_5&#8243; _builder_version=&#8221;4.16&#8243; _module_preset=&#8221;default&#8221; global_colors_info=&#8221;{}&#8221;][et_pb_text module_id=&#8221;identita&#8221; _builder_version=&#8221;4.21.0&#8243; _module_preset=&#8221;default&#8221; text_font_size=&#8221;16px&#8221; text_line_height=&#8221;1.3em&#8221; header_4_text_color=&#8221;#FFFFFF&#8221; header_4_font_size=&#8221;3vw&#8221; custom_margin=&#8221;||4px|||&#8221; custom_padding=&#8221;0px|10%|22px|0%|false|false&#8221; scroll_horizontal_motion=&#8221;0|50|50|100|2|0|0&#8243; header_4_font_size_tablet=&#8221;5vw&#8221; header_4_font_size_phone=&#8221;12vw&#8221; header_4_font_size_last_edited=&#8221;on|phone&#8221; global_colors_info=&#8221;{}&#8221;]<\/p>\n<h4 style=\"text-align: left;\"><span style=\"color: #000000;\">Ci ciamps dla vita \u00e9 pa importanc por le sentim\u00ebnt de identit\u00e9?<br \/>\n<\/span><\/h4>\n<p>[\/et_pb_text][et_pb_divider divider_weight=&#8221;3px&#8221; _builder_version=&#8221;4.16&#8243; _module_preset=&#8221;default&#8221; custom_margin=&#8221;||-4px|||&#8221; animation_style=&#8221;slide&#8221; animation_direction=&#8221;left&#8221; animation_intensity_slide=&#8221;10%&#8221; global_colors_info=&#8221;{}&#8221;][\/et_pb_divider][et_pb_text _builder_version=&#8221;4.21.0&#8243; _module_preset=&#8221;default&#8221; global_colors_info=&#8221;{}&#8221;]<form\r\n\t\t\t\tid=\"forminator-module-3153\"\r\n\t\t\t\tclass=\"forminator-ui forminator-poll forminator-poll-3153 forminator-design--flat   forminator_ajax\"\r\n\t\t\t\tmethod=\"post\"\r\n\t\t\t\tdata-forminator-render=\"0\"\r\n\t\t\t\tdata-form-id=\"3153\"\r\n\t\t\t\t data-color-option=\"default\" data-design=\"flat\" style=\"display: none;\"\r\n\t\t\t\tdata-uid=\"69e5ba92f39d2\"\r\n\t\t\t><div role=\"alert\" aria-live=\"polite\" class=\"forminator-response-message\" aria-hidden=\"true\"><\/div><div class=\"forminator-poll-body\"><div role=\"radiogroup\" class=\"forminator-field\" aria-labelledby=\"forminator-poll-3153--title\"><label for=\"3153-0-answer-1\" class=\"forminator-radio\"><input id=\"3153-0-answer-1\" type=\"radio\" data-required=\"\" name=\"3153\" value=\"answer-1\"  \/><span class=\"forminator-radio-bullet\" aria-hidden=\"true\"><\/span><span class=\"forminator-radio-label\">Post de nasci\u00fcda<\/span><\/label><label for=\"3153-0-answer-2\" class=\"forminator-radio\"><input id=\"3153-0-answer-2\" type=\"radio\" data-required=\"\" name=\"3153\" value=\"answer-2\"  \/><span class=\"forminator-radio-bullet\" aria-hidden=\"true\"><\/span><span class=\"forminator-radio-label\">Lingaz<\/span><\/label><label for=\"3153-0-answer-3\" class=\"forminator-radio\"><input id=\"3153-0-answer-3\" type=\"radio\" data-required=\"\" name=\"3153\" value=\"answer-3\"  \/><span class=\"forminator-radio-bullet\" aria-hidden=\"true\"><\/span><span class=\"forminator-radio-label\">Profesciun<\/span><\/label><label for=\"3153-0-answer-4\" class=\"forminator-radio\"><input id=\"3153-0-answer-4\" type=\"radio\" data-required=\"\" name=\"3153\" value=\"answer-4\"  \/><span class=\"forminator-radio-bullet\" aria-hidden=\"true\"><\/span><span class=\"forminator-radio-label\">Ativit\u00e9 tl t\u00ebmp l\u00ebde<\/span><\/label><label for=\"3153-0-answer-5\" class=\"forminator-radio\"><input id=\"3153-0-answer-5\" type=\"radio\" data-required=\"\" name=\"3153\" value=\"answer-5\"  \/><span class=\"forminator-radio-bullet\" aria-hidden=\"true\"><\/span><span class=\"forminator-radio-label\">Situaziun de familia<\/span><\/label><label for=\"3153-0-answer-6\" class=\"forminator-radio\"><input id=\"3153-0-answer-6\" type=\"radio\" data-required=\"\" name=\"3153\" value=\"answer-6\"  \/><span class=\"forminator-radio-bullet\" aria-hidden=\"true\"><\/span><span class=\"forminator-radio-label\">Stereotips de g\u00ebnder<\/span><\/label><\/div><\/div><input type=\"hidden\" name=\"referer_url\" value=\"\" \/><div class=\"forminator-poll-footer forminator-poll--actions\"><button class=\"forminator-button forminator-button-submit\" ><span>Mand\u00e9<\/span><i class=\"forminator-icon-loader forminator-loading\" aria-hidden=\"true\"><\/i><\/button><\/div><input type=\"hidden\" id=\"forminator_nonce\" name=\"forminator_nonce\" value=\"f4cc673e46\" \/><input type=\"hidden\" name=\"_wp_http_referer\" value=\"\/ld\/wp-json\/wp\/v2\/pages\/3046\" \/><input type=\"hidden\" name=\"form_id\" value=\"3153\"><input type=\"hidden\" name=\"page_id\" value=\"3046\"><input type=\"hidden\" name=\"render_id\" value=\"0\"><input type=\"hidden\" name=\"action\" value=\"forminator_submit_form_poll\"><\/form>[\/et_pb_text][\/et_pb_column][et_pb_column type=&#8221;2_5&#8243; _builder_version=&#8221;4.16&#8243; _module_preset=&#8221;default&#8221; global_colors_info=&#8221;{}&#8221;][\/et_pb_column][\/et_pb_row][\/et_pb_section][et_pb_section fb_built=&#8221;1&#8243; _builder_version=&#8221;4.16&#8243; _module_preset=&#8221;default&#8221; z_index=&#8221;0&#8243; custom_margin=&#8221;0px||||false|false&#8221; custom_padding=&#8221;8.2%||1.2%||false|false&#8221; scroll_vertical_motion=&#8221;0|50|50|100|1|0|-1&#8243; scroll_horizontal_motion_enable=&#8221;on&#8221; scroll_horizontal_motion=&#8221;0|50|50|100|1|0|-2&#8243; scroll_horizontal_motion_tablet=&#8221;0|50|50|100|1|0|-2&#8243; scroll_horizontal_motion_phone=&#8221;0|50|50|100|1|0|-0.5&#8243; scroll_horizontal_motion_last_edited=&#8221;on|phone&#8221; global_colors_info=&#8221;{}&#8221;][et_pb_row column_structure=&#8221;3_4,1_4&#8243; _builder_version=&#8221;4.16&#8243; _module_preset=&#8221;default&#8221; background_image=&#8221;https:\/\/autonomiae.bz.it\/wp-content\/uploads\/2022\/02\/M.svg&#8221; background_size=&#8221;contain&#8221; background_position=&#8221;top_right&#8221; custom_padding=&#8221;8.4%||15%||false|false&#8221; global_colors_info=&#8221;{}&#8221;][et_pb_column type=&#8221;3_4&#8243; _builder_version=&#8221;4.16&#8243; _module_preset=&#8221;default&#8221; global_colors_info=&#8221;{}&#8221;][et_pb_text module_id=&#8221;identita&#8221; _builder_version=&#8221;4.21.0&#8243; _module_preset=&#8221;default&#8221; text_font_size=&#8221;16px&#8221; text_line_height=&#8221;1.3em&#8221; header_4_text_color=&#8221;#FFFFFF&#8221; header_4_font_size=&#8221;3vw&#8221; custom_margin=&#8221;||4px|||&#8221; custom_padding=&#8221;0px|10%|65px|0%|false|false&#8221; scroll_horizontal_motion=&#8221;0|50|50|100|2|0|0&#8243; header_4_font_size_tablet=&#8221;5vw&#8221; header_4_font_size_phone=&#8221;9vw&#8221; header_4_font_size_last_edited=&#8221;on|phone&#8221; global_colors_info=&#8221;{}&#8221;]<\/p>\n<h4 style=\"text-align: left;\"><span style=\"color: #000000;\">Che sunse pa nos \u201cpord\u00ebrt\u201d?<\/p>\n<p><\/span><\/h4>\n<p>[\/et_pb_text][et_pb_code module_class=&#8221;testo-quote&#8221; _builder_version=&#8221;4.21.0&#8243; _module_preset=&#8221;default&#8221; hover_enabled=&#8221;0&#8243; global_colors_info=&#8221;{}&#8221; sticky_enabled=&#8221;0&#8243;]<script language=\"JavaScript\"><!-- [et_pb_line_break_holder] --><!-- [et_pb_line_break_holder] -->var Quotation=new Array()<!-- [et_pb_line_break_holder] --><!-- [et_pb_line_break_holder] -->Quotation[0] = \"\u201cI t\u00ebgni dal Inter. Ci oste pa depl\u00fc?\u201d\" + \"<!\u2013- [et_pb_br_holder] -\u2013><!\u2013- [et_pb_br_holder] -\u2013>\" + \"\u201cCanche i baii cun imigranc jogn ti diji dagnora - ciarede da rov\u00e9 ite pro val' uniun, n iade che i s\u00ebis lapr\u00f3, gn\u00ebise azet\u00e1.\u201d\" + \"<!\u2013- [et_pb_br_holder] -\u2013><!\u2013- [et_pb_br_holder] -\u2013>\" + \"\u201cNos scizeri sun chil\u00f3 por rapresent\u00e9 nosc inciasa. Ch\u00ebsc \u00e9 b\u00ebgn identit\u00e9, o?\u201d\";<!-- [et_pb_line_break_holder] -->Quotation[1] = \"\u201cImpr\u00f6ma \u00e9l b\u00ebgn n p\u00fc' feter, te v\u00ebgnes tla Talia y foradenia te int\u00ebneste che chil\u00f3 \u00e9l d\u00f6t tod\u00ebsch.\u201d\" + \"<!\u2013- [et_pb_br_holder] -\u2013><!\u2013- [et_pb_br_holder] -\u2013>\" + \"\u201cPro le cor se deurel mi c\u00f6r, dail\u00f3 s\u00e1i ci che i sun.\u201d\" + \"<!\u2013- [et_pb_br_holder] -\u2013><!\u2013- [et_pb_br_holder] -\u2013>\" + \"\u201cLe grup de autoai\u00fct \u00e9 b\u00ebgn st\u00e9 important inlaota ... dail\u00f3 \u00e1i ciaf\u00e9 le coraje da ester me inst\u00ebsc.\u201d\";<!-- [et_pb_line_break_holder] -->Quotation[2] = \"\u201cSce te v\u00ebgnes chil\u00f3 adalerch dal Irak, o belanfat da ol\u00e1, \u00e9l sci\u00f6che sce te nascesses n secundo iade. Te m\u00ebsses impar\u00e9 d\u00f6t dan\u00fc, le lingaz, les regoles soziales y ince che che te es.\u201d\" + \"<!\u2013- [et_pb_br_holder] -\u2013><!\u2013- [et_pb_br_holder] -\u2013>\" + \"\u201cI sun scemplam\u00ebnter na tiroleja y sce i or\u00ebis le sav\u00ebi ciam\u00f3 pl\u00fc avisa, spo na s\u00fcdtiroleja. Y basta!\u201d\" + \"<!\u2013- [et_pb_br_holder] -\u2013><!\u2013- [et_pb_br_holder] -\u2013>\" + \"\u201cTres la medema domanda, sce i me s\u00ebnti pl\u00fc ch\u00ebl o ch\u00ebl ater, uffa. Ne v\u00e1ra nia mad\u00ebr da ester ch\u00ebra che an \u00e9.\u201d\";<!-- [et_pb_line_break_holder] -->Quotation[3] = \"\u201cI me s\u00ebnti pord\u00ebrt n talian, ciod\u00ed messessi pa me sint\u00ed atram\u00ebnter ma deache al vir ince tod\u00ebsc chil\u00f3?\u201d\" + \"<!\u2013- [et_pb_br_holder] -\u2013><!\u2013- [et_pb_br_holder] -\u2013>\" + \"\u201cChil\u00f3 gn\u00f4l p\u00f6 n iade bai\u00e9 indlunch ladin. Porch\u00ebl sunsi b\u00ebgn n p\u00fc\u2018 brauia da ester na badiota.\u201d\" + \"<!\u2013- [et_pb_br_holder] -\u2013><!\u2013- [et_pb_br_holder] -\u2013>\" + \"\u201cChe che ne respet\u00ebia nia les usanzes y les tradiziuns de nosta provinzia ne toca nia pro le S\u00fcdtirol.\u201d\";<!-- [et_pb_line_break_holder] -->Quotation[4] = \"\u201cI sun b\u00ebgn na taliana, mo na s\u00fcdtiroleja, de lingaz tod\u00ebsch, ch\u00ebl \u00f3 d\u00ed nia na d\u00ebrta taliana, mo gnanca na tod\u00ebscia dla Germania o dl'Austria, dl S\u00fcdtirol mefo.\u201d\" + \"<!\u2013- [et_pb_br_holder] -\u2013><!\u2013- [et_pb_br_holder] -\u2013>\" + \"\u201cTe ne pos pord\u00ebrt mai te mostr\u00e9 \u2026 veram\u00ebnter, insci\u00f6 sci\u00f6che t\u2018es, deache spo \u00e9l la j\u00ebnt che te ciara d\u00f6t feter.\u201d\" + \"<!\u2013- [et_pb_br_holder] -\u2013><!\u2013- [et_pb_br_holder] -\u2013>\" + \"\u201cI \u00e1 ador\u00e9 d\u00ee da d\u00e9 pro che i sun omosessual.\u201d\";<!-- [et_pb_line_break_holder] -->Quotation[5] = \"\u201cIdentit\u00e9? Ch\u00ebl \u00e9 le Texas, ch\u00ebl \u00e9 Milan, sce te sas ci che ch\u00ebl \u00f3 d\u00ed.\u201d\" + \"<!\u2013- [et_pb_br_holder] -\u2013><!\u2013- [et_pb_br_holder] -\u2013>\" + \"\u201cCi da r\u00ed, a Milan me s\u00ebnti pl\u00fclere tod\u00ebsch, a Viena pl\u00fctosc talian.\u201d\" + \"<!\u2013- [et_pb_br_holder] -\u2013><!\u2013- [et_pb_br_holder] -\u2013>\" + \"\u201cSce t\u00f6 ti dijes a zacai che t\u2019es ladin \u2013 spo m\u00ebsseste mefo ince ti spligh\u00e9 mesora alalungia ci che ch\u00ebl \u00f3 d\u00ed.\u201d\";<!-- [et_pb_line_break_holder] -->Quotation[6] = \"\u201cPro le pal\u00e9 t\u00ebgni dal FC Bayern, scen\u00f3 b\u00ebgn pl\u00fctosc dala Talia.\u201d\" + \"<!\u2013- [et_pb_br_holder] -\u2013><!\u2013- [et_pb_br_holder] -\u2013>\" + \"\u201cLa festa sot les laubes \u00e9 dagnora stada valch che ... t\u00ebgn ad\u00f6m d\u00f6t le paisc.\" + \"<!\u2013- [et_pb_br_holder] -\u2013><!\u2013- [et_pb_br_holder] -\u2013>\" + \"Scizeri, st\u00f6daf\u00fcch, musiga - i talians \u00e2 mefo ma l'Acli.\u201d\" + \"<!\u2013- [et_pb_br_holder] -\u2013><!\u2013- [et_pb_br_holder] -\u2013>\" + \"\u201cCanche i baii cun imigranc jogn ti diji dagnora - ciarede da rov\u00e9 ite pro val' uniun, n iade che i s\u00ebis lapr\u00f3, gn\u00ebise azet\u00e1\u201d\";<!-- [et_pb_line_break_holder] -->Quotation[7] = \"\u201cI sun te set uniuns. Ince ch\u00ebsc fej fora le S\u00fcdtirol.\u201d\" + \"<!\u2013- [et_pb_br_holder] -\u2013><!\u2013- [et_pb_br_holder] -\u2013>\" + \"\u201cIdentit\u00e9? Ch\u00ebl \u00e9 le Texas, ch\u00ebl \u00e9 Milan, sce te sas ci che ch\u00ebl \u00f3 d\u00ed.\u201d\" + \"<!\u2013- [et_pb_br_holder] -\u2013><!\u2013- [et_pb_br_holder] -\u2013>\" + \"\u201cCanche i \u00ea jonn ne pod\u00f4 che che n'\u00e2 nia trami i geniturs tod\u00ebsc nia j\u00ed pro i st\u00f6daf\u00fcch. I talians b\u00ebgn dald\u00f6tnenia. S\u00ebgn n'\u00e9ra nia pl\u00fc insci\u00f6.\u201d\";<!-- [et_pb_line_break_holder] --><!-- [et_pb_line_break_holder] --><!-- [et_pb_line_break_holder] -->var Q = Quotation.length;<!-- [et_pb_line_break_holder] -->var whichQuotation=Math.round(Math.random()*(Q-1));<!-- [et_pb_line_break_holder] -->function showQuotation(){document.write(Quotation[whichQuotation]);}<!-- [et_pb_line_break_holder] -->showQuotation();<!-- [et_pb_line_break_holder] --><\/script>[\/et_pb_code][\/et_pb_column][et_pb_column type=&#8221;1_4&#8243; _builder_version=&#8221;4.16&#8243; _module_preset=&#8221;default&#8221; global_colors_info=&#8221;{}&#8221;][\/et_pb_column][\/et_pb_row][\/et_pb_section][et_pb_section fb_built=&#8221;1&#8243; _builder_version=&#8221;4.16&#8243; _module_preset=&#8221;default&#8221; z_index=&#8221;0&#8243; custom_margin=&#8221;0px||||false|false&#8221; custom_padding=&#8221;1.4%||1.8%||false|false&#8221; global_colors_info=&#8221;{}&#8221;][et_pb_row column_structure=&#8221;1_3,1_3,1_3&#8243; _builder_version=&#8221;4.21.0&#8243; _module_preset=&#8221;default&#8221; z_index=&#8221;2&#8243; custom_padding=&#8221;2%||3.8%||false|false&#8221; animation_direction=&#8221;right&#8221; scroll_vertical_motion=&#8221;0|50|50|100|3|0|-1&#8243; scroll_horizontal_motion_enable=&#8221;on&#8221; scroll_horizontal_motion=&#8221;0|50|50|100|-2|0|0&#8243; motion_trigger_start=&#8221;bottom&#8221; scroll_horizontal_motion_tablet=&#8221;0|50|50|100|-2|0|0&#8243; scroll_horizontal_motion_phone=&#8221;0|50|50|100|0|0|0&#8243; scroll_horizontal_motion_last_edited=&#8221;on|phone&#8221; global_colors_info=&#8221;{}&#8221;][et_pb_column type=&#8221;1_3&#8243; _builder_version=&#8221;4.16&#8243; _module_preset=&#8221;default&#8221; global_colors_info=&#8221;{}&#8221;][\/et_pb_column][et_pb_column type=&#8221;1_3&#8243; _builder_version=&#8221;4.16&#8243; _module_preset=&#8221;default&#8221; global_colors_info=&#8221;{}&#8221;][et_pb_text _builder_version=&#8221;4.21.0&#8243; _module_preset=&#8221;default&#8221; text_font_size=&#8221;16px&#8221; text_line_height=&#8221;1.3em&#8221; custom_padding=&#8221;|10%||0%|false|false&#8221; scroll_horizontal_motion=&#8221;0|50|50|100|3|0|-1&#8243; global_colors_info=&#8221;{}&#8221;]<\/p>\n<p class=\"p1\">Sce na porsona dl S\u00fcdtirol v\u00ebgn damanada foradec\u00e1 o te d\u2019atres perts dla Talia sci\u00f6che \u201cci\u201d che ara se s\u00ebnt, v\u00ebgnel porlepl\u00fc formul\u00e9 frases cun \u201cpord\u00ebrt\u201d: \u201cPord\u00ebrt me s\u00ebnti b\u00ebgn talian\/taliana, mo nia ma\u201d. O: \u201cPord\u00ebrt me s\u00ebnti tod\u00ebsch\/tod\u00ebscia, mo nia sci\u00f6che na porsona che v\u00ebgn dala Germania o dal\u2019Austria\u201d. O ince: \u201cPord\u00ebrt me s\u00ebnti ladin\/ladina, mo &#8230;\u201d. Y n\u2019atra domanda che an se fej \u00e9: \u201cDijon pord\u00ebrt sudtirolesc o tirolesc, S\u00fcdtiroler o Tiroler, sudtirolesi o altoatesini?\u201d<\/p>\n<p>[\/et_pb_text][\/et_pb_column][et_pb_column type=&#8221;1_3&#8243; _builder_version=&#8221;4.16&#8243; _module_preset=&#8221;default&#8221; global_colors_info=&#8221;{}&#8221;][\/et_pb_column][\/et_pb_row][\/et_pb_section]<\/p>\n","protected":false},"excerpt":{"rendered":"<p><div class=\"et_pb_module dipl_breadcrumb dipl_breadcrumb_0\">\n\t\t\t\t\n\t\t\t\t\n\t\t\t\t\n\t\t\t\t\n\t\t\t\t\n\t\t\t\t\n\t\t\t\t<div class=\"et_pb_module_inner\">\n\t\t\t\t\t<div class=\"dipl-breadcrumb-wrapper layout2\">\n\t\t\t\t<ol class=\"dipl-breadcrumb-inner\" vocab=\"https:\/\/schema.org\/\" typeof=\"BreadcrumbList\">\n\t\t\t\t\t<li property=\"itemListElement\" typeof=\"ListItem\" data-icon=\"&#x24;\">\n\t\t\t\t\t\t\t\t<a class=\"breadcrumb-item dipl-home-page\" href=\"https:\/\/autonomiae.bz.it\/ld\/\" property=\"item\" typeof=\"WebPage\" >\n\t\t\t\t\t\t\t\t\t<span class=\"breadcrumb-page\" property=\"name\">Home<\/span>\n\t\t\t\t\t\t\t\t<\/a>\n\t\t\t\t\t\t\t\t<meta property=\"position\" content=\"1\" \/>\n\t\t\t\t\t\t\t<\/li>\n\t\t\t\t<\/ol>\n\t\t\t<\/div>\n\t\t\t\t<\/div>\n\t\t\t<\/div>Identit\u00e9La parora identit\u00e9 v\u00ebgn adorada gonot tl S\u00fcdtirol porvia dla storia de ch\u00ebsta provinzia. L\u2019identit\u00e9 def\u00ebnn, renforza \u2013 y tl medemo t\u00ebmp limit\u00ebiera ince. Ne sunse nos d\u00fcc forsc nia de pl\u00fc co n teritore, n grup linguistich, na portign\u00ebnza culturala? Por t\u00f3 ca [&hellip;]<\/p>\n","protected":false},"author":2,"featured_media":0,"parent":0,"menu_order":0,"comment_status":"closed","ping_status":"closed","template":"","meta":{"_et_pb_use_builder":"on","_et_pb_old_content":"","_et_gb_content_width":"","footnotes":""},"class_list":["post-3046","page","type-page","status-publish","hentry"],"_links":{"self":[{"href":"https:\/\/autonomiae.bz.it\/ld\/wp-json\/wp\/v2\/pages\/3046","targetHints":{"allow":["GET"]}}],"collection":[{"href":"https:\/\/autonomiae.bz.it\/ld\/wp-json\/wp\/v2\/pages"}],"about":[{"href":"https:\/\/autonomiae.bz.it\/ld\/wp-json\/wp\/v2\/types\/page"}],"author":[{"embeddable":true,"href":"https:\/\/autonomiae.bz.it\/ld\/wp-json\/wp\/v2\/users\/2"}],"replies":[{"embeddable":true,"href":"https:\/\/autonomiae.bz.it\/ld\/wp-json\/wp\/v2\/comments?post=3046"}],"version-history":[{"count":0,"href":"https:\/\/autonomiae.bz.it\/ld\/wp-json\/wp\/v2\/pages\/3046\/revisions"}],"wp:attachment":[{"href":"https:\/\/autonomiae.bz.it\/ld\/wp-json\/wp\/v2\/media?parent=3046"}],"curies":[{"name":"wp","href":"https:\/\/api.w.org\/{rel}","templated":true}]}}