{"id":3011,"date":"2022-02-28T14:51:23","date_gmt":"2022-02-28T12:51:23","guid":{"rendered":"https:\/\/autonomiae.bz.it\/la-strada-per-lautonomia\/"},"modified":"2023-06-08T15:08:55","modified_gmt":"2023-06-08T13:08:55","slug":"la-streda-de-viers-dlautonomia","status":"publish","type":"page","link":"https:\/\/autonomiae.bz.it\/ld\/la-streda-de-viers-dlautonomia\/","title":{"rendered":"La streda de viers dl\u2019autonomia"},"content":{"rendered":"<p>[et_pb_section fb_built=&#8221;1&#8243; _builder_version=&#8221;4.16&#8243; _module_preset=&#8221;default&#8221; z_index=&#8221;10&#8243; custom_padding=&#8221;0px|0px|0px|0px|false|false&#8221; global_colors_info=&#8221;{}&#8221;][et_pb_row _builder_version=&#8221;4.16&#8243; _module_preset=&#8221;default&#8221; width=&#8221;95.3%&#8221; width_tablet=&#8221;80%&#8221; width_phone=&#8221;80%&#8221; width_last_edited=&#8221;on|phone&#8221; max_width=&#8221;100%&#8221; custom_padding=&#8221;0px||17px|||&#8221; border_width_bottom=&#8221;3px&#8221; saved_tabs=&#8221;all&#8221; global_colors_info=&#8221;{}&#8221;][et_pb_column type=&#8221;4_4&#8243; _builder_version=&#8221;4.16&#8243; _module_preset=&#8221;default&#8221; global_colors_info=&#8221;{}&#8221;][dipl_breadcrumb breadcrumb_layout=&#8221;layout2&#8243; separator_text=&#8221;\/&#8221; separator_size=&#8221;19px&#8221; use_home_link_custom_text=&#8221;off&#8221; _builder_version=&#8221;4.16&#8243; _module_preset=&#8221;default&#8221; text_font=&#8221;|600|||||||&#8221; text_text_color=&#8221;#000000&#8243; link_font=&#8221;|700|||||||&#8221; custom_padding=&#8221;2%||||false|false&#8221; global_colors_info=&#8221;{}&#8221;][\/dipl_breadcrumb][\/et_pb_column][\/et_pb_row][\/et_pb_section][et_pb_section fb_built=&#8221;1&#8243; custom_padding_last_edited=&#8221;on|tablet&#8221; _builder_version=&#8221;4.16&#8243; _module_preset=&#8221;default&#8221; background_image=&#8221;https:\/\/autonomiae.bz.it\/wp-content\/uploads\/2022\/02\/T.svg&#8221; background_size=&#8221;contain&#8221; background_position=&#8221;top_right&#8221; custom_margin=&#8221;5%||||false|false&#8221; custom_padding=&#8221;0%|0px|5%|0px|false|false&#8221; custom_padding_tablet=&#8221;25%||10%||false|false&#8221; custom_padding_phone=&#8221;25%||10%||false|false&#8221; scroll_vertical_motion=&#8221;0|50|50|100|2|0|-1&#8243; scroll_horizontal_motion_enable=&#8221;on&#8221; scroll_horizontal_motion=&#8221;0|50|50|100|3|0|-1&#8243; background_last_edited=&#8221;on|tablet&#8221; background_position_tablet=&#8221;top_center&#8221; scroll_horizontal_motion_tablet=&#8221;0|50|50|100|3|0|-1&#8243; scroll_horizontal_motion_phone=&#8221;0|50|50|100|-0.3|0|0.3&#8243; scroll_horizontal_motion_last_edited=&#8221;on|phone&#8221; global_colors_info=&#8221;{}&#8221;][et_pb_row _builder_version=&#8221;4.16&#8243; _module_preset=&#8221;default&#8221; custom_padding=&#8221;2%||2%||false|false&#8221; animation_direction=&#8221;right&#8221; scroll_horizontal_motion_enable=&#8221;on&#8221; scroll_horizontal_motion=&#8221;0|50|50|100|1|0|-1&#8243; motion_trigger_start=&#8221;bottom&#8221; scroll_horizontal_motion_tablet=&#8221;0|50|50|100|1|0|-1&#8243; scroll_horizontal_motion_phone=&#8221;0|50|50|100|0|0|0&#8243; scroll_horizontal_motion_last_edited=&#8221;on|phone&#8221; global_colors_info=&#8221;{}&#8221;][et_pb_column type=&#8221;4_4&#8243; _builder_version=&#8221;4.16&#8243; _module_preset=&#8221;default&#8221; global_colors_info=&#8221;{}&#8221;][et_pb_text _builder_version=&#8221;4.21.0&#8243; _module_preset=&#8221;default&#8221; header_font_size=&#8221;6vw&#8221; header_letter_spacing=&#8221;-2px&#8221; header_line_height=&#8221;0.9em&#8221; animation_style=&#8221;slide&#8221; animation_direction=&#8221;bottom&#8221; animation_intensity_slide=&#8221;10%&#8221; scroll_vertical_motion=&#8221;0|50|50|100|3|0|-1&#8243; scroll_horizontal_motion=&#8221;0|50|50|100|-2|0|0&#8243; text_font_size_tablet=&#8221;&#8221; text_font_size_phone=&#8221;&#8221; text_font_size_last_edited=&#8221;on|phone&#8221; header_font_size_tablet=&#8221;68px&#8221; header_font_size_phone=&#8221;40px&#8221; header_font_size_last_edited=&#8221;on|desktop&#8221; header_letter_spacing_tablet=&#8221;0px&#8221; header_letter_spacing_phone=&#8221;0px&#8221; header_letter_spacing_last_edited=&#8221;on|desktop&#8221; global_colors_info=&#8221;{}&#8221;]<\/p>\n<h1 style=\"text-align: left;\">La streda de viers dl\u2019autonomia<\/h1>\n<p>[\/et_pb_text][\/et_pb_column][\/et_pb_row][et_pb_row column_structure=&#8221;1_3,1_3,1_3&#8243; _builder_version=&#8221;4.16&#8243; _module_preset=&#8221;default&#8221; z_index=&#8221;2&#8243; custom_padding=&#8221;||0%||false|false&#8221; animation_direction=&#8221;right&#8221; scroll_vertical_motion=&#8221;0|50|50|100|3|0|-1&#8243; scroll_horizontal_motion_enable=&#8221;on&#8221; scroll_horizontal_motion=&#8221;0|50|50|100|1|0|-1&#8243; motion_trigger_start=&#8221;top&#8221; scroll_horizontal_motion_tablet=&#8221;0|50|50|100|1|0|-1&#8243; scroll_horizontal_motion_phone=&#8221;0|50|50|100|0|0|0&#8243; scroll_horizontal_motion_last_edited=&#8221;on|phone&#8221; global_colors_info=&#8221;{}&#8221;][et_pb_column type=&#8221;1_3&#8243; _builder_version=&#8221;4.16&#8243; _module_preset=&#8221;default&#8221; global_colors_info=&#8221;{}&#8221;][et_pb_text _builder_version=&#8221;4.21.0&#8243; _module_preset=&#8221;default&#8221; text_font_size=&#8221;16px&#8221; text_line_height=&#8221;1.3em&#8221; header_font_size=&#8221;34px&#8221; header_3_font_size=&#8221;30px&#8221; custom_padding=&#8221;|10%||0%|false|false&#8221; scroll_horizontal_motion=&#8221;0|50|50|100|2|0|0&#8243; header_font_size_tablet=&#8221;34px&#8221; header_font_size_phone=&#8221;34px&#8221; header_font_size_last_edited=&#8221;on|desktop&#8221; header_3_font_size_tablet=&#8221;30px&#8221; header_3_font_size_phone=&#8221;30px&#8221; header_3_font_size_last_edited=&#8221;on|desktop&#8221; global_colors_info=&#8221;{}&#8221;]<\/p>\n<h3 class=\"p1\"><b>\u00c0 pa l S\u00fcdtirol arjont l puscibl cun si autonomia? O \u00ebssen pa pud\u00f9 arjonjer mo depl\u00f9?<span class=\"Apple-converted-space\">\u00a0<\/span><\/h3>\n<p>[\/et_pb_text][\/et_pb_column][et_pb_column type=&#8221;1_3&#8243; _builder_version=&#8221;4.16&#8243; _module_preset=&#8221;default&#8221; global_colors_info=&#8221;{}&#8221;][et_pb_text _builder_version=&#8221;4.21.0&#8243; _module_preset=&#8221;default&#8221; text_font_size=&#8221;16px&#8221; text_line_height=&#8221;1.3em&#8221; custom_padding=&#8221;|10%||0%|false|false&#8221; scroll_horizontal_motion=&#8221;0|50|50|100|2|0|0&#8243; global_colors_info=&#8221;{}&#8221;]<\/p>\n<p style=\"text-align: left;\"><span>Segur iel: L troi de viers dl\u2019autonomia ie stat lonch, suv\u00ebnz fovel danterite nteresc plu auc, n \u00e0 ab\u00f9 contracolps, nce duel. Che ch\u00ebsc troi \u00e0 purt\u00e0 a na pesc ne ie danz nia stat na cossa che fova samb\u00ebnz\u00ebnza da se aspit\u00e9.<br \/>\n<\/span><\/p>\n<p>[\/et_pb_text][\/et_pb_column][et_pb_column type=&#8221;1_3&#8243; _builder_version=&#8221;4.16&#8243; _module_preset=&#8221;default&#8221; global_colors_info=&#8221;{}&#8221;][\/et_pb_column][\/et_pb_row][\/et_pb_section][et_pb_section fb_built=&#8221;1&#8243; _builder_version=&#8221;4.16&#8243; _module_preset=&#8221;default&#8221; z_index=&#8221;0&#8243; custom_margin=&#8221;0px||||false|false&#8221; custom_padding=&#8221;0px|||||&#8221; global_colors_info=&#8221;{}&#8221;][et_pb_row _builder_version=&#8221;4.16&#8243; _module_preset=&#8221;default&#8221; custom_padding=&#8221;5%||||false|false&#8221; global_colors_info=&#8221;{}&#8221;][et_pb_column type=&#8221;4_4&#8243; _builder_version=&#8221;4.16&#8243; _module_preset=&#8221;default&#8221; global_colors_info=&#8221;{}&#8221;][et_pb_text _builder_version=&#8221;4.16&#8243; _module_preset=&#8221;default&#8221; text_font_size=&#8221;16px&#8221; text_line_height=&#8221;1.3em&#8221; header_font_size=&#8221;34px&#8221; header_3_font_size=&#8221;68px&#8221; custom_padding=&#8221;|0px||0%|false|false&#8221; scroll_horizontal_motion=&#8221;0|50|50|100|2|0|0&#8243; header_font_size_tablet=&#8221;34px&#8221; header_font_size_phone=&#8221;34px&#8221; header_font_size_last_edited=&#8221;on|desktop&#8221; header_3_font_size_tablet=&#8221;30px&#8221; header_3_font_size_phone=&#8221;30px&#8221; header_3_font_size_last_edited=&#8221;on|desktop&#8221; global_colors_info=&#8221;{}&#8221;]<\/p>\n<h3 style=\"text-align: center;\">Timeline<\/h3>\n<p>[\/et_pb_text][dipl_timeline select_timeline_layout=&#8221;dipl_date_tree&#8221; global_date_tree_image_size=&#8221;100%&#8221; timeline_bar_color=&#8221;#f4f4f4&#8243; timeline_bar_fill_color=&#8221;#E02B20&#8243; timeline_bar_shape_border_size=&#8221;3px&#8221; timeline_bar_shape_color=&#8221;#FFFFFF&#8221; timeline_bar_shape_fill_color=&#8221;#FFFFFF&#8221; timeline_bar_shape_border_color=&#8221;#f4f4f4&#8243; timeline_bar_shape_border_fill_color=&#8221;#d3151b&#8221; timeline_custom_padding=&#8221;5%|5%|5%|5%|false|false&#8221; global_timeline_background_color=&#8221;#FFFFFF&#8221; _builder_version=&#8221;4.21.0&#8243; _module_preset=&#8221;default&#8221; global_timeline_header_font_size=&#8221;40px&#8221; global_timeline_text_font_size=&#8221;16px&#8221; global_timeline_text_line_height=&#8221;1.3em&#8221; global_timeline_date_font=&#8221;|700|||||||&#8221; global_timeline_date_font_size=&#8221;21px&#8221; custom_padding=&#8221;||||false|false&#8221; animation_style=&#8221;slide&#8221; animation_direction=&#8221;bottom&#8221; animation_delay=&#8221;200ms&#8221; animation_intensity_slide=&#8221;10%&#8221; hover_enabled=&#8221;0&#8243; global_colors_info=&#8221;{}&#8221; global_timeline_header_font_size_last_edited=&#8221;on|phone&#8221; sticky_enabled=&#8221;0&#8243; global_timeline_header_font_size_phone=&#8221;30px&#8221; global_timeline_header_font_size_tablet=&#8221;40px&#8221;][dipl_timeline_item timeline_title=&#8221;Tratat de pesc de Saint Germain&#8221; display_time=&#8221;on&#8221; timeline_custom_time=&#8221;1919&#8243; _builder_version=&#8221;4.21.0&#8243; _module_preset=&#8221;default&#8221; background_enable_color=&#8221;off&#8221; custom_padding=&#8221;||||false|false&#8221; scroll_vertical_motion=&#8221;0|50|50|100|3|0|0&#8243; scroll_fade=&#8221;0|50|50|100|100%|100|0%&#8221; scroll_scaling_enable=&#8221;on&#8221; scroll_blur=&#8221;0|40|60|100|100px|0px|0px&#8221; border_radii=&#8221;on|50px|50px|50px|50px&#8221; border_width_top=&#8221;0px&#8221; global_colors_info=&#8221;{}&#8221;]<span>L tratat de pesc ala fin dla Prima viera mundiela sigilea la spartizion dl Tirol y l passaje dla pert tl sud ala Talia. S\u00fcdtirol spera debant che l ruve a n\u2019autodeterminazion o a n\u2019autonomia.<br \/>\n<\/span>[\/dipl_timeline_item][dipl_timeline_item timeline_title=&#8221;Marcia s\u00f6n Roma&#8221; display_time=&#8221;on&#8221; timeline_custom_time=&#8221;1922&#8243; _builder_version=&#8221;4.21.0&#8243; _module_preset=&#8221;default&#8221; scroll_scaling_enable=&#8221;on&#8221; global_colors_info=&#8221;{}&#8221;]<\/p>\n<p class=\"p1\"><span>Le part\u00ed fascist sot a Benito Mussolini marc\u00ebia tla cit\u00e9 de Roma y surantol le pod\u00ebi tl stat. <\/span>Tla Talia ruva l fascism al pud\u00ebi. L som\u00ebt la mendranzes linguistiches y sust\u00ebn cun forza l\u2019imigrazion. La mira ie ch\u00ebla de talianis\u00e9 defin la \u201cprovinzies nueves\u201d.<\/p>\n<p>[\/dipl_timeline_item][dipl_timeline_item timeline_title=&#8221;Les Opziuns&#8221; display_time=&#8221;on&#8221; timeline_custom_time=&#8221;1939&#8243; _builder_version=&#8221;4.21.0&#8243; _module_preset=&#8221;default&#8221; scroll_scaling_enable=&#8221;on&#8221; global_colors_info=&#8221;{}&#8221;]<\/p>\n<p class=\"p1\">La Talia fascista y la Germania nazista m\u00ebt la populazion tud\u00ebscia y ladina dl S\u00fcdtirol dan la dezijion: emigr\u00e9 ora tl Reich o rest\u00e9 tla Talia, ma z\u00ebnza la scunanza dla mendranzes. Plu che l 85\u2009% optea per se n j\u00ec ora. Danter l 1940 y l 1943 emigrea feter 70.000 persones.<\/p>\n<p>[\/dipl_timeline_item][dipl_timeline_item timeline_title=&#8221;I aleac ocupea pertes dla Talia&#8221; display_time=&#8221;on&#8221; timeline_custom_time=&#8221;1943&#8243; _builder_version=&#8221;4.21.0&#8243; _module_preset=&#8221;default&#8221; scroll_scaling_enable=&#8221;on&#8221; global_colors_info=&#8221;{}&#8221;]<\/p>\n<p class=\"p1\">I aleac ocupea pertes dla Talia. Do la druseda de Mussolini sotscrij ai 8 de set\u00ebmber dl 1943 n guviern nuef a Roma la capitulazion. La Wehrmacht tud\u00ebscia marcia ite tla Talia. La detlarea la provinzies de Bulsan, Tr\u00ebnt y Belun <i>Zona d\u2019operazion Alpenvorland<\/i>.<\/p>\n<p>[\/dipl_timeline_item][dipl_timeline_item timeline_title=&#8221;Na fasa n\u00f6ia&#8221; display_time=&#8221;on&#8221; timeline_custom_time=&#8221;1945&#8243; _builder_version=&#8221;4.21.0&#8243; _module_preset=&#8221;default&#8221; scroll_scaling_enable=&#8221;on&#8221; global_colors_info=&#8221;{}&#8221;]<\/p>\n<p class=\"p1\">La fin dla Segonda viera mundiela pieta la puscibilt\u00e0 de n scumen\u00adciam\u00ebnt democratich nuef. Ai 8 de mei dl 1945 apurvea i aleac la fundazion dla S\u00fcdtiroler Volkspartei (SVP) y la recun\u00ebsc sciche reprejentanza dla popu\u00adlazion de rujeneda tud\u00ebscia y ladina dl S\u00fcdtirol.<span class=\"Apple-converted-space\">\u00a0<\/span><\/p>\n<p>[\/dipl_timeline_item][dipl_timeline_item timeline_title=&#8221;Tratat de Paris&#8221; display_time=&#8221;on&#8221; timeline_custom_time=&#8221;1946&#8243; upload_timeline_image=&#8221;https:\/\/autonomiae.bz.it\/wp-content\/uploads\/2022\/03\/01.jpg&#8221; _builder_version=&#8221;4.21.0&#8243; _module_preset=&#8221;default&#8221; scroll_scaling_enable=&#8221;on&#8221; global_colors_info=&#8221;{}&#8221;]<\/p>\n<p class=\"p1\">La fin dla Segonda viera mundiela pieta la puscibilt\u00e0 de n scumen\u00adciam\u00ebnt democratich nuef. Ai 8 de mei dl 1945 apurvea i aleac la fundazion dla <i>S\u00fcdtiroler Volkspartei<\/i> (SVP) y la recun\u00ebsc sciche reprejentanza dla popu\u00adlazion de rujeneda tud\u00ebscia y ladina dl S\u00fcdtirol.<\/p>\n<p>[\/dipl_timeline_item][dipl_timeline_item timeline_title=&#8221;Pr\u00f6m Statut d&#8217;autonomia&#8221; display_time=&#8221;on&#8221; timeline_custom_time=&#8221;1948&#8243; _builder_version=&#8221;4.21.0&#8243; _module_preset=&#8221;default&#8221; scroll_scaling_enable=&#8221;on&#8221; global_colors_info=&#8221;{}&#8221;]<\/p>\n<p><span>N prim Statut de Autonomia per la Region Trentin-S\u00fcdtirol va n forza. I reprejentanc politics sudtirolesc ie melcunt\u00ebnc ajache la cumpet\u00ebnzes autonomes ie pra la Region (cun maiuranza taliana) y nia pra la Provinzia de Bulsan (cun maiuranza tud\u00ebscia). Oradech\u00ebl ne v\u00ebn la mendranza ladina nia nunzieda tl Statut. <span class=\"Apple-converted-space\">\u00a0<\/span><\/span><\/p>\n<p>[\/dipl_timeline_item][dipl_timeline_item timeline_title=&#8221;Autonomia che d\u00e1 delujiun&#8221; display_time=&#8221;on&#8221; timeline_custom_time=&#8221;1948 \u2013 1957&#8243; _builder_version=&#8221;4.21.0&#8243; _module_preset=&#8221;default&#8221; scroll_scaling_enable=&#8221;on&#8221; global_colors_info=&#8221;{}&#8221;]<\/p>\n<p><span>Deache la pert taliana de ch\u00ebsta regiun fej fora la maioranza, ne v\u00ebgnel nia tign\u00ed tan cunt de ci che la mendranza tod\u00ebscia y ch\u00ebra ladina s&#8217;aspeta. Elem\u00ebnc sostanziai dl&#8217;acordanza Gruber-Degasperi n&#8217;\u00ea alad\u00f4 dla popolaziun dl S\u00fcdtirol nia gn\u00fcs atu\u00e1. S\u00fca malcontent\u00ebza gn\u00f4 tres majera ince porvia dl&#8217;imigraziun interna de j\u00ebnt a laur\u00e9 cun s\u00fces families.<\/span><\/p>\n<p>[\/dipl_timeline_item][dipl_timeline_item timeline_title=&#8221;Silvius Magnago dev\u00ebnta s\u00eburastant dla SVP&#8221; display_time=&#8221;on&#8221; timeline_custom_time=&#8221;\u25cf\u25cf\u25cf&#8221; upload_timeline_image=&#8221;https:\/\/autonomiae.bz.it\/wp-content\/uploads\/2023\/03\/Magnago-1.jpg&#8221; _builder_version=&#8221;4.21.0&#8243; _module_preset=&#8221;default&#8221; scroll_scaling_enable=&#8221;on&#8221; global_colors_info=&#8221;{}&#8221;]<\/p>\n<p class=\"p1\"><span class=\"s1\">Tl 1957 dev\u00ebnta Silvius Magnago s\u00eburastant dla SVP. Susten\u00ec dal\u2019ela plu dura dl partit ch\u00ebrdel adum la desmustrazion a Ciastel Sigmundskron per prutest\u00e9 contra l atejam\u00ebnt dl Stat talian ti cunfronc dla ghiranzes d\u2019autonomia dl S\u00fcdtirol. L v\u00ebn adalerch 35.000 persones y pert\u00ebnd n\u2019autonomia per l S\u00fcdtirol.<\/span><\/p>\n<p>[\/dipl_timeline_item][dipl_timeline_item timeline_title=&#8221;Manifestaziun a Ciastel Sigmundskron&#8221; display_time=&#8221;on&#8221; timeline_custom_time=&#8221;1957&#8243; upload_timeline_image=&#8221;https:\/\/autonomiae.bz.it\/wp-content\/uploads\/2022\/03\/04.jpg&#8221; _builder_version=&#8221;4.21.0&#8243; _module_preset=&#8221;default&#8221; scroll_scaling_enable=&#8221;on&#8221; global_colors_info=&#8221;{}&#8221;]<\/p>\n<p class=\"p1\">35.000 persones v\u00ebn adum pra na des\u00admus\u00adtrazion tal Ciastel de Sigmundskron. La ie unida urganiseda dala SVP sun prescion dl cunselier Hans Dietl. I des\u00admus\u00adtranc se damanda n\u2019autonomia per la Provinzia de Bulsan y ti tira dant a Roma de susten\u00ec inant la imigrazion tl S\u00fcdtirol de persones da d\u2019autra regions dla Talia. <span class=\"Apple-converted-space\">\u00a0<\/span><\/p>\n<p>[\/dipl_timeline_item][dipl_timeline_item timeline_title=&#8221;Chestiun dl S\u00fcdtirol dan l&#8217;ONU&#8221; display_time=&#8221;on&#8221; timeline_custom_time=&#8221;1960&#8243; _builder_version=&#8221;4.21.0&#8243; _module_preset=&#8221;default&#8221; scroll_scaling_enable=&#8221;on&#8221; global_colors_info=&#8221;{}&#8221;]<\/p>\n<p class=\"p1\">L Minister per l Ester nuef dl\u2019Austria, Bruno Kreisky, ie bon de purt\u00e9 l problem de S\u00fcdtirol dan la ONU. Ch\u00ebsta ti cum\u00ebt ala Talia y al\u2019Austria de cial\u00e9 de ressolver l problem deberieda. La prima negoziazions d\u00e0 puecia speranzes che n ruve a n suzes.\n<\/p>\n<p>[\/dipl_timeline_item][dipl_timeline_item timeline_title=&#8221;Istituziun dla Comisciun di dejen\u00fc&#8221; display_time=&#8221;on&#8221; timeline_custom_time=&#8221;1961&#8243; _builder_version=&#8221;4.21.0&#8243; _module_preset=&#8221;default&#8221; scroll_scaling_enable=&#8221;on&#8221; global_colors_info=&#8221;{}&#8221;]<\/p>\n<p class=\"p1\">L guviern talian m\u00ebt su la nsci tlameda cumiscion di 19 (11 talians, 7 tud\u00ebsc, 1 ladin). Ch\u00ebsta prejentea do tr\u00ebi ani n prim sboz per n Statut d\u2019Autonomia nuef. L\u2019autonomia d\u00ebssa n gran pert pass\u00e9 ala doi Provinzies de Bulsan y de Tr\u00ebnt.<\/p>\n<p>[\/dipl_timeline_item][dipl_timeline_item timeline_title=&#8221;N\u00f6t di f\u00fcc&#8221; display_time=&#8221;on&#8221; timeline_custom_time=&#8221;1961&#8243; upload_timeline_image=&#8221;https:\/\/autonomiae.bz.it\/wp-content\/uploads\/2023\/04\/traliccio.jpg&#8221; _builder_version=&#8221;4.21.0&#8243; _module_preset=&#8221;default&#8221; scroll_scaling_enable=&#8221;on&#8221; global_colors_info=&#8221;{}&#8221;]<\/p>\n<p class=\"p1\">L prim mum\u00ebnt de colm de na lingia d\u2019atentac che \u00e0 scumenci\u00e0 tl 1956. <span>\u00a0I auturs \u00e9 le grupam\u00ebnt separatistich dl BAS (\u201cBefreiungsausschuss S\u00fcdtirol\u201d &#8211; &#8220;Comit\u00e9 de liberaziun S\u00fcdtirol&#8221;). La &#8220;N\u00f6t di f\u00fcc&#8221; tira l\u2019atenziun publica taliana y europeica s\u00f6n le S\u00fcdtirol.<\/span><\/p>\n<p>[\/dipl_timeline_item][dipl_timeline_item timeline_title=&#8221;De sce al Pachet&#8221; display_time=&#8221;on&#8221; timeline_custom_time=&#8221;1969&#8243; _builder_version=&#8221;4.21.0&#8243; _module_preset=&#8221;default&#8221; scroll_scaling_enable=&#8221;on&#8221; global_colors_info=&#8221;{}&#8221;]<\/p>\n<p class=\"p1\">Do tratatives sfadi\u00ebuses v\u00ebn la Talia, l\u2019Austria y na pitla grupa nt\u00ebur Silvius Magnago a una sun n \u201cPachet\u201d de mesures che d\u00ebssa un\u00ec atuedes ald\u00f2 de n cal\u00ebnder d\u2019azion. La SVP apurvea ch\u00ebsc \u201cPachet\u201d cun na maiuranza scialdi pitla.<br \/>\n<span class=\"Apple-converted-space\">\u00a0<\/span><\/p>\n<p>[\/dipl_timeline_item][dipl_timeline_item timeline_title=&#8221;Secundo Statut d&#8217;autonomia&#8221; display_time=&#8221;on&#8221; timeline_custom_time=&#8221;1972&#8243; _builder_version=&#8221;4.21.0&#8243; _module_preset=&#8221;default&#8221; scroll_scaling_enable=&#8221;on&#8221; global_colors_info=&#8221;{}&#8221;]<span style=\"color: #000000;\">L segondo Statut d\u2019Autonomia va n forza. Truep detai ie ti ani do mo da stlar\u00ec da ch\u00ebla che v\u00ebn tlameda la cumiscion di 6. Sustenid\u00ebures y oposid\u00ebures l\u00ebura deberieda per na soluzion. Partezipanc de mpurtanza: Alcide Berloffa, Roland Riz y Alfons Benedikter. <span class=\"Apple-converted-space\">\u00a0<\/span>[\/dipl_timeline_item][dipl_timeline_item timeline_title=&#8221;Alcide Berloffa dal 1972 \u00e9l presid\u00ebnt dla Comisciun di 6 y di 12&#8243; display_time=&#8221;on&#8221; timeline_custom_time=&#8221;\u25cf\u25cf\u25cf&#8221; upload_timeline_image=&#8221;https:\/\/autonomiae.bz.it\/wp-content\/uploads\/2023\/03\/Berloffa-1.jpg&#8221; _builder_version=&#8221;4.21.0&#8243; _module_preset=&#8221;default&#8221; scroll_scaling_enable=&#8221;on&#8221; global_colors_info=&#8221;{}&#8221;]<span>Alcide Berloffa eserzit\u00ebia ciam\u00f3 d\u00ee alalungia na funziun importanta por la realisaziun dl\u2019autonomia. Dal 1972 al 1994 \u00e9l presid\u00ebnt dla Comisciun di 6 y di 12. Dal 1977 al 1994 \u00e9l com\u00ebmber dl Cons\u00ebi de Stat. Al colabor\u00ebia al\u2019istituziun dl\u2019Universit\u00e9 L\u00ebdia de Balsan y dl 2002 dev\u00ebntel so vizepresid\u00ebnt. Alcide Berloffa m\u00f6r ai 25 de for\u00e1 dl 2011. Al \u00ea marid\u00e9 cun Vanda Segato cun ch\u00ebra che al \u00e1 alb\u00fc n m\u00f6t y na m\u00f6ta,\u00a0 Paolo und Giovanna.<\/span>[\/dipl_timeline_item][dipl_timeline_item timeline_title=&#8221;Detlaraziun d\u2019apajam\u00ebnt dl strit&#8221; display_time=&#8221;on&#8221; timeline_custom_time=&#8221;1992&#8243; upload_timeline_image=&#8221;https:\/\/autonomiae.bz.it\/wp-content\/uploads\/2023\/04\/Quietenza_1992-2.jpg&#8221; _builder_version=&#8221;4.21.0&#8243; _module_preset=&#8221;default&#8221; scroll_scaling_enable=&#8221;on&#8221; global_colors_info=&#8221;{}&#8221;]<\/p>\n<p class=\"p1\">L guviern talian deraieia l\u2019ultima despusizions sun l \u201cPachet\u201d. La Talia y l\u2019Austria ti fej al sav\u00ebi ala ONU che l strit lonch a livel internazinel per l S\u00fcdtirol ie fin\u00e0. La tratatives danter S\u00fcdtirol y Roma per \u201cn\u2019autonomia dinamica\u201d va inant.<br \/>\n<span class=\"Apple-converted-space\">\u00a0<\/span><\/p>\n<p>[\/dipl_timeline_item][\/dipl_timeline][\/et_pb_column][\/et_pb_row][\/et_pb_section]<\/p>\n","protected":false},"excerpt":{"rendered":"<p><div class=\"et_pb_module dipl_breadcrumb dipl_breadcrumb_0\">\n\t\t\t\t\n\t\t\t\t\n\t\t\t\t\n\t\t\t\t\n\t\t\t\t\n\t\t\t\t\n\t\t\t\t<div class=\"et_pb_module_inner\">\n\t\t\t\t\t<div class=\"dipl-breadcrumb-wrapper layout2\">\n\t\t\t\t<ol class=\"dipl-breadcrumb-inner\" vocab=\"https:\/\/schema.org\/\" typeof=\"BreadcrumbList\">\n\t\t\t\t\t<li property=\"itemListElement\" typeof=\"ListItem\" data-icon=\"&#x24;\">\n\t\t\t\t\t\t\t\t<a class=\"breadcrumb-item dipl-home-page\" href=\"https:\/\/autonomiae.bz.it\/ld\/\" property=\"item\" typeof=\"WebPage\" >\n\t\t\t\t\t\t\t\t\t<span class=\"breadcrumb-page\" property=\"name\">Home<\/span>\n\t\t\t\t\t\t\t\t<\/a>\n\t\t\t\t\t\t\t\t<meta property=\"position\" content=\"1\" \/>\n\t\t\t\t\t\t\t<\/li>\n\t\t\t\t<\/ol>\n\t\t\t<\/div>\n\t\t\t\t<\/div>\n\t\t\t<\/div>La streda de viers dl\u2019autonomia\u00c0 pa l S\u00fcdtirol arjont l puscibl cun si autonomia? O \u00ebssen pa pud\u00f9 arjonjer mo depl\u00f9?\u00a0Segur iel: L troi de viers dl\u2019autonomia ie stat lonch, suv\u00ebnz fovel danterite nteresc plu auc, n \u00e0 ab\u00f9 contracolps, nce duel. Che ch\u00ebsc [&hellip;]<\/p>\n","protected":false},"author":2,"featured_media":0,"parent":0,"menu_order":0,"comment_status":"closed","ping_status":"closed","template":"","meta":{"_et_pb_use_builder":"on","_et_pb_old_content":"","_et_gb_content_width":"","footnotes":""},"class_list":["post-3011","page","type-page","status-publish","hentry"],"_links":{"self":[{"href":"https:\/\/autonomiae.bz.it\/ld\/wp-json\/wp\/v2\/pages\/3011","targetHints":{"allow":["GET"]}}],"collection":[{"href":"https:\/\/autonomiae.bz.it\/ld\/wp-json\/wp\/v2\/pages"}],"about":[{"href":"https:\/\/autonomiae.bz.it\/ld\/wp-json\/wp\/v2\/types\/page"}],"author":[{"embeddable":true,"href":"https:\/\/autonomiae.bz.it\/ld\/wp-json\/wp\/v2\/users\/2"}],"replies":[{"embeddable":true,"href":"https:\/\/autonomiae.bz.it\/ld\/wp-json\/wp\/v2\/comments?post=3011"}],"version-history":[{"count":0,"href":"https:\/\/autonomiae.bz.it\/ld\/wp-json\/wp\/v2\/pages\/3011\/revisions"}],"wp:attachment":[{"href":"https:\/\/autonomiae.bz.it\/ld\/wp-json\/wp\/v2\/media?parent=3011"}],"curies":[{"name":"wp","href":"https:\/\/api.w.org\/{rel}","templated":true}]}}