{"id":988,"date":"2022-06-23T08:02:48","date_gmt":"2022-06-23T08:02:48","guid":{"rendered":"https:\/\/autonomiae.bz.it\/?page_id=988"},"modified":"2023-07-17T15:59:05","modified_gmt":"2023-07-17T13:59:05","slug":"identita","status":"publish","type":"page","link":"https:\/\/autonomiae.bz.it\/it\/identita\/","title":{"rendered":"Identit\u00e0"},"content":{"rendered":"<p>[et_pb_section fb_built=&#8221;1&#8243; _builder_version=&#8221;4.16&#8243; _module_preset=&#8221;default&#8221; z_index=&#8221;10&#8243; custom_padding=&#8221;0px|0px|0px|0px|false|false&#8221; global_colors_info=&#8221;{}&#8221;][et_pb_row _builder_version=&#8221;4.14.8&#8243; _module_preset=&#8221;default&#8221; width=&#8221;95.3%&#8221; width_tablet=&#8221;80%&#8221; width_phone=&#8221;80%&#8221; width_last_edited=&#8221;on|phone&#8221; max_width=&#8221;100%&#8221; custom_padding=&#8221;0px||17px|||&#8221; border_width_bottom=&#8221;3px&#8221; global_module=&#8221;580&#8243; saved_tabs=&#8221;all&#8221; global_colors_info=&#8221;{}&#8221;][et_pb_column type=&#8221;4_4&#8243; _builder_version=&#8221;4.16&#8243; _module_preset=&#8221;default&#8221; global_colors_info=&#8221;{}&#8221;][dipl_breadcrumb breadcrumb_layout=&#8221;layout2&#8243; separator_text=&#8221;\/&#8221; separator_size=&#8221;19px&#8221; use_home_link_custom_text=&#8221;off&#8221; _builder_version=&#8221;4.16&#8243; _module_preset=&#8221;default&#8221; text_font=&#8221;|600|||||||&#8221; text_text_color=&#8221;#000000&#8243; link_font=&#8221;|700|||||||&#8221; custom_padding=&#8221;2%||||false|false&#8221; global_colors_info=&#8221;{}&#8221;][\/dipl_breadcrumb][\/et_pb_column][\/et_pb_row][\/et_pb_section][et_pb_section fb_built=&#8221;1&#8243; _builder_version=&#8221;4.16&#8243; _module_preset=&#8221;default&#8221; custom_padding=&#8221;0%|0px|0px|0px|false|false&#8221; animation_style=&#8221;fade&#8221; animation_delay=&#8221;300ms&#8221; scroll_vertical_motion=&#8221;0|50|50|100|2|0|-1&#8243; scroll_horizontal_motion=&#8221;0|50|50|100|3|0|-1&#8243; global_colors_info=&#8221;{}&#8221;][et_pb_row column_structure=&#8221;2_5,3_5&#8243; _builder_version=&#8221;4.16&#8243; _module_preset=&#8221;default&#8221; z_index=&#8221;2&#8243; custom_padding=&#8221;5%||0%||false|false&#8221; animation_direction=&#8221;right&#8221; scroll_vertical_motion=&#8221;0|50|50|100|3|0|-1&#8243; scroll_horizontal_motion_enable=&#8221;on&#8221; scroll_horizontal_motion=&#8221;0|50|50|100|-3|0|1&#8243; scroll_horizontal_motion_tablet=&#8221;0|50|50|100|-3|0|1&#8243; scroll_horizontal_motion_phone=&#8221;0|50|50|100|0.5|0|0&#8243; scroll_horizontal_motion_last_edited=&#8221;on|phone&#8221; global_colors_info=&#8221;{}&#8221;][et_pb_column type=&#8221;2_5&#8243; _builder_version=&#8221;4.16&#8243; _module_preset=&#8221;default&#8221; global_colors_info=&#8221;{}&#8221;][\/et_pb_column][et_pb_column type=&#8221;3_5&#8243; _builder_version=&#8221;4.16&#8243; _module_preset=&#8221;default&#8221; global_colors_info=&#8221;{}&#8221;][et_pb_text _builder_version=&#8221;4.16&#8243; _module_preset=&#8221;default&#8221; header_font_size=&#8221;6vw&#8221; header_letter_spacing=&#8221;-2px&#8221; header_line_height=&#8221;0.9em&#8221; animation_style=&#8221;slide&#8221; animation_direction=&#8221;bottom&#8221; animation_intensity_slide=&#8221;10%&#8221; scroll_vertical_motion=&#8221;0|50|50|100|3|0|-1&#8243; scroll_horizontal_motion=&#8221;0|50|50|100|-2|0|1&#8243; text_font_size_tablet=&#8221;&#8221; text_font_size_phone=&#8221;&#8221; text_font_size_last_edited=&#8221;on|phone&#8221; header_font_size_tablet=&#8221;68px&#8221; header_font_size_phone=&#8221;40px&#8221; header_font_size_last_edited=&#8221;on|desktop&#8221; header_letter_spacing_tablet=&#8221;0px&#8221; header_letter_spacing_phone=&#8221;0px&#8221; header_letter_spacing_last_edited=&#8221;on|desktop&#8221; global_colors_info=&#8221;{}&#8221;]<\/p>\n<h1 style=\"text-align: left;\">Identit\u00e0<\/h1>\n<p>[\/et_pb_text][et_pb_text _builder_version=&#8221;4.16&#8243; _module_preset=&#8221;default&#8221; text_font_size=&#8221;16px&#8221; text_line_height=&#8221;1.3em&#8221; header_font_size=&#8221;34px&#8221; header_3_font_size=&#8221;30px&#8221; custom_padding=&#8221;|10%||0%|false|false&#8221; scroll_horizontal_motion=&#8221;0|50|50|100|3|0|-1&#8243; header_font_size_tablet=&#8221;34px&#8221; header_font_size_phone=&#8221;34px&#8221; header_font_size_last_edited=&#8221;on|desktop&#8221; header_3_font_size_tablet=&#8221;30px&#8221; header_3_font_size_phone=&#8221;23px&#8221; header_3_font_size_last_edited=&#8221;on|phone&#8221; global_colors_info=&#8221;{}&#8221;]<\/p>\n<h3 class=\"p1\"><span class=\"s1\"><b>Per ragioni storiche,<\/b> in Alto Adige l\u2019identit\u00e0 \u00e8 un concetto a cui si fa spesso riferimento. L\u2019identit\u00e0 protegge, rafforza, ma al tempo stesso limita. <\/span><span class=\"s1\">Non siamo noi tutti molto pi\u00f9 di un territorio, un gruppo linguistico, una comunit\u00e0 con la stessa appartenenza culturale? Per citare liberamente il filosofo Richard David Precht: \u201cMa tu, chi sei? Ed eventualmente, quanti sei?\u201c<\/span><\/h3>\n<p>[\/et_pb_text][\/et_pb_column][\/et_pb_row][et_pb_row column_structure=&#8221;3_5,2_5&#8243; _builder_version=&#8221;4.21.0&#8243; _module_preset=&#8221;default&#8221; z_index=&#8221;2&#8243; custom_padding=&#8221;5%||0%||false|false&#8221; animation_direction=&#8221;right&#8221; scroll_vertical_motion=&#8221;0|50|50|100|3|0|-1&#8243; scroll_horizontal_motion_enable=&#8221;on&#8221; scroll_horizontal_motion=&#8221;0|50|50|100|-3|0|1&#8243; scroll_horizontal_motion_tablet=&#8221;0|50|50|100|-3|0|1&#8243; scroll_horizontal_motion_phone=&#8221;0|50|50|100|0|0|0&#8243; scroll_horizontal_motion_last_edited=&#8221;on|phone&#8221; global_colors_info=&#8221;{}&#8221;][et_pb_column type=&#8221;3_5&#8243; _builder_version=&#8221;4.16&#8243; _module_preset=&#8221;default&#8221; global_colors_info=&#8221;{}&#8221;][et_pb_text module_id=&#8221;identita&#8221; _builder_version=&#8221;4.21.0&#8243; _module_preset=&#8221;default&#8221; text_font_size=&#8221;16px&#8221; text_line_height=&#8221;1.3em&#8221; header_4_text_color=&#8221;#FFFFFF&#8221; header_4_font_size=&#8221;3vw&#8221; custom_margin=&#8221;||4px|||&#8221; custom_padding=&#8221;0px|10%|22px|0%|false|false&#8221; scroll_horizontal_motion=&#8221;0|50|50|100|2|0|0&#8243; header_4_font_size_tablet=&#8221;5vw&#8221; header_4_font_size_phone=&#8221;12vw&#8221; header_4_font_size_last_edited=&#8221;on|phone&#8221; global_colors_info=&#8221;{}&#8221;]<\/p>\n<h4 style=\"text-align: left;\"><span style=\"color: #000000;\">Quale ambito della vita \u00e8 importante ai fini della sua identit\u00e0?<\/span><\/h4>\n<p>[\/et_pb_text][et_pb_divider divider_weight=&#8221;3px&#8221; _builder_version=&#8221;4.16&#8243; _module_preset=&#8221;default&#8221; custom_margin=&#8221;||-4px|||&#8221; animation_style=&#8221;slide&#8221; animation_direction=&#8221;left&#8221; animation_intensity_slide=&#8221;10%&#8221; global_colors_info=&#8221;{}&#8221;][\/et_pb_divider][et_pb_text _builder_version=&#8221;4.16&#8243; _module_preset=&#8221;default&#8221; global_colors_info=&#8221;{}&#8221;]<form\r\n\t\t\t\tid=\"forminator-module-1633\"\r\n\t\t\t\tclass=\"forminator-ui forminator-poll forminator-poll-1633 forminator-design--flat   forminator_ajax\"\r\n\t\t\t\tmethod=\"post\"\r\n\t\t\t\tdata-forminator-render=\"0\"\r\n\t\t\t\tdata-form-id=\"1633\"\r\n\t\t\t\t data-color-option=\"default\" data-design=\"flat\" style=\"display: none;\"\r\n\t\t\t\tdata-uid=\"6a0319b07132f\"\r\n\t\t\t><div role=\"alert\" aria-live=\"polite\" class=\"forminator-response-message\" aria-hidden=\"true\"><\/div><div class=\"forminator-poll-body\"><div role=\"radiogroup\" class=\"forminator-field\" aria-labelledby=\"forminator-poll-1633--title\"><label for=\"1633-0-answer-1\" class=\"forminator-radio\"><input id=\"1633-0-answer-1\" type=\"radio\" data-required=\"\" name=\"1633\" value=\"answer-1\"  \/><span class=\"forminator-radio-bullet\" aria-hidden=\"true\"><\/span><span class=\"forminator-radio-label\">Luogo di nascita<\/span><\/label><label for=\"1633-0-answer-2\" class=\"forminator-radio\"><input id=\"1633-0-answer-2\" type=\"radio\" data-required=\"\" name=\"1633\" value=\"answer-2\"  \/><span class=\"forminator-radio-bullet\" aria-hidden=\"true\"><\/span><span class=\"forminator-radio-label\">Lingua<\/span><\/label><label for=\"1633-0-answer-3\" class=\"forminator-radio\"><input id=\"1633-0-answer-3\" type=\"radio\" data-required=\"\" name=\"1633\" value=\"answer-3\"  \/><span class=\"forminator-radio-bullet\" aria-hidden=\"true\"><\/span><span class=\"forminator-radio-label\">Professione<\/span><\/label><label for=\"1633-0-answer-4\" class=\"forminator-radio\"><input id=\"1633-0-answer-4\" type=\"radio\" data-required=\"\" name=\"1633\" value=\"answer-4\"  \/><span class=\"forminator-radio-bullet\" aria-hidden=\"true\"><\/span><span class=\"forminator-radio-label\">Attivit\u00e0 nel tempo libero<\/span><\/label><label for=\"1633-0-answer-5\" class=\"forminator-radio\"><input id=\"1633-0-answer-5\" type=\"radio\" data-required=\"\" name=\"1633\" value=\"answer-5\"  \/><span class=\"forminator-radio-bullet\" aria-hidden=\"true\"><\/span><span class=\"forminator-radio-label\">Stato civile<\/span><\/label><label for=\"1633-0-answer-6\" class=\"forminator-radio\"><input id=\"1633-0-answer-6\" type=\"radio\" data-required=\"\" name=\"1633\" value=\"answer-6\"  \/><span class=\"forminator-radio-bullet\" aria-hidden=\"true\"><\/span><span class=\"forminator-radio-label\">Ruolo di genere<\/span><\/label><\/div><\/div><input type=\"hidden\" name=\"referer_url\" value=\"\" \/><div class=\"forminator-poll-footer forminator-poll--actions\"><button class=\"forminator-button forminator-button-submit\" ><span>Scegli<\/span><i class=\"forminator-icon-loader forminator-loading\" aria-hidden=\"true\"><\/i><\/button><\/div><input type=\"hidden\" id=\"forminator_nonce\" name=\"forminator_nonce\" value=\"b200844d6b\" \/><input type=\"hidden\" name=\"_wp_http_referer\" value=\"\/it\/wp-json\/wp\/v2\/pages\/988\" \/><input type=\"hidden\" name=\"form_id\" value=\"1633\"><input type=\"hidden\" name=\"page_id\" value=\"988\"><input type=\"hidden\" name=\"render_id\" value=\"0\"><input type=\"hidden\" name=\"action\" value=\"forminator_submit_form_poll\"><\/form>[\/et_pb_text][\/et_pb_column][et_pb_column type=&#8221;2_5&#8243; _builder_version=&#8221;4.16&#8243; _module_preset=&#8221;default&#8221; global_colors_info=&#8221;{}&#8221;][\/et_pb_column][\/et_pb_row][\/et_pb_section][et_pb_section fb_built=&#8221;1&#8243; _builder_version=&#8221;4.16&#8243; _module_preset=&#8221;default&#8221; z_index=&#8221;0&#8243; custom_margin=&#8221;0px||||false|false&#8221; custom_padding=&#8221;8.2%||1.2%||false|false&#8221; scroll_vertical_motion=&#8221;0|50|50|100|1|0|-1&#8243; scroll_horizontal_motion_enable=&#8221;on&#8221; scroll_horizontal_motion=&#8221;0|50|50|100|1|0|-2&#8243; scroll_horizontal_motion_tablet=&#8221;0|50|50|100|1|0|-2&#8243; scroll_horizontal_motion_phone=&#8221;0|50|50|100|1|0|-0.5&#8243; scroll_horizontal_motion_last_edited=&#8221;on|phone&#8221; global_colors_info=&#8221;{}&#8221;][et_pb_row column_structure=&#8221;3_4,1_4&#8243; _builder_version=&#8221;4.16&#8243; _module_preset=&#8221;default&#8221; background_image=&#8221;https:\/\/autonomiae.bz.it\/wp-content\/uploads\/2022\/02\/M.svg&#8221; background_size=&#8221;contain&#8221; background_position=&#8221;top_right&#8221; custom_padding=&#8221;8.4%||15%||false|false&#8221; global_colors_info=&#8221;{}&#8221;][et_pb_column type=&#8221;3_4&#8243; _builder_version=&#8221;4.16&#8243; _module_preset=&#8221;default&#8221; global_colors_info=&#8221;{}&#8221;][et_pb_text module_id=&#8221;identita&#8221; _builder_version=&#8221;4.16&#8243; _module_preset=&#8221;default&#8221; text_font_size=&#8221;16px&#8221; text_line_height=&#8221;1.3em&#8221; header_4_text_color=&#8221;#FFFFFF&#8221; header_4_font_size=&#8221;3vw&#8221; custom_margin=&#8221;||4px|||&#8221; custom_padding=&#8221;0px|10%|65px|0%|false|false&#8221; scroll_horizontal_motion=&#8221;0|50|50|100|2|0|0&#8243; header_4_font_size_tablet=&#8221;5vw&#8221; header_4_font_size_phone=&#8221;9vw&#8221; header_4_font_size_last_edited=&#8221;on|phone&#8221; global_colors_info=&#8221;{}&#8221;]<\/p>\n<h4 style=\"text-align: left;\"><span style=\"color: #000000;\">Ma noi \u201cin realt\u00e0\u201d chi siamo?<br \/><\/span><\/h4>\n<p>[\/et_pb_text][et_pb_code module_class=&#8221;testo-quote&#8221; _builder_version=&#8221;4.21.0&#8243; _module_preset=&#8221;default&#8221; hover_enabled=&#8221;0&#8243; global_colors_info=&#8221;{}&#8221; sticky_enabled=&#8221;0&#8243;]<script language=\"JavaScript\"><!-- [et_pb_line_break_holder] --><!-- [et_pb_line_break_holder] -->var Quotation=new Array()<!-- [et_pb_line_break_holder] --><!-- [et_pb_line_break_holder] -->Quotation[0] = \"\u201cSono Interista, cosa vuoi di pi\u00f9?\u201d\" + \"<!\u2013- [et_pb_br_holder] -\u2013><!\u2013- [et_pb_br_holder] -\u2013>\" + \"\u201cQuando parlo con i giovani immigrati, dico sempre: assicuratevi di entrare nelle associazioni del posto, se fate parte di quelli, siete arrivati.\u201d\" + \"<!\u2013- [et_pb_br_holder] -\u2013><!\u2013- [et_pb_br_holder] -\u2013>\" + \"\u201cNoi Sch\u00fctzen siamo l\u00ec per rappresentare il Paese. Questa \u00e8 l'identit\u00e0, no?\u201d\";<!-- [et_pb_line_break_holder] -->Quotation[1] = \"\u201cAll'inizio era sconcertante, arrivi in Italia e all'improvviso ti rendi conto che qui tutto \u00e8 tedesco.\u201d\" + \"<!\u2013- [et_pb_br_holder] -\u2013><!\u2013- [et_pb_br_holder] -\u2013>\" + \"\u201cQuando canto nel coro mi si apre il cuore, e in quei momenti so chi sono veramente.\u201d\" + \"<!\u2013- [et_pb_br_holder] -\u2013><!\u2013- [et_pb_br_holder] -\u2013>\" + \"\u201cIl gruppo di Auto Aiuto era di grande sostegno... \u00e8 stato l\u00ec che ho preso il coraggio di acettarlo.\u201d\";<!-- [et_pb_line_break_holder] -->Quotation[2] = \"\u201cSe arrivi qui dall'Iraq, o da un qualsiasi altro paese, \u00e8 come una seconda nascita. Devi imparare tutto di nuovo, la lingua, le regole sociali e anche chi sei.\u201d\" + \"<!\u2013- [et_pb_br_holder] -\u2013><!\u2013- [et_pb_br_holder] -\u2013>\" + \"\u201cSono semplicemente una tirolese, e se vuole essere pi\u00f9 preciso, una sudtirolese. \u00c8 questo!\u201d\" + \"<!\u2013- [et_pb_br_holder] -\u2013><!\u2013- [et_pb_br_holder] -\u2013>\" + \"\u201cSempre questa domanda su cosa mi sento, uffa. Non posso essere semplicemente quella che sono?\u201d\";<!-- [et_pb_line_break_holder] -->Quotation[3] = \"\u201cIn realt\u00e0 io mi sento Italiano, perch\u00e9 dovrei sentirmi diverso, solo perch\u00e9 qui ci sono anche i tedeschi?\u201d\" + \"<!\u2013- [et_pb_br_holder] -\u2013><!\u2013- [et_pb_br_holder] -\u2013>\" + \"\u201cIl ladino, un tempo, era la lingua di tutta la zona qui. Questo fatto mi rende ben' un po' orgogliosa di essere una badiotta.\u201d\" + \"<!\u2013- [et_pb_br_holder] -\u2013><!\u2013- [et_pb_br_holder] -\u2013>\" + \"\u201cChi non rispetta le tradizioni del nostro Paese non appartiene all'Alto Adige.\u201d\";<!-- [et_pb_line_break_holder] -->Quotation[4] = \"\u201cAllora, io sono ben' italiana, ma altoatesina, di lingua tedesca, quindi non proprio italiana, ma nemmeno tedesca, nemmeno austriaca, sono altoatesina!\u201d\" + \"<!\u2013- [et_pb_br_holder] -\u2013><!\u2013- [et_pb_br_holder] -\u2013>\" + \"\u201cIn realt\u00e0 non ti puoi mai mostrare come sei veramente, altrimenti la gente ti guarda in modo strano.\u201d\" + \"<!\u2013- [et_pb_br_holder] -\u2013><!\u2013- [et_pb_br_holder] -\u2013>\" + \"\u201cMi ci \u00e8 voluto molto tempo per accettare di essere gay.\u201d\";<!-- [et_pb_line_break_holder] -->Quotation[5] = \"\u201cIdentit\u00e0? \u00c8 il Texas, \u00e8 Milan, se sai cosa intendo.\u201d\" + \"<!\u2013- [et_pb_br_holder] -\u2013><!\u2013- [et_pb_br_holder] -\u2013>\" + \"\u201cStrano, a Milano mi sento pi\u00f9 tedesco, mentre a Vienna pi\u00f9 italiano.\u201d\" + \"<!\u2013- [et_pb_br_holder] -\u2013><!\u2013- [et_pb_br_holder] -\u2013>\" + \"\u201cSe dico a qualcuno che sono ladino - poi devo spendere mezz'ora a spiegare cosa sia.\u201d\";<!-- [et_pb_line_break_holder] -->Quotation[6] = \"\u201cQuando si parla di calcio, io sono dell'FC Bayern, altrimenti sono pi\u00f9 per l'Italia.\u201d\" + \"<!\u2013- [et_pb_br_holder] -\u2013><!\u2013- [et_pb_br_holder] -\u2013>\" + \"\u201cLa sagra, la festa dei portici, \u00e8 sempre stata qualcosa di ... che tiene unito tutto il paese. Sch\u00fctzen, vigili del fuoco, banda musicale - gli italiani avevano solo le Acli.\u201d\" + \"<!\u2013- [et_pb_br_holder] -\u2013><!\u2013- [et_pb_br_holder] -\u2013>\" + \"\u201cQuando parlo con i giovani immigrati, dico sempre: assicuratevi di entrare nelle associazioni del posto, se fate parte di quelli, siete arrivati.\u201d\";<!-- [et_pb_line_break_holder] -->Quotation[7] = \"\u201cSono in sette associazioni. \u00c8 anche questo che fa l'Alto Adige.\u201d\" + \"<!\u2013- [et_pb_br_holder] -\u2013><!\u2013- [et_pb_br_holder] -\u2013>\" + \"\u201cIdentit\u00e0? \u00c8 il Texas, \u00e8 Milan, se sai cosa intendo.\u201d\" + \"<!\u2013- [et_pb_br_holder] -\u2013><!\u2013- [et_pb_br_holder] -\u2013>\" + \"\u201cAi miei tempi chi non aveva entrambi i genitori tedeschi non poteva entrare nei vigili del fuoco. Ma ora le cose sono cambiate al meglio.\u201d\";<!-- [et_pb_line_break_holder] --><!-- [et_pb_line_break_holder] --><!-- [et_pb_line_break_holder] -->var Q = Quotation.length;<!-- [et_pb_line_break_holder] -->var whichQuotation=Math.round(Math.random()*(Q-1));<!-- [et_pb_line_break_holder] -->function showQuotation(){document.write(Quotation[whichQuotation]);}<!-- [et_pb_line_break_holder] -->showQuotation();<!-- [et_pb_line_break_holder] --><\/script>[\/et_pb_code][\/et_pb_column][et_pb_column type=&#8221;1_4&#8243; _builder_version=&#8221;4.16&#8243; _module_preset=&#8221;default&#8221; global_colors_info=&#8221;{}&#8221;][\/et_pb_column][\/et_pb_row][\/et_pb_section][et_pb_section fb_built=&#8221;1&#8243; _builder_version=&#8221;4.16&#8243; _module_preset=&#8221;default&#8221; z_index=&#8221;0&#8243; custom_margin=&#8221;0px||||false|false&#8221; custom_padding=&#8221;1.4%||1.8%||false|false&#8221; global_colors_info=&#8221;{}&#8221;][et_pb_row column_structure=&#8221;1_3,1_3,1_3&#8243; _builder_version=&#8221;4.21.0&#8243; _module_preset=&#8221;default&#8221; z_index=&#8221;2&#8243; custom_padding=&#8221;2%||3.8%||false|false&#8221; animation_direction=&#8221;right&#8221; scroll_vertical_motion=&#8221;0|50|50|100|3|0|-1&#8243; scroll_horizontal_motion_enable=&#8221;on&#8221; scroll_horizontal_motion=&#8221;0|50|50|100|-2|0|0&#8243; motion_trigger_start=&#8221;bottom&#8221; scroll_horizontal_motion_tablet=&#8221;0|50|50|100|-2|0|0&#8243; scroll_horizontal_motion_phone=&#8221;0|50|50|100|0|0|0&#8243; scroll_horizontal_motion_last_edited=&#8221;on|phone&#8221; global_colors_info=&#8221;{}&#8221;][et_pb_column type=&#8221;1_3&#8243; _builder_version=&#8221;4.16&#8243; _module_preset=&#8221;default&#8221; global_colors_info=&#8221;{}&#8221;][\/et_pb_column][et_pb_column type=&#8221;1_3&#8243; _builder_version=&#8221;4.16&#8243; _module_preset=&#8221;default&#8221; global_colors_info=&#8221;{}&#8221;][et_pb_text _builder_version=&#8221;4.16&#8243; _module_preset=&#8221;default&#8221; text_font_size=&#8221;16px&#8221; text_line_height=&#8221;1.3em&#8221; custom_padding=&#8221;|10%||0%|false|false&#8221; scroll_horizontal_motion=&#8221;0|50|50|100|3|0|-1&#8243; global_colors_info=&#8221;{}&#8221;]<\/p>\n<p class=\"p1\">Quando, all\u2019estero o in altre regioni d\u2019Italia, si chiede a una persona dell\u2019Alto Adige che cosa si sente di essere, spesso la risposta inizia con \u201cin realt\u00e0\u201d: \u201cIn realt\u00e0 mi sento italiana\/italiano, ma non solo\u201d. Oppure: \u201cIn realt\u00e0 mi sento tedesco\/tedesca, ma non come una persona originaria della Germania o dell\u2019Austria.\u201d O anche: \u201cIn realt\u00e0 mi sento ladina\/ladino, per\u00f2\u2026\u201d<span class=\"Apple-converted-space\"> <\/span>E poi, si dice sudtirolesi o altoatesini, S\u00fcdtiroler o Tiroler?<\/p>\n<p>[\/et_pb_text][\/et_pb_column][et_pb_column type=&#8221;1_3&#8243; _builder_version=&#8221;4.16&#8243; _module_preset=&#8221;default&#8221; global_colors_info=&#8221;{}&#8221;][\/et_pb_column][\/et_pb_row][\/et_pb_section]<\/p>\n","protected":false},"excerpt":{"rendered":"<p><div class=\"et_pb_module dipl_breadcrumb dipl_breadcrumb_0\">\n\t\t\t\t\n\t\t\t\t\n\t\t\t\t\n\t\t\t\t\n\t\t\t\t\n\t\t\t\t\n\t\t\t\t<div class=\"et_pb_module_inner\">\n\t\t\t\t\t<div class=\"dipl-breadcrumb-wrapper layout2\">\n\t\t\t\t<ol class=\"dipl-breadcrumb-inner\" vocab=\"https:\/\/schema.org\/\" typeof=\"BreadcrumbList\">\n\t\t\t\t\t<li property=\"itemListElement\" typeof=\"ListItem\" data-icon=\"&#x24;\">\n\t\t\t\t\t\t\t\t<a class=\"breadcrumb-item dipl-home-page\" href=\"https:\/\/autonomiae.bz.it\/it\/\" property=\"item\" typeof=\"WebPage\" >\n\t\t\t\t\t\t\t\t\t<span class=\"breadcrumb-page\" property=\"name\">Home<\/span>\n\t\t\t\t\t\t\t\t<\/a>\n\t\t\t\t\t\t\t\t<meta property=\"position\" content=\"1\" \/>\n\t\t\t\t\t\t\t<\/li>\n\t\t\t\t<\/ol>\n\t\t\t<\/div>\n\t\t\t\t<\/div>\n\t\t\t<\/div>Identit\u00e0Per ragioni storiche, in Alto Adige l\u2019identit\u00e0 \u00e8 un concetto a cui si fa spesso riferimento. L\u2019identit\u00e0 protegge, rafforza, ma al tempo stesso limita. Non siamo noi tutti molto pi\u00f9 di un territorio, un gruppo linguistico, una comunit\u00e0 con la stessa appartenenza culturale? Per [&hellip;]<\/p>\n","protected":false},"author":2,"featured_media":0,"parent":0,"menu_order":0,"comment_status":"closed","ping_status":"closed","template":"","meta":{"_et_pb_use_builder":"on","_et_pb_old_content":"","_et_gb_content_width":"","footnotes":""},"class_list":["post-988","page","type-page","status-publish","hentry"],"_links":{"self":[{"href":"https:\/\/autonomiae.bz.it\/it\/wp-json\/wp\/v2\/pages\/988","targetHints":{"allow":["GET"]}}],"collection":[{"href":"https:\/\/autonomiae.bz.it\/it\/wp-json\/wp\/v2\/pages"}],"about":[{"href":"https:\/\/autonomiae.bz.it\/it\/wp-json\/wp\/v2\/types\/page"}],"author":[{"embeddable":true,"href":"https:\/\/autonomiae.bz.it\/it\/wp-json\/wp\/v2\/users\/2"}],"replies":[{"embeddable":true,"href":"https:\/\/autonomiae.bz.it\/it\/wp-json\/wp\/v2\/comments?post=988"}],"version-history":[{"count":0,"href":"https:\/\/autonomiae.bz.it\/it\/wp-json\/wp\/v2\/pages\/988\/revisions"}],"wp:attachment":[{"href":"https:\/\/autonomiae.bz.it\/it\/wp-json\/wp\/v2\/media?parent=988"}],"curies":[{"name":"wp","href":"https:\/\/api.w.org\/{rel}","templated":true}]}}