{"id":499,"date":"2022-02-28T14:51:23","date_gmt":"2022-02-28T14:51:23","guid":{"rendered":"https:\/\/autonomiae.bz.it\/?page_id=499"},"modified":"2023-06-08T14:56:46","modified_gmt":"2023-06-08T12:56:46","slug":"la-strada-per-lautonomia","status":"publish","type":"page","link":"https:\/\/autonomiae.bz.it\/it\/la-strada-per-lautonomia\/","title":{"rendered":"La strada per l&#8217;autonomia"},"content":{"rendered":"<p>[et_pb_section fb_built=&#8221;1&#8243; _builder_version=&#8221;4.16&#8243; _module_preset=&#8221;default&#8221; z_index=&#8221;10&#8243; custom_padding=&#8221;0px|0px|0px|0px|false|false&#8221; global_colors_info=&#8221;{}&#8221;][et_pb_row _builder_version=&#8221;4.14.8&#8243; _module_preset=&#8221;default&#8221; width=&#8221;95.3%&#8221; width_tablet=&#8221;80%&#8221; width_phone=&#8221;80%&#8221; width_last_edited=&#8221;on|phone&#8221; max_width=&#8221;100%&#8221; custom_padding=&#8221;0px||17px|||&#8221; border_width_bottom=&#8221;3px&#8221; global_module=&#8221;580&#8243; saved_tabs=&#8221;all&#8221; global_colors_info=&#8221;{}&#8221;][et_pb_column type=&#8221;4_4&#8243; _builder_version=&#8221;4.16&#8243; _module_preset=&#8221;default&#8221; global_colors_info=&#8221;{}&#8221;][dipl_breadcrumb breadcrumb_layout=&#8221;layout2&#8243; separator_text=&#8221;\/&#8221; separator_size=&#8221;19px&#8221; use_home_link_custom_text=&#8221;off&#8221; _builder_version=&#8221;4.16&#8243; _module_preset=&#8221;default&#8221; text_font=&#8221;|600|||||||&#8221; text_text_color=&#8221;#000000&#8243; link_font=&#8221;|700|||||||&#8221; custom_padding=&#8221;2%||||false|false&#8221; global_colors_info=&#8221;{}&#8221;][\/dipl_breadcrumb][\/et_pb_column][\/et_pb_row][\/et_pb_section][et_pb_section fb_built=&#8221;1&#8243; custom_padding_last_edited=&#8221;on|tablet&#8221; _builder_version=&#8221;4.16&#8243; _module_preset=&#8221;default&#8221; background_image=&#8221;https:\/\/autonomiae.bz.it\/wp-content\/uploads\/2022\/02\/T.svg&#8221; background_size=&#8221;contain&#8221; background_position=&#8221;top_right&#8221; custom_margin=&#8221;5%||||false|false&#8221; custom_padding=&#8221;0%|0px|5%|0px|false|false&#8221; custom_padding_tablet=&#8221;25%||10%||false|false&#8221; custom_padding_phone=&#8221;25%||10%||false|false&#8221; scroll_vertical_motion=&#8221;0|50|50|100|2|0|-1&#8243; scroll_horizontal_motion_enable=&#8221;on&#8221; scroll_horizontal_motion=&#8221;0|50|50|100|3|0|-1&#8243; background_last_edited=&#8221;on|tablet&#8221; background_position_tablet=&#8221;top_center&#8221; scroll_horizontal_motion_tablet=&#8221;0|50|50|100|3|0|-1&#8243; scroll_horizontal_motion_phone=&#8221;0|50|50|100|-0.3|0|0.3&#8243; scroll_horizontal_motion_last_edited=&#8221;on|phone&#8221; global_colors_info=&#8221;{}&#8221;][et_pb_row _builder_version=&#8221;4.16&#8243; _module_preset=&#8221;default&#8221; custom_padding=&#8221;2%||2%||false|false&#8221; animation_direction=&#8221;right&#8221; scroll_horizontal_motion_enable=&#8221;on&#8221; scroll_horizontal_motion=&#8221;0|50|50|100|1|0|-1&#8243; motion_trigger_start=&#8221;bottom&#8221; scroll_horizontal_motion_tablet=&#8221;0|50|50|100|1|0|-1&#8243; scroll_horizontal_motion_phone=&#8221;0|50|50|100|0|0|0&#8243; scroll_horizontal_motion_last_edited=&#8221;on|phone&#8221; global_colors_info=&#8221;{}&#8221;][et_pb_column type=&#8221;4_4&#8243; _builder_version=&#8221;4.16&#8243; _module_preset=&#8221;default&#8221; global_colors_info=&#8221;{}&#8221;][et_pb_text _builder_version=&#8221;4.16&#8243; _module_preset=&#8221;default&#8221; header_font_size=&#8221;6vw&#8221; header_letter_spacing=&#8221;-2px&#8221; header_line_height=&#8221;0.9em&#8221; animation_style=&#8221;slide&#8221; animation_direction=&#8221;bottom&#8221; animation_intensity_slide=&#8221;10%&#8221; scroll_vertical_motion=&#8221;0|50|50|100|3|0|-1&#8243; scroll_horizontal_motion=&#8221;0|50|50|100|-2|0|0&#8243; text_font_size_tablet=&#8221;&#8221; text_font_size_phone=&#8221;&#8221; text_font_size_last_edited=&#8221;on|phone&#8221; header_font_size_tablet=&#8221;68px&#8221; header_font_size_phone=&#8221;40px&#8221; header_font_size_last_edited=&#8221;on|desktop&#8221; header_letter_spacing_tablet=&#8221;0px&#8221; header_letter_spacing_phone=&#8221;0px&#8221; header_letter_spacing_last_edited=&#8221;on|desktop&#8221; global_colors_info=&#8221;{}&#8221;]<\/p>\n<h1 style=\"text-align: left;\">La strada<br \/>per l&#8217;autonomia<\/h1>\n<p>[\/et_pb_text][\/et_pb_column][\/et_pb_row][et_pb_row column_structure=&#8221;1_3,1_3,1_3&#8243; _builder_version=&#8221;4.16&#8243; _module_preset=&#8221;default&#8221; z_index=&#8221;2&#8243; custom_padding=&#8221;||0%||false|false&#8221; animation_direction=&#8221;right&#8221; scroll_vertical_motion=&#8221;0|50|50|100|3|0|-1&#8243; scroll_horizontal_motion_enable=&#8221;on&#8221; scroll_horizontal_motion=&#8221;0|50|50|100|1|0|-1&#8243; motion_trigger_start=&#8221;top&#8221; scroll_horizontal_motion_tablet=&#8221;0|50|50|100|1|0|-1&#8243; scroll_horizontal_motion_phone=&#8221;0|50|50|100|0|0|0&#8243; scroll_horizontal_motion_last_edited=&#8221;on|phone&#8221; global_colors_info=&#8221;{}&#8221;][et_pb_column type=&#8221;1_3&#8243; _builder_version=&#8221;4.16&#8243; _module_preset=&#8221;default&#8221; global_colors_info=&#8221;{}&#8221;][et_pb_text _builder_version=&#8221;4.16&#8243; _module_preset=&#8221;default&#8221; text_font_size=&#8221;16px&#8221; text_line_height=&#8221;1.3em&#8221; header_font_size=&#8221;34px&#8221; header_3_font_size=&#8221;30px&#8221; custom_padding=&#8221;|10%||0%|false|false&#8221; scroll_horizontal_motion=&#8221;0|50|50|100|2|0|0&#8243; header_font_size_tablet=&#8221;34px&#8221; header_font_size_phone=&#8221;34px&#8221; header_font_size_last_edited=&#8221;on|desktop&#8221; header_3_font_size_tablet=&#8221;30px&#8221; header_3_font_size_phone=&#8221;30px&#8221; header_3_font_size_last_edited=&#8221;on|desktop&#8221; global_colors_info=&#8221;{}&#8221;]<\/p>\n<h3 class=\"p1\"><b>L\u2019Alto Adige ha<\/b> ottenuto il massimo con la sua autonomia o avrebbe potuto assicurarsi di pi\u00f9?<span class=\"Apple-converted-space\">\u00a0<\/span><\/h3>\n<p>[\/et_pb_text][\/et_pb_column][et_pb_column type=&#8221;1_3&#8243; _builder_version=&#8221;4.16&#8243; _module_preset=&#8221;default&#8221; global_colors_info=&#8221;{}&#8221;][et_pb_text _builder_version=&#8221;4.16&#8243; _module_preset=&#8221;default&#8221; text_font_size=&#8221;16px&#8221; text_line_height=&#8221;1.3em&#8221; custom_padding=&#8221;|10%||0%|false|false&#8221; scroll_horizontal_motion=&#8221;0|50|50|100|2|0|0&#8243; global_colors_info=&#8221;{}&#8221;]<\/p>\n<p style=\"text-align: left;\"><span>Una cosa \u00e8 certa: la strada che ha portato all\u2019autonomia \u00e8 stata lunga e spesso vi hanno influito interessi di ordine superiore; non sono inoltre mancati ostacoli e sofferenze. Non era affatto scontato che questa strada avrebbe condotto alla pace. <\/span><\/p>\n<p>[\/et_pb_text][\/et_pb_column][et_pb_column type=&#8221;1_3&#8243; _builder_version=&#8221;4.16&#8243; _module_preset=&#8221;default&#8221; global_colors_info=&#8221;{}&#8221;][\/et_pb_column][\/et_pb_row][\/et_pb_section][et_pb_section fb_built=&#8221;1&#8243; _builder_version=&#8221;4.16&#8243; _module_preset=&#8221;default&#8221; z_index=&#8221;0&#8243; custom_margin=&#8221;0px||||false|false&#8221; custom_padding=&#8221;0px|||||&#8221; global_colors_info=&#8221;{}&#8221;][et_pb_row _builder_version=&#8221;4.16&#8243; _module_preset=&#8221;default&#8221; custom_padding=&#8221;5%||||false|false&#8221; hover_enabled=&#8221;0&#8243; global_colors_info=&#8221;{}&#8221; sticky_enabled=&#8221;0&#8243;][et_pb_column type=&#8221;4_4&#8243; _builder_version=&#8221;4.16&#8243; _module_preset=&#8221;default&#8221; global_colors_info=&#8221;{}&#8221;][et_pb_text _builder_version=&#8221;4.16&#8243; _module_preset=&#8221;default&#8221; text_font_size=&#8221;16px&#8221; text_line_height=&#8221;1.3em&#8221; header_font_size=&#8221;34px&#8221; header_3_font_size=&#8221;68px&#8221; custom_padding=&#8221;|0px||0%|false|false&#8221; scroll_horizontal_motion=&#8221;0|50|50|100|2|0|0&#8243; header_font_size_tablet=&#8221;34px&#8221; header_font_size_phone=&#8221;34px&#8221; header_font_size_last_edited=&#8221;on|desktop&#8221; header_3_font_size_tablet=&#8221;30px&#8221; header_3_font_size_phone=&#8221;30px&#8221; header_3_font_size_last_edited=&#8221;on|desktop&#8221; global_colors_info=&#8221;{}&#8221;]<\/p>\n<h3 style=\"text-align: center;\">Timeline<\/h3>\n<p>[\/et_pb_text][dipl_timeline select_timeline_layout=&#8221;dipl_date_tree&#8221; global_date_tree_image_size=&#8221;100%&#8221; timeline_bar_color=&#8221;#f4f4f4&#8243; timeline_bar_fill_color=&#8221;#E02B20&#8243; timeline_bar_shape_border_size=&#8221;3px&#8221; timeline_bar_shape_color=&#8221;#FFFFFF&#8221; timeline_bar_shape_fill_color=&#8221;#FFFFFF&#8221; timeline_bar_shape_border_color=&#8221;#f4f4f4&#8243; timeline_bar_shape_border_fill_color=&#8221;#d3151b&#8221; timeline_custom_padding=&#8221;5%|5%|5%|5%|false|false&#8221; global_timeline_background_color=&#8221;#FFFFFF&#8221; _builder_version=&#8221;4.21.0&#8243; _module_preset=&#8221;default&#8221; global_timeline_header_font_size=&#8221;40px&#8221; global_timeline_text_font_size=&#8221;16px&#8221; global_timeline_text_line_height=&#8221;1.3em&#8221; global_timeline_date_font=&#8221;|700|||||||&#8221; global_timeline_date_font_size=&#8221;21px&#8221; custom_padding=&#8221;||||false|false&#8221; animation_style=&#8221;slide&#8221; animation_direction=&#8221;bottom&#8221; animation_delay=&#8221;200ms&#8221; animation_intensity_slide=&#8221;10%&#8221; hover_enabled=&#8221;0&#8243; global_colors_info=&#8221;{}&#8221; sticky_enabled=&#8221;0&#8243; global_timeline_header_font_size_last_edited=&#8221;on|phone&#8221; global_timeline_header_font_size_phone=&#8221;30px&#8221; global_timeline_header_font_size_tablet=&#8221;40px&#8221;][dipl_timeline_item timeline_title=&#8221;Il Trattato di pace di Saint-Germain&#8221; display_time=&#8221;on&#8221; timeline_custom_time=&#8221;1919&#8243; _builder_version=&#8221;4.21.0&#8243; _module_preset=&#8221;default&#8221; background_enable_color=&#8221;off&#8221; custom_padding=&#8221;||||false|false&#8221; scroll_vertical_motion=&#8221;0|50|50|100|3|0|0&#8243; scroll_fade=&#8221;0|50|50|100|100%|100|0%&#8221; scroll_scaling_enable=&#8221;on&#8221; scroll_blur=&#8221;0|40|60|100|100px|0px|0px&#8221; hover_enabled=&#8221;0&#8243; border_radii=&#8221;on|50px|50px|50px|50px&#8221; border_width_top=&#8221;0px&#8221; global_colors_info=&#8221;{}&#8221; sticky_enabled=&#8221;0&#8243; global_timeline_header_font_size_last_edited=&#8221;on|phone&#8221; global_timeline_header_font_size_phone=&#8221;35px&#8221;]<\/p>\n<p><span>l trattato di pace alla fine della Prima guerra mondiale sancisce l\u2019annessione del Sudtirolo e del Trentino all\u2019Italia. Resta delusa la speranza dei sudtirolesi di ottenere l\u2019autodeterminazione o una qualche forma di autonomia. <\/span><\/p>\n<p>[\/dipl_timeline_item][dipl_timeline_item timeline_title=&#8221;La marcia su Roma&#8221; display_time=&#8221;on&#8221; timeline_custom_time=&#8221;1922&#8243; _builder_version=&#8221;4.16&#8243; _module_preset=&#8221;default&#8221; scroll_scaling_enable=&#8221;on&#8221; global_colors_info=&#8221;{}&#8221;]<\/p>\n<p class=\"p1\">I fascisti marciano su Roma mentre il loro leader, Benito Mussolini, prende la guida del governo. Il fascismo avvia una decisa politica d\u2019italianizzazione delle minoranze linguistiche e di promozione dell\u2019immigrazione italiana nelle \u201cnuove province\u201d.<\/p>\n<p>[\/dipl_timeline_item][dipl_timeline_item timeline_title=&#8221;L\u2019opzione&#8221; display_time=&#8221;on&#8221; timeline_custom_time=&#8221;1939&#8243; _builder_version=&#8221;4.16&#8243; _module_preset=&#8221;default&#8221; scroll_scaling_enable=&#8221;on&#8221; global_colors_info=&#8221;{}&#8221;]<\/p>\n<p class=\"p1\">L\u2019Italia fascista e la Germania nazionalsocialista firmano l\u2019accordo sulle \u201copzioni\u201d: i sudtirolesi di lingua tedesca e ladina devono scegliere se emigrare nel Terzo Reich o rimanere in Italia, rinunciando a essere riconosciuti come minoranza linguistica. Pi\u00f9 dell\u201985\u2009% della popolazione sudtirolese opta per la Germania; tra il 1940 e il 1943, circa 70.000 persone abbandonano l\u2019Alto Adige.<\/p>\n<p>[\/dipl_timeline_item][dipl_timeline_item timeline_title=&#8221;Gli alleati occupano parte del territorio italiano&#8221; display_time=&#8221;on&#8221; timeline_custom_time=&#8221;1943&#8243; _builder_version=&#8221;4.16&#8243; _module_preset=&#8221;default&#8221; scroll_scaling_enable=&#8221;on&#8221; global_colors_info=&#8221;{}&#8221;]Gli alleati occupano parte del territorio italiano. Dopo la caduta di Mussolini, l\u20198 settembre 1943 il nuovo governo di Roma firma l\u2019armistizio. La Wehrmacht occupa i centri nevralgici del Nord Italia e ingloba le province di Bolzano, Trento e Belluno nella cosiddetta Zona d\u2019operazione delle Prealpi.[\/dipl_timeline_item][dipl_timeline_item timeline_title=&#8221;Una nuova fase&#8221; display_time=&#8221;on&#8221; timeline_custom_time=&#8221;1945&#8243; _builder_version=&#8221;4.16&#8243; _module_preset=&#8221;default&#8221; scroll_scaling_enable=&#8221;on&#8221; global_colors_info=&#8221;{}&#8221;]<\/p>\n<p class=\"p1\">Con la fine della Seconda guerra mondiale e la nascita della democrazia ha inizio una nuova fase. L\u20198 maggio 1945 gli Alleati consentono la fondazione della S\u00fcdtiroler Volkspartei (SVP), che riconoscono come partito di rappresentanza dei gruppi linguistici tedesco e ladino dell\u2019Alto Adige.<span class=\"Apple-converted-space\">\u00a0<\/span><\/p>\n<p>[\/dipl_timeline_item][dipl_timeline_item timeline_title=&#8221;L\u2019Accordo di Parigi&#8221; display_time=&#8221;on&#8221; timeline_custom_time=&#8221;1946&#8243; upload_timeline_image=&#8221;https:\/\/autonomiae.bz.it\/wp-content\/uploads\/2022\/03\/01.jpg&#8221; _builder_version=&#8221;4.16&#8243; _module_preset=&#8221;default&#8221; scroll_scaling_enable=&#8221;on&#8221; global_colors_info=&#8221;{}&#8221;]<span>Anche nel 1946 le speranze dei sudtirolesi di ottenere l\u2019autodeterminazione restano deluse. Gli Alleati decidono che l\u2019Alto Adige rimanga in Italia. Il 5 settembre 1946 Italia e Austria firmano per\u00f2 l\u2019Accordo Degasperi -Gruber, che garantisce la concessione di un\u2019autonomia a tutela della minoranza di lingua tedesca e la possibilit\u00e0 di riottenere la cittadinanza italiana a chi aveva optato per la Germania. <\/span>[\/dipl_timeline_item][dipl_timeline_item timeline_title=&#8221;Il primo Statuto di autonomia&#8221; display_time=&#8221;on&#8221; timeline_custom_time=&#8221;1948&#8243; _builder_version=&#8221;4.16&#8243; _module_preset=&#8221;default&#8221; scroll_scaling_enable=&#8221;on&#8221; global_colors_info=&#8221;{}&#8221;]<\/p>\n<p><span>L\u2019Assemblea costituente italiana approva il primo Statuto di autonomia. <\/span>Viene approvato un primo Statuto di autonomia per la Regione Trentino-Alto Adige. I rappresentanti politici sudtirolesi si dichiarano per\u00f2 insoddisfatti: le competenze sono assegnate, infatti, alla Regione e non alla sola Provincia di Bolzano. Inoltre, nello Statuto la minoranza ladina non viene neppure menzionata.<span class=\"Apple-converted-space\">\u00a0<\/span><\/p>\n<p>[\/dipl_timeline_item][dipl_timeline_item timeline_title=&#8221;L\u2019autonomia disattesa&#8221; display_time=&#8221;on&#8221; timeline_custom_time=&#8221;1948 \u2013 1957&#8243; _builder_version=&#8221;4.16&#8243; _module_preset=&#8221;default&#8221; scroll_scaling_enable=&#8221;on&#8221; global_colors_info=&#8221;{}&#8221;]<\/p>\n<p><span>La popolazione di lingua italiana rappresenta la maggioranza in regione cos\u00ec che le richieste delle minoranze tedesche e ladine vengono respinte. Agli occhi della popolazione altoatesina i punti fondamentali dell\u2019accordo Degasperi-Gruber non sono stati messi in pratica. Cresce il malcontento anche a causa della migrazione interna della forza lavoro e delle famiglie italiane.<\/span><\/p>\n<p>[\/dipl_timeline_item][dipl_timeline_item timeline_title=&#8221;Silvius Magnago viene eletto segretario politico della SVP&#8221; display_time=&#8221;on&#8221; timeline_custom_time=&#8221;\u25cf\u25cf\u25cf&#8221; upload_timeline_image=&#8221;https:\/\/autonomiae.bz.it\/wp-content\/uploads\/2023\/03\/Magnago-1.jpg&#8221; _builder_version=&#8221;4.16&#8243; _module_preset=&#8221;default&#8221; scroll_scaling_enable=&#8221;on&#8221; global_colors_info=&#8221;{}&#8221;]<\/p>\n<p><span>Nel 1957 Silvius Magnago viene eletto segretario politico della SVP. Sostenuto dall\u2019ala pi\u00f9 radicale del partito, organizza a Castel Firmiano una grande manifestazione di protesta contro la politica dello Stato italiano nei confronti dell\u2019Alto Adige. 35.000 manifestanti reclamano per la Provincia di Bolzano una propria autonomia.<\/span><span class=\"Apple-converted-space\">\u00a0<\/span><\/p>\n<p>[\/dipl_timeline_item][dipl_timeline_item timeline_title=&#8221;La manifestazione a Castel Firmiano&#8221; display_time=&#8221;on&#8221; timeline_custom_time=&#8221;1957&#8243; upload_timeline_image=&#8221;https:\/\/autonomiae.bz.it\/wp-content\/uploads\/2022\/03\/04.jpg&#8221; _builder_version=&#8221;4.16&#8243; _module_preset=&#8221;default&#8221; scroll_scaling_enable=&#8221;on&#8221; global_colors_info=&#8221;{}&#8221;]<\/p>\n<p class=\"p1\">A Castel Firmiano si svolge una grande manifestazione organizzata dalla S\u00fcdtiroler Volkspartei su pressione del \u201cribelle SVP\u201d Hans Dietl. I 35.000 manifestanti chiedono l\u2019autonomia per la Provincia di Bolzano e accusano il governo di Roma di continuare a promuovere l\u2019immigrazione italiana in Alto Adige.<span class=\"Apple-converted-space\">\u00a0<\/span><\/p>\n<p>[\/dipl_timeline_item][dipl_timeline_item timeline_title=&#8221;La risoluzione ONU&#8221; display_time=&#8221;on&#8221; timeline_custom_time=&#8221;1960&#8243; _builder_version=&#8221;4.16&#8243; _module_preset=&#8221;default&#8221; scroll_scaling_enable=&#8221;on&#8221; global_colors_info=&#8221;{}&#8221;]<\/p>\n<p class=\"p1\">Il nuovo Ministro degli esteri austriaco, Bruno Kreisky, porta la questione sudtirolese davanti all\u2019Assemblea dell\u2019ONU, che sollecita Italia e Austria a trovare una soluzione concordata alla controversia. I primi negoziati lasciano intravvedere per\u00f2 poche speranze di successo.<\/p>\n<p>[\/dipl_timeline_item][dipl_timeline_item timeline_title=&#8221;La Commissione dei Diciannove&#8221; display_time=&#8221;on&#8221; timeline_custom_time=&#8221;1961&#8243; _builder_version=&#8221;4.16&#8243; _module_preset=&#8221;default&#8221; scroll_scaling_enable=&#8221;on&#8221; global_colors_info=&#8221;{}&#8221;]<\/p>\n<p class=\"p1\">Il governo italiano insedia la cosiddetta Commissione dei 19 (composta da 11 italiani, 7 tedeschi e 1 ladino), che nel 1964 presenta una prima bozza del nuovo Statuto di autonomia, in base al quale gran parte delle competenze sono trasferite dalla Regione alle Province di Bolzano e Trento.<span class=\"Apple-converted-space\">\u00a0<\/span><\/p>\n<p>[\/dipl_timeline_item][dipl_timeline_item timeline_title=&#8221;La notte dei fuochi&#8221; display_time=&#8221;on&#8221; timeline_custom_time=&#8221;1961&#8243; upload_timeline_image=&#8221;https:\/\/autonomiae.bz.it\/wp-content\/uploads\/2023\/04\/traliccio.jpg&#8221; _builder_version=&#8221;4.16&#8243; _module_preset=&#8221;default&#8221; scroll_scaling_enable=&#8221;on&#8221; global_colors_info=&#8221;{}&#8221;]<\/p>\n<p class=\"p1\">\u00c8 il momento culminante di una lunga serie di attentati iniziata nel 1956. Autore dell&#8217;attentato \u00e8 il gruppo separatista BAS-Befreiungsausschuss S\u00fcdtirol (Comitato di liberazione per l&#8217;Alto Adige). <span>\u201cLa notte dei fuochi\u201d richiama l\u2019attenzione dell\u2019opinione pubblica italiana ed europea sull\u2019Alto Adige.<\/span><\/p>\n<p>[\/dipl_timeline_item][dipl_timeline_item timeline_title=&#8221;S\u00ec al Pacchetto&#8221; display_time=&#8221;on&#8221; timeline_custom_time=&#8221;1969&#8243; _builder_version=&#8221;4.16&#8243; _module_preset=&#8221;default&#8221; scroll_scaling_enable=&#8221;on&#8221; global_colors_info=&#8221;{}&#8221;]<\/p>\n<p class=\"p1\">Dopo lunghe trattative, Italia, Austria e un piccolo gruppo di rappresentanti SVP guidati da Silvius Magnago trovano un accordo su un \u201cpacchetto\u201d di misure da attuare secondo un preciso calendario operativo. Contiene 137 misure per una migliore tutela dei sudtirolesi. La SVP approva il \u201cPacchetto\u201d a strettissima maggioranza.<span class=\"Apple-converted-space\">\u00a0<\/span><\/p>\n<p>[\/dipl_timeline_item][dipl_timeline_item timeline_title=&#8221;Il secondo Statuto di autonomia&#8221; display_time=&#8221;on&#8221; timeline_custom_time=&#8221;1972&#8243; _builder_version=&#8221;4.16&#8243; _module_preset=&#8221;default&#8221; scroll_scaling_enable=&#8221;on&#8221; global_colors_info=&#8221;{}&#8221;]<\/p>\n<p><span style=\"color: #000000;\">Il nuovo Statuto di autonomia entra in vigore il 20 gennaio 1972. L\u2019eguaglianza e la tutela dei tre gruppi linguistici del territorio sono assicurate. <\/span>Molti dettagli dovranno ancora essere definiti negli anni successivi in seno alla Commissione dei Sei. Sostenitori e oppositori vi lavorano assieme. Protagonisti di primo piano sono Alcide Berloffa, Roland Riz e Alfons Benedikter.<span class=\"Apple-converted-space\">\u00a0<\/span><\/p>\n<p>[\/dipl_timeline_item][dipl_timeline_item timeline_title=&#8221;Alcide Berloffa dal 1972 \u00e8 presidente delle Commissioni&#8221; display_time=&#8221;on&#8221; timeline_custom_time=&#8221;\u25cf\u25cf\u25cf&#8221; upload_timeline_image=&#8221;https:\/\/autonomiae.bz.it\/wp-content\/uploads\/2023\/03\/Berloffa-1.jpg&#8221; _builder_version=&#8221;4.16&#8243; _module_preset=&#8221;default&#8221; scroll_scaling_enable=&#8221;on&#8221; global_colors_info=&#8221;{}&#8221;]<\/p>\n<p><span>Alcide Berloffa continua a svolgere un ruolo importante nella realizzazione dell\u2019autonomia. Dal 1972 al 1994 \u00e8 presidente della Commissione dei 6 e della Commissione dei 12. Dal 1977 al 1994 \u00e8 membro del Consiglio di Stato. Contribuisce alla fondazione della Libera Universit\u00e0 di Bolzano, diventandone vicepresidente nel 2002. Alcide Berloffa muore il 25 febbraio 2011. Era sposato con Vanda Segato, con la quale ha avuto due figli, Paolo e Giovanna.<\/span><\/p>\n<p>[\/dipl_timeline_item][dipl_timeline_item timeline_title=&#8221;La Quietanza liberatoria&#8221; display_time=&#8221;on&#8221; timeline_custom_time=&#8221;1992&#8243; upload_timeline_image=&#8221;https:\/\/autonomiae.bz.it\/wp-content\/uploads\/2023\/04\/Quietenza_1992-2.jpg&#8221; _builder_version=&#8221;4.16&#8243; _module_preset=&#8221;default&#8221; scroll_scaling_enable=&#8221;on&#8221; global_colors_info=&#8221;{}&#8221;]<\/p>\n<p class=\"p1\">Il governo italiano emana le ultime norme del \u201cPacchetto\u201d. Italia e Austria consegnano all\u2019ONU la quietanza liberatoria, che di fatto chiude la lunga vertenza internazionale riguardo alla questione altoatesina. Le trattative tra Roma e Alto Adige per un\u2019autonomia \u201cdinamica\u201d proseguono negli anni successivi.<span class=\"Apple-converted-space\">\u00a0<\/span><\/p>\n<p>[\/dipl_timeline_item][\/dipl_timeline][\/et_pb_column][\/et_pb_row][\/et_pb_section]<\/p>\n","protected":false},"excerpt":{"rendered":"<p><div class=\"et_pb_module dipl_breadcrumb dipl_breadcrumb_0\">\n\t\t\t\t\n\t\t\t\t\n\t\t\t\t\n\t\t\t\t\n\t\t\t\t\n\t\t\t\t\n\t\t\t\t<div class=\"et_pb_module_inner\">\n\t\t\t\t\t<div class=\"dipl-breadcrumb-wrapper layout2\">\n\t\t\t\t<ol class=\"dipl-breadcrumb-inner\" vocab=\"https:\/\/schema.org\/\" typeof=\"BreadcrumbList\">\n\t\t\t\t\t<li property=\"itemListElement\" typeof=\"ListItem\" data-icon=\"&#x24;\">\n\t\t\t\t\t\t\t\t<a class=\"breadcrumb-item dipl-home-page\" href=\"https:\/\/autonomiae.bz.it\/it\/\" property=\"item\" typeof=\"WebPage\" >\n\t\t\t\t\t\t\t\t\t<span class=\"breadcrumb-page\" property=\"name\">Home<\/span>\n\t\t\t\t\t\t\t\t<\/a>\n\t\t\t\t\t\t\t\t<meta property=\"position\" content=\"1\" \/>\n\t\t\t\t\t\t\t<\/li>\n\t\t\t\t<\/ol>\n\t\t\t<\/div>\n\t\t\t\t<\/div>\n\t\t\t<\/div>La stradaper l&#8217;autonomiaL\u2019Alto Adige ha ottenuto il massimo con la sua autonomia o avrebbe potuto assicurarsi di pi\u00f9?\u00a0Una cosa \u00e8 certa: la strada che ha portato all\u2019autonomia \u00e8 stata lunga e spesso vi hanno influito interessi di ordine superiore; non sono inoltre mancati ostacoli [&hellip;]<\/p>\n","protected":false},"author":2,"featured_media":0,"parent":0,"menu_order":0,"comment_status":"closed","ping_status":"closed","template":"","meta":{"_et_pb_use_builder":"on","_et_pb_old_content":"","_et_gb_content_width":"","footnotes":""},"class_list":["post-499","page","type-page","status-publish","hentry"],"_links":{"self":[{"href":"https:\/\/autonomiae.bz.it\/it\/wp-json\/wp\/v2\/pages\/499","targetHints":{"allow":["GET"]}}],"collection":[{"href":"https:\/\/autonomiae.bz.it\/it\/wp-json\/wp\/v2\/pages"}],"about":[{"href":"https:\/\/autonomiae.bz.it\/it\/wp-json\/wp\/v2\/types\/page"}],"author":[{"embeddable":true,"href":"https:\/\/autonomiae.bz.it\/it\/wp-json\/wp\/v2\/users\/2"}],"replies":[{"embeddable":true,"href":"https:\/\/autonomiae.bz.it\/it\/wp-json\/wp\/v2\/comments?post=499"}],"version-history":[{"count":0,"href":"https:\/\/autonomiae.bz.it\/it\/wp-json\/wp\/v2\/pages\/499\/revisions"}],"wp:attachment":[{"href":"https:\/\/autonomiae.bz.it\/it\/wp-json\/wp\/v2\/media?parent=499"}],"curies":[{"name":"wp","href":"https:\/\/api.w.org\/{rel}","templated":true}]}}