{"id":3191,"date":"2023-05-25T16:27:05","date_gmt":"2023-05-25T14:27:05","guid":{"rendered":"https:\/\/autonomiae.bz.it\/cookie\/"},"modified":"2023-08-02T17:42:27","modified_gmt":"2023-08-02T15:42:27","slug":"cookie","status":"publish","type":"page","link":"https:\/\/autonomiae.bz.it\/de\/cookie\/","title":{"rendered":"Cookie"},"content":{"rendered":"<p>[et_pb_section fb_built=&#8220;1&#8243; _builder_version=&#8220;4.16&#8243; _module_preset=&#8220;default&#8220; z_index=&#8220;10&#8243; custom_padding=&#8220;0px|0px|0px|0px|false|false&#8220; global_colors_info=&#8220;{}&#8220;][et_pb_row _builder_version=&#8220;4.16&#8243; _module_preset=&#8220;default&#8220; width=&#8220;95.3%&#8220; width_tablet=&#8220;80%&#8220; width_phone=&#8220;80%&#8220; width_last_edited=&#8220;on|phone&#8220; max_width=&#8220;100%&#8220; custom_padding=&#8220;0px||17px|||&#8220; border_width_bottom=&#8220;3px&#8220; saved_tabs=&#8220;all&#8220; global_colors_info=&#8220;{}&#8220;][et_pb_column type=&#8220;4_4&#8243; _builder_version=&#8220;4.16&#8243; _module_preset=&#8220;default&#8220; global_colors_info=&#8220;{}&#8220;][dipl_breadcrumb breadcrumb_layout=&#8220;layout2&#8243; separator_text=&#8220;\/&#8220; separator_size=&#8220;19px&#8220; use_home_link_custom_text=&#8220;off&#8220; _builder_version=&#8220;4.16&#8243; _module_preset=&#8220;default&#8220; text_font=&#8220;|600|||||||&#8220; text_text_color=&#8220;#000000&#8243; link_font=&#8220;|700|||||||&#8220; custom_padding=&#8220;2%||||false|false&#8220; global_colors_info=&#8220;{}&#8220;][\/dipl_breadcrumb][\/et_pb_column][\/et_pb_row][\/et_pb_section][et_pb_section fb_built=&#8220;1&#8243; _builder_version=&#8220;4.16&#8243; _module_preset=&#8220;default&#8220; custom_padding=&#8220;|0px|10%|0px|false|false&#8220; animation_style=&#8220;slide&#8220; animation_direction=&#8220;bottom&#8220; animation_delay=&#8220;300ms&#8220; animation_intensity_slide=&#8220;10%&#8220; scroll_vertical_motion=&#8220;0|50|50|100|3.5|0|-1&#8243; scroll_horizontal_motion=&#8220;0|50|50|100|3|0|-1&#8243; global_colors_info=&#8220;{}&#8220;][et_pb_row column_structure=&#8220;3_4,1_4&#8243; _builder_version=&#8220;4.16&#8243; _module_preset=&#8220;default&#8220; z_index=&#8220;2&#8243; custom_padding=&#8220;5%||0%||false|false&#8220; animation_direction=&#8220;right&#8220; scroll_vertical_motion=&#8220;0|50|50|100|3|0|-1&#8243; scroll_horizontal_motion=&#8220;0|50|50|100|-3|0|1&#8243; motion_trigger_start=&#8220;bottom&#8220; global_colors_info=&#8220;{}&#8220;][et_pb_column type=&#8220;3_4&#8243; _builder_version=&#8220;4.16&#8243; _module_preset=&#8220;default&#8220; global_colors_info=&#8220;{}&#8220;][et_pb_text _builder_version=&#8220;4.21.0&#8243; _module_preset=&#8220;default&#8220; header_font_size=&#8220;5vw&#8220; header_letter_spacing=&#8220;-2px&#8220; header_line_height=&#8220;0.9em&#8220; custom_margin=&#8220;||3%||false|false&#8220; animation_style=&#8220;slide&#8220; animation_direction=&#8220;bottom&#8220; animation_intensity_slide=&#8220;10%&#8220; scroll_vertical_motion=&#8220;0|50|50|100|3|0|-1&#8243; scroll_horizontal_motion=&#8220;0|50|50|100|-2|0|1&#8243; text_font_size_tablet=&#8220;&#8220; text_font_size_phone=&#8220;&#8220; text_font_size_last_edited=&#8220;on|phone&#8220; header_font_size_tablet=&#8220;68px&#8220; header_font_size_phone=&#8220;40px&#8220; header_font_size_last_edited=&#8220;on|desktop&#8220; header_letter_spacing_tablet=&#8220;0px&#8220; header_letter_spacing_phone=&#8220;0px&#8220; header_letter_spacing_last_edited=&#8220;on|desktop&#8220; global_colors_info=&#8220;{}&#8220;]<\/p>\n<h1 style=\"text-align: left;\">Cookie<\/h1>\n<p>[\/et_pb_text][\/et_pb_column][et_pb_column type=&#8220;1_4&#8243; _builder_version=&#8220;4.16&#8243; _module_preset=&#8220;default&#8220; global_colors_info=&#8220;{}&#8220;][\/et_pb_column][\/et_pb_row][et_pb_row column_structure=&#8220;1_2,1_2&#8243; _builder_version=&#8220;4.16&#8243; _module_preset=&#8220;default&#8220; z_index=&#8220;2&#8243; custom_padding=&#8220;0%||0%||false|false&#8220; animation_direction=&#8220;right&#8220; scroll_vertical_motion=&#8220;0|50|50|100|3|0|-1&#8243; scroll_horizontal_motion=&#8220;0|50|50|100|-3|0|1&#8243; motion_trigger_start=&#8220;bottom&#8220; global_colors_info=&#8220;{}&#8220;][et_pb_column type=&#8220;1_2&#8243; _builder_version=&#8220;4.16&#8243; _module_preset=&#8220;default&#8220; global_colors_info=&#8220;{}&#8220;][et_pb_text _builder_version=&#8220;4.21.0&#8243; _module_preset=&#8220;default&#8220; text_font_size=&#8220;16px&#8220; text_line_height=&#8220;1.3em&#8220; header_font_size=&#8220;34px&#8220; header_3_font_size=&#8220;30px&#8220; custom_padding=&#8220;|0.6%||0%|false|false&#8220; scroll_horizontal_motion=&#8220;0|50|50|100|3|0|-1&#8243; hover_enabled=&#8220;0&#8243; header_font_size_tablet=&#8220;34px&#8220; header_font_size_phone=&#8220;34px&#8220; header_font_size_last_edited=&#8220;on|desktop&#8220; header_3_font_size_tablet=&#8220;30px&#8220; header_3_font_size_phone=&#8220;23px&#8220; header_3_font_size_last_edited=&#8220;on|phone&#8220; global_colors_info=&#8220;{}&#8220; sticky_enabled=&#8220;0&#8243;]<\/p>\n<div id=\"js-iub-cookie-policy-text\">\n<h1>Informationen zum Artikel 13 der Datenschutz-Grundverordnung 2016\/679<\/h1>\n<p>&nbsp;<\/p>\n<h2>Was sind Cookies?<\/h2>\n<p>Cookies sind kleine Textdateien, die kleine Mengen von Informationen enthalten und auf Ihrem Computer oder mobilen Ger\u00e4t heruntergeladen werden, wenn Sie eine Website besuchen. Cookies werden dann bei jedem k\u00fcnftigen Besuch zur\u00fcck an die Website gesendet, von der sie stammen, oder auch an eine andere Website, die das Cookie erkennt. Cookies sind n\u00fctzlich, weil Webseiten damit die Ger\u00e4te einzelner Benutzer erkennen k\u00f6nnen (wie beispielsweise Kennw\u00f6rter, die gew\u00e4hlte Sprache, die Schriftgr\u00f6\u00dfe, andere Display-Einstellungen). Cookies erlauben es so, eine Webseite an Ihre Interessen anzupassen, damit diese nicht jedes Mal neu eingegeben werden m\u00fcssen.<\/p>\n<p>Cookies werden daher verwendet, um Computer-Authentifizierungen durchf\u00fchren, Besuche zu \u00fcberwachen und das Verhalten der Benutzer auf einer Website zu beobachten. Sie k\u00f6nnen auch einen eindeutigen Identifizierungskodex beinhalten, der f\u00fcr statistische Zwecke oder f\u00fcr Werbung die Navigation der Benutzer innerhalb der Webseite nachverfolgt. W\u00e4hrend der Navigation auf der Webseite k\u00f6nnen Sie auf Ihrem Computer oder mobilen Ger\u00e4t auch Cookies anderer Webseiten oder Web-Server erhalten (siehe<span>\u00a0<\/span><strong>&#8222;Drittanbieter-Cookies&#8220;<\/strong>). Einige Funktionalit\u00e4ten k\u00f6nnten ohne Cookies nicht oder nicht richtig funktionieren, daher sind sie in bestimmten F\u00e4llen f\u00fcr das einwandfreie Funktionieren der Webseite technisch notwendig.<\/p>\n<p>Es gibt verschiedene Arten von Cookies. Entsprechend ihren Eigenschaften und Funktionen k\u00f6nnen diese auf Ihrem Computer oder auf Ihrem mobilen Ger\u00e4t unterschiedlich lang gespeichert bleiben: die Sessions-Cookies, die automatisch gel\u00f6scht werden, sobald der Browser geschlossen wird; die so genannten dauerhaften Cookies, die auf dem Ger\u00e4t des Benutzers bis zu einem vorher festgelegten Zeitpunkt bleiben.<\/p>\n<p>Unter den geltenden Rechtsvorschriften in Italien ist f\u00fcr die Verwendung von Cookies nicht immer die ausdr\u00fcckliche Zustimmung erforderlich. Insbesondere die sog.<span>\u00a0<\/span><strong>&#8222;technischen&#8220;<\/strong><span>\u00a0<\/span>Cookies erfordern diese nicht, etwa zur \u00dcbertragung einer Nachricht \u00fcber ein elektronisches Kommunikationsnetzwerk, oder um einen vom Benutzer explizit angeforderten Dienst bereitzustellen. Es handelt sich, mit anderen Worten, um unverzichtbare Cookies f\u00fcr das einwandfreie Funktionieren der Seite oder f\u00fcr Aktivit\u00e4ten, die der Benutzer anfordert.<\/p>\n<p>Zu den technischen Cookies, die nicht die ausdr\u00fcckliche Zustimmung zu deren Verwendung ben\u00f6tigen, z\u00e4hlt die Beh\u00f6rde f\u00fcr den Schutz personenbezogener Daten folgende Cookies (siehe Allgemeine Ma\u00dfnahme;<span>\u00a0<\/span><a title=\"Zur externen Seite \u00abIndividuazione delle modalit\u00e0 semplificate per l\u2019informativa e l\u2019acquisizione del consenso per l\u2019uso dei cookie\u00bb des \u00abGarante per la protezione dei dati personali\u00bb\" href=\"https:\/\/www.garanteprivacy.it\/web\/guest\/home\/docweb\/-\/docweb-display\/docweb\/3118884\">\u201eErkennung vereinfachter Verfahren f\u00fcr die Information und den Erhalt der Zustimmung f\u00fcr die Verwendung der Cookies &#8211; 8. Mai 2014\u201c<\/a><span>\u00a0<\/span>und<span>\u00a0<\/span><a title=\"Zur externen Seite \u00abLinee guida cookie e altri strumenti di tracciamento - 10 giugno 2021\u00bb des \u00abGarante per la protezione dei dati personali\u00bb\" href=\"https:\/\/www.garanteprivacy.it\/web\/guest\/home\/docweb\/-\/docweb-display\/docweb\/9677876\">\u201cLinee guida cookie e altri strumenti di tracciamento &#8211; 10 giugno 2021\u201d<\/a>):<\/p>\n<ul>\n<li>\u201eanalytische Cookies&#8220;, direkt eingesetzt durch den Seitenbetreiber, um Informationen bez\u00fcglich Anzahl und Verhalten der Benutzer ebendieser Webseite zu sammeln,<\/li>\n<li>Cookies f\u00fcr die Navigation oder Sitzungs-Cookies (f\u00fcr die Authentifizierung, einen Kauf zu t\u00e4tigen usw.),<\/li>\n<li>Funktionalit\u00e4ts-Cookies, die es dem Nutzer erm\u00f6glichen, nach einer Reihe ausgew\u00e4hlter Kriterien (z. B. Sprache, zum Kauf ausgew\u00e4hlter Produkte) zu navigieren, um den dem Nutzer gebotenen Service zu verbessern.<\/li>\n<\/ul>\n<p>F\u00fcr Cookies, die zur Erstellung von Nutzer-Profilen zur Erstellung von Werbebotschaften ausgerichtet sind, ist eine vorherige Zustimmung des Benutzers notwendig und erfolgt in Einklang mit seinen Vorlieben, die aus der Navigation zu erkennen sind.<\/p>\n<h2>Welche Art von Cookies verwenden wir?<\/h2>\n<p>Diese Website verwendet keine Cookies zur Erstellung von Benutzerprofilen.Insbesondere verwendet diese Website:<\/p>\n<ul>\n<li><strong>Technische Cookies<\/strong>, d.h. f\u00fcr die Navigation oder Besuche, zwingend n\u00f6tig f\u00fcr das einwandfreie Funktionieren der Webseite oder f\u00fcr die Nutzung der angebotenen Inhalte und Dienste von Seiten der Benutzer.<\/li>\n<li><strong>Analytische-Cookies<\/strong><span>\u00a0<\/span>helfen zu verstehen, wie die Website von den Benutzern verwendet wird. Diese Cookies sammeln weder Informationen \u00fcber die Identit\u00e4t des Benutzers noch personenbezogene Daten: Sie sind mit technischen Cookies vergleichbar, da die gesamte IP-Adresse maskiert wird. Die Informationen werden in aggregierter und anonymisierter Form verarbeitet.<br \/>Diese Art von Cookie wird von Siteimprove Analytics installiert und erm\u00f6glicht, trotz der Maskierung der IP-Adresse, die Erstellung detaillierter Statistiken \u00fcber die Besucher der Website.<\/li>\n<li><strong>Cookies von Drittanbietern<\/strong>, sind Cookies, die aus anderen Webseiten oder Web-Servern stammen und den Zwecken ebendieser dienen.<\/li>\n<\/ul>\n<p>Beim Besuch einer Webseite werden Cookies sowohl von der besuchten Seite (&#8222;Eigent\u00fcmer&#8220;), als auch von anderen Organisationen (&#8222;Dritten&#8220;) gesetzt. Besonders hervorzuheben sind die &#8222;Social Plugins&#8220; wie Facebook, Twitter und Google. Es handelt sich dabei um Bereiche der besuchten Webseite, die von den Seiten Dritter generiert und in die besuchte Webseite integriert werden. Die h\u00e4ufigste Verwendung von Social Plugins zielt auf den Austausch von Inhalten mit sozialen Netzwerken ab.<\/p>\n<p>Diese Plugins beziehen sich auf die \u00dcbertragung der Cookies von und zu Webseiten Dritter. Diese Informationen von &#8222;Dritten&#8220; werden in den entsprechenden Regelungen verwaltet, die bitte zu beachten sind. Um h\u00f6chste Transparenz und Bequemlichkeit zu gew\u00e4hrleisten, finden Sie in der Folge die Internetadressen mit den verschiedenen Informationen und Verwendungsm\u00f6glichkeiten von Cookies.<\/p>\n<ul>\n<li><a title=\"Zur externen Seite \u00abCookie-Richtlinie\u00bb von Facebook\" href=\"https:\/\/www.facebook.com\/privacy\/policies\/cookies\/\">Facebook Regelung<\/a><\/li>\n<li>Facebook Konfiguration: greifen Sie auf Ihren Account zu. Bereich Privatsph\u00e4re.<\/li>\n<li><a title=\"Zur externen Seite \u00abWie Cookies auf Twitter verwendet werden\u00bb von Twitter\" href=\"https:\/\/help.twitter.com\/de\/rules-and-policies\/twitter-cookies\">Twitter Regelung<\/a><\/li>\n<li><a title=\"Zur externen Seite \u00abEinstellungen\u00bb von Twitter\" href=\"https:\/\/twitter.com\/settings\/security\">Twitter Konfiguration<\/a><\/li>\n<li><a title=\"Zur externen Seite \u00abSo verwendet Google Cookies\u00bb von Google\" href=\"https:\/\/policies.google.com\/technologies\/cookies?hl=de\">Google Regelung<\/a><\/li>\n<li><a title=\"Zur externen Seite \u00abCookies in Ihrem Browser verwalten\u00bb von Google\" href=\"https:\/\/policies.google.com\/technologies\/cookies?hl=de#managing-cookies\">Google Konfiguration<\/a><\/li>\n<li><a title=\"Zur externen Seite \u00abSo verwendet Google Cookies\u00bb von Google (YouTube)\" href=\"https:\/\/policies.google.com\/technologies\/cookies?hl=de\">Youtube Regelung<\/a><\/li>\n<li><a title=\"Zur externen Seite \u00abCookies in Ihrem Browser verwalten\u00bb von Google (YouTube)\" href=\"https:\/\/policies.google.com\/technologies\/cookies?hl=de#managing-cookies\">Youtube Konfiguration<\/a><\/li>\n<li><a title=\"Zur externen Seite \u00abCookie Policy\u00bb von LinkedIn\" href=\"https:\/\/www.linkedin.com\/legal\/cookie-policy\" hreflang=\"en\">LinkedIn Regelung<\/a><\/li>\n<li><a title=\"Zur externen Seite \u00abManage your account and privacy settings\u00bb von LinkedIn\" href=\"https:\/\/www.linkedin.com\/help\/linkedin\/answer\/66\" hreflang=\"en\">LinkedIn Konfiguration<\/a><\/li>\n<li><a title=\"Zur externen Seite \u00abCookie-Richtlinie\u00bb von Instagram\" href=\"https:\/\/help.instagram.com\/1896641480634370\/\">Instagram Regelung<\/a><\/li>\n<li><a title=\"Zur externen Seite \u00abDeine Privatsph\u00e4re-Einstellungen verwalten\u00bb von Instagram\" href=\"https:\/\/help.instagram.com\/811572406418223\/\">LinkedIn Konfiguration<\/a><\/li>\n<\/ul>\n<p>&nbsp;<\/p>\n<h3>Technische und analytische Cookies<\/h3>\n<p>Beschreibung: Technische Cookies &#8211; die f\u00fcr den Betrieb der Website unbedingt erforderlich sind oder es dem Nutzer erm\u00f6glichen, die von ihm angeforderten Inhalte und Dienste in Anspruch zu nehmen &#8211; und analytische Cookies &#8211; die in aggregierter und pseudonymisierter Form installiert werden, um zu verstehen, wie die Website genutzt wird &#8211; bed\u00fcrfen keiner vorherigen Zustimmung des Nutzers.<\/p>\n<h3>Cookies von Drittanbietern<\/h3>\n<p>Beschreibung: Dies sind Cookies von verschiedenen Websites oder Webservern, die f\u00fcr die Zwecke dieser Dritten verwendet werden. Die Autonome Provinz Bozen ist nicht in der Lage, eine spezifische Kontrolle \u00fcber diese Dritten und ihre Cookies auszu\u00fcben. Sie werden verwendet, um dem Nutzer Dienste zur Bereitstellung von Inhalten aus den wichtigsten sozialen Netzwerken, einschlie\u00dflich multimedialer Inhalte, oder zur Verbreitung derselben anzubieten.<\/p>\n<h3>Verwaltung von Cookies \u00fcber die Browsereinstellungen<\/h3>\n<p>Zus\u00e4tzlich zu diesem Vorgang k\u00f6nnen Sie auch \u00fcber die spezifischen Funktionen Ihres Browsers Cookies zulassen, blockieren oder (ganz oder teilweise) l\u00f6schen: Falls jedoch alle oder einige Cookies deaktiviert werden, ist es m\u00f6glich, dass die Website nicht konsultiert werden kann oder dass einige Dienste oder bestimmte Funktionen der Website nicht verf\u00fcgbar sind oder nicht ordnungsgem\u00e4\u00df funktionieren und\/oder, dass Sie gezwungen sind, bestimmte Informationen oder Pr\u00e4ferenzen bei jedem Besuch der Website zu \u00e4ndern oder manuell einzugeben.<\/p>\n<p>Im Folgenden haben wir Links zusammengestellt, unter denen Sie detaillierte Informationen zur Deaktivierung von Cookies in g\u00e4ngigen Browsern finden.<\/p>\n<ul>\n<li><a title=\"Zur externen Seite \u00abL\u00f6schen und Verwalten von Cookies\u00bb von Microsoft\" href=\"https:\/\/support.microsoft.com\/de-de\/windows\/l%C3%B6schen-und-verwalten-von-cookies-168dab11-0753-043d-7c16-ede5947fc64d\">Internet Explorer<\/a><\/li>\n<li><a title=\"Zur externen Seite \u00abVerbesserter Schutz vor Aktivit\u00e4tenverfolgung in Firefox f\u00fcr Desktop\u00bb von Mozilla\" href=\"https:\/\/support.mozilla.org\/de\/kb\/verbesserter-schutz-aktivitatenverfolgung-desktop\">Firefox<\/a><\/li>\n<li><a title=\"Zur externen Seite \u00abCookies in Chrome l\u00f6schen, zulassen und verwalten\u00bb von Google\" href=\"https:\/\/support.google.com\/chrome\/answer\/95647?hl=de&amp;topic=14666&amp;ctx=topic\">Chrome<\/a><\/li>\n<li><a title=\"Zur externen Seite \u00abWebeinstellungen\u00bb von Opera\" href=\"https:\/\/help.opera.com\/de\/latest\/web-preferences\/\" hreflang=\"en\">Opera<\/a><\/li>\n<li><a title=\"Zur externen Seite \u00abL\u00f6schen von Cookies in Safari auf dem Mac\u00bb von Apple\" href=\"https:\/\/support.apple.com\/de-de\/guide\/safari\/sfri11471\/mac\">Safari<\/a><\/li>\n<\/ul>\n<p>Weitere Informationen und Details \u00fcber die verschiedenen Arten von Cookies, deren Funktionsweise und Features finden Sie unter<span>\u00a0<\/span><a title=\"Zur externen Website \u00aball about cookies\u00bb\" href=\"https:\/\/allaboutcookies.org\/\" hreflang=\"en\">www.AllAboutCookies.org<\/a>.<\/p>\n<p>Alle weiteren Hinweise wie, wann und welche Informationen die Verantwortlichen den Benutzern beim Besuch von Webseiten zur Verf\u00fcgung stellen m\u00fcssen, k\u00f6nnen Sie unter folgendem<span>\u00a0<\/span><a title=\"Zur Seite \u00abPrivacy\u00bb\" href=\"https:\/\/betrieb-landesmuseen.provinz.bz.it\/privacy.asp\">Link<\/a><span>\u00a0<\/span>in Erfahrung bringen.<\/p>\n<p>&nbsp;<\/p>\n<\/div>\n<h2 class=\"lv_heading_secondary\"><span>Dienste<\/span><\/h2>\n<div id=\"js-iub-cookie-policy-services\">\n<div class=\"one_line_col\">\n<p>Diese Website nutzt sogenannte \u201etechnische\u201c Cookies und \u00e4hnliche Tracker, um Vorg\u00e4nge zu erm\u00f6glichen, die f\u00fcr die Durchf\u00fchrung und Erbringung des Dienstes unbedingt erforderlich sind.<\/p>\n<p>&nbsp;<\/p>\n<\/div>\n<div class=\"one_line_col\">\n<ul class=\"for_boxes\">\n<li>\n<div class=\"box_primary box_10 expand\">\n<h3 class=\"expand-click w_icon_24 iub-purpose\">Analytik<\/h3>\n<div class=\"expand-content\">\n<p>Mit den in diesem Abschnitt aufgef\u00fchrten Dienstleistungen kann der Anbieter den Datenverkehr \u00fcberwachen und analysieren sowie das Verhalten von Nutzern nachverfolgen.<\/p>\n<h4 class=\"iub-service\">Siteimprove Analytics<\/h4>\n<div class=\"wrap\">\n<p>Diese Website benutzt Siteimprove Analytics, einen Webanalysedienst, der von Siteimprove zur Verf\u00fcgung gestellt wird.<br \/>Dieser wird auf Amazon AWS gehostet und verwendet ein Latenz-basiertes Routing, um zu bestimmen, welcher Endpunkt verwenden werden soll. Endpunkte befinden sich in Frankfurt (DE) und in den USA (Ost und West). F\u00fcr europ\u00e4ische Kunden wird Frankfurt als prim\u00e4rer Endpunkt von Amazon AWS verwendet. Lediglich bei einer sehr langen Zeit zwischen Anfrage und Antwort bei dem AWS Frankfurt (Latenz) oder in dem unwahrscheinlichen Fall, dass AWS Frankfurt nicht mehr verf\u00fcgbar ist, werden die Daten von den Endpunkten in den USA mit der niedrigsten Latenz abgerufen.<\/p>\n<\/div>\n<p>Speicherdauer:<\/p>\n<ul>\n<li>nmstat: 1000 Tage<\/li>\n<li>AWSALB: 7 Tage<\/li>\n<li>AWSALBCORS: 7 Tage<\/li>\n<li>szcib: 400 Tage<\/li>\n<li>sz-feedback-should-hide: Sitzungsdauer<\/li>\n<\/ul>\n<\/div>\n<\/div>\n<\/li>\n<\/ul>\n<\/div>\n<\/div>\n<p>[\/et_pb_text][\/et_pb_column][et_pb_column type=&#8220;1_2&#8243; _builder_version=&#8220;4.16&#8243; _module_preset=&#8220;default&#8220; global_colors_info=&#8220;{}&#8220;][\/et_pb_column][\/et_pb_row][\/et_pb_section]<\/p>\n","protected":false},"excerpt":{"rendered":"<p><div class=\"et_pb_module dipl_breadcrumb dipl_breadcrumb_0\">\n\t\t\t\t\n\t\t\t\t\n\t\t\t\t\n\t\t\t\t\n\t\t\t\t\n\t\t\t\t\n\t\t\t\t<div class=\"et_pb_module_inner\">\n\t\t\t\t\t<div class=\"dipl-breadcrumb-wrapper layout2\">\n\t\t\t\t<ol class=\"dipl-breadcrumb-inner\" vocab=\"https:\/\/schema.org\/\" typeof=\"BreadcrumbList\">\n\t\t\t\t\t<li property=\"itemListElement\" typeof=\"ListItem\" data-icon=\"&#x24;\">\n\t\t\t\t\t\t\t\t<a class=\"breadcrumb-item dipl-home-page\" href=\"https:\/\/autonomiae.bz.it\/de\/\" property=\"item\" typeof=\"WebPage\" >\n\t\t\t\t\t\t\t\t\t<span class=\"breadcrumb-page\" property=\"name\">Home<\/span>\n\t\t\t\t\t\t\t\t<\/a>\n\t\t\t\t\t\t\t\t<meta property=\"position\" content=\"1\" \/>\n\t\t\t\t\t\t\t<\/li>\n\t\t\t\t<\/ol>\n\t\t\t<\/div>\n\t\t\t\t<\/div>\n\t\t\t<\/div>Cookie Informationen zum Artikel 13 der Datenschutz-Grundverordnung 2016\/679 &nbsp; Was sind Cookies? Cookies sind kleine Textdateien, die kleine Mengen von Informationen enthalten und auf Ihrem Computer oder mobilen Ger\u00e4t heruntergeladen werden, wenn Sie eine Website besuchen. Cookies werden dann bei jedem k\u00fcnftigen Besuch zur\u00fcck [&hellip;]<\/p>\n","protected":false},"author":2,"featured_media":0,"parent":0,"menu_order":0,"comment_status":"closed","ping_status":"closed","template":"","meta":{"_et_pb_use_builder":"on","_et_pb_old_content":"","_et_gb_content_width":"","footnotes":""},"class_list":["post-3191","page","type-page","status-publish","hentry"],"_links":{"self":[{"href":"https:\/\/autonomiae.bz.it\/de\/wp-json\/wp\/v2\/pages\/3191","targetHints":{"allow":["GET"]}}],"collection":[{"href":"https:\/\/autonomiae.bz.it\/de\/wp-json\/wp\/v2\/pages"}],"about":[{"href":"https:\/\/autonomiae.bz.it\/de\/wp-json\/wp\/v2\/types\/page"}],"author":[{"embeddable":true,"href":"https:\/\/autonomiae.bz.it\/de\/wp-json\/wp\/v2\/users\/2"}],"replies":[{"embeddable":true,"href":"https:\/\/autonomiae.bz.it\/de\/wp-json\/wp\/v2\/comments?post=3191"}],"version-history":[{"count":0,"href":"https:\/\/autonomiae.bz.it\/de\/wp-json\/wp\/v2\/pages\/3191\/revisions"}],"wp:attachment":[{"href":"https:\/\/autonomiae.bz.it\/de\/wp-json\/wp\/v2\/media?parent=3191"}],"curies":[{"name":"wp","href":"https:\/\/api.w.org\/{rel}","templated":true}]}}