{"id":3166,"date":"2022-12-07T11:09:10","date_gmt":"2022-12-07T09:09:10","guid":{"rendered":"https:\/\/autonomiae.bz.it\/netiquette\/"},"modified":"2023-05-25T15:36:06","modified_gmt":"2023-05-25T13:36:06","slug":"netiquette","status":"publish","type":"page","link":"https:\/\/autonomiae.bz.it\/de\/netiquette\/","title":{"rendered":"Netiquette"},"content":{"rendered":"<p>[et_pb_section fb_built=&#8220;1&#8243; _builder_version=&#8220;4.16&#8243; _module_preset=&#8220;default&#8220; z_index=&#8220;10&#8243; custom_padding=&#8220;0px|0px|0px|0px|false|false&#8220; global_colors_info=&#8220;{}&#8220;][et_pb_row _builder_version=&#8220;4.16&#8243; _module_preset=&#8220;default&#8220; width=&#8220;95.3%&#8220; width_tablet=&#8220;80%&#8220; width_phone=&#8220;80%&#8220; width_last_edited=&#8220;on|phone&#8220; max_width=&#8220;100%&#8220; custom_padding=&#8220;0px||17px|||&#8220; border_width_bottom=&#8220;3px&#8220; saved_tabs=&#8220;all&#8220; global_colors_info=&#8220;{}&#8220;][et_pb_column type=&#8220;4_4&#8243; _builder_version=&#8220;4.16&#8243; _module_preset=&#8220;default&#8220; global_colors_info=&#8220;{}&#8220;][dipl_breadcrumb breadcrumb_layout=&#8220;layout2&#8243; separator_text=&#8220;\/&#8220; separator_size=&#8220;19px&#8220; use_home_link_custom_text=&#8220;off&#8220; _builder_version=&#8220;4.16&#8243; _module_preset=&#8220;default&#8220; text_font=&#8220;|600|||||||&#8220; text_text_color=&#8220;#000000&#8243; link_font=&#8220;|700|||||||&#8220; custom_padding=&#8220;2%||||false|false&#8220; global_colors_info=&#8220;{}&#8220;][\/dipl_breadcrumb][\/et_pb_column][\/et_pb_row][\/et_pb_section][et_pb_section fb_built=&#8220;1&#8243; _builder_version=&#8220;4.16&#8243; _module_preset=&#8220;default&#8220; custom_padding=&#8220;|0px|10%|0px|false|false&#8220; animation_style=&#8220;slide&#8220; animation_direction=&#8220;bottom&#8220; animation_delay=&#8220;300ms&#8220; animation_intensity_slide=&#8220;10%&#8220; scroll_vertical_motion=&#8220;0|50|50|100|3.5|0|-1&#8243; scroll_horizontal_motion=&#8220;0|50|50|100|3|0|-1&#8243; global_colors_info=&#8220;{}&#8220;][et_pb_row column_structure=&#8220;3_4,1_4&#8243; _builder_version=&#8220;4.16&#8243; _module_preset=&#8220;default&#8220; z_index=&#8220;2&#8243; custom_padding=&#8220;5%||0%||false|false&#8220; animation_direction=&#8220;right&#8220; scroll_vertical_motion=&#8220;0|50|50|100|3|0|-1&#8243; scroll_horizontal_motion=&#8220;0|50|50|100|-3|0|1&#8243; motion_trigger_start=&#8220;bottom&#8220; global_colors_info=&#8220;{}&#8220;][et_pb_column type=&#8220;3_4&#8243; _builder_version=&#8220;4.16&#8243; _module_preset=&#8220;default&#8220; global_colors_info=&#8220;{}&#8220;][et_pb_text _builder_version=&#8220;4.16&#8243; _module_preset=&#8220;default&#8220; header_font_size=&#8220;5vw&#8220; header_letter_spacing=&#8220;-2px&#8220; header_line_height=&#8220;0.9em&#8220; custom_margin=&#8220;||3%||false|false&#8220; animation_style=&#8220;slide&#8220; animation_direction=&#8220;bottom&#8220; animation_intensity_slide=&#8220;10%&#8220; scroll_vertical_motion=&#8220;0|50|50|100|3|0|-1&#8243; scroll_horizontal_motion=&#8220;0|50|50|100|-2|0|1&#8243; text_font_size_tablet=&#8220;&#8220; text_font_size_phone=&#8220;&#8220; text_font_size_last_edited=&#8220;on|phone&#8220; header_font_size_tablet=&#8220;68px&#8220; header_font_size_phone=&#8220;40px&#8220; header_font_size_last_edited=&#8220;on|desktop&#8220; header_letter_spacing_tablet=&#8220;0px&#8220; header_letter_spacing_phone=&#8220;0px&#8220; header_letter_spacing_last_edited=&#8220;on|desktop&#8220; global_colors_info=&#8220;{}&#8220;]<\/p>\n<h1 style=\"text-align: left;\"> Netiquette <\/h1>\n<p>[\/et_pb_text][\/et_pb_column][et_pb_column type=&#8220;1_4&#8243; _builder_version=&#8220;4.16&#8243; _module_preset=&#8220;default&#8220; global_colors_info=&#8220;{}&#8220;][\/et_pb_column][\/et_pb_row][et_pb_row column_structure=&#8220;1_2,1_2&#8243; _builder_version=&#8220;4.16&#8243; _module_preset=&#8220;default&#8220; z_index=&#8220;2&#8243; custom_padding=&#8220;0%||0%||false|false&#8220; animation_direction=&#8220;right&#8220; scroll_vertical_motion=&#8220;0|50|50|100|3|0|-1&#8243; scroll_horizontal_motion=&#8220;0|50|50|100|-3|0|1&#8243; motion_trigger_start=&#8220;bottom&#8220; global_colors_info=&#8220;{}&#8220;][et_pb_column type=&#8220;1_2&#8243; _builder_version=&#8220;4.16&#8243; _module_preset=&#8220;default&#8220; global_colors_info=&#8220;{}&#8220;][et_pb_text _builder_version=&#8220;4.21.0&#8243; _module_preset=&#8220;default&#8220; text_font_size=&#8220;16px&#8220; text_line_height=&#8220;1.3em&#8220; header_font_size=&#8220;34px&#8220; header_3_font_size=&#8220;30px&#8220; custom_padding=&#8220;|0.6%||0%|false|false&#8220; scroll_horizontal_motion=&#8220;0|50|50|100|3|0|-1&#8243; hover_enabled=&#8220;0&#8243; header_font_size_tablet=&#8220;34px&#8220; header_font_size_phone=&#8220;34px&#8220; header_font_size_last_edited=&#8220;on|desktop&#8220; header_3_font_size_tablet=&#8220;30px&#8220; header_3_font_size_phone=&#8220;23px&#8220; header_3_font_size_last_edited=&#8220;on|phone&#8220; global_colors_info=&#8220;{}&#8220; sticky_enabled=&#8220;0&#8243;]<\/p>\n<p class=\"p1\"><span class=\"s1\"> Diese Webseite thematisiert die S\u00fcdtiroler Autonomie und das Zusammenleben der Bev\u00f6lkerung in der Autonomen Provinz Bozen. Der Betrieb Landesmuseen ist bestrebt, die Begegnung und den Austausch zu f\u00f6rdern, und legt gro\u00dfen Wert darauf, dass dies in einer respektvollen und wertsch\u00e4tzenden Weise geschieht. Daher ver\u00f6ffentlichen wir Beitr\u00e4ge erst nach einer redaktionellen \u00dcberpr\u00fcfung bez\u00fcglich diskriminierender und entw\u00fcrdigender Inhalte. Beim Verfassen von Kommentaren und Beitr\u00e4gen bitten wir, die allgemeinen Regeln von Anstand und Fairness einzuhalten. <\/span><\/p>\n<h4 class=\"p1\"><strong><span class=\"s1\"><\/span><\/strong><\/h4>\n<h4 class=\"p1\"><strong><span class=\"s1\"> Bei der redaktionellen Freigabe der Kommentare und Beitr\u00e4ge wenden wir folgende Kriterien an: <\/span><\/strong><\/h4>\n<p class=\"p1\"><span class=\"s1\"><b><\/b><\/span><\/p>\n<p class=\"p1\"><span class=\"s1\"><b> Bleiben Sie respektvoll und h\u00f6flich<br \/>\n<\/b><\/span><span class=\"s1\">Verhalten Sie sich in Ihren Beitr\u00e4gen mit Respekt und Freundlichkeit, so wie Sie selbst behandelt werden m\u00f6chten. Wir ver\u00f6ffentlichen keine Beitr\u00e4ge, die menschenverachtende, rassistische, sexistische, Gewalt verherrlichende, extremistische oder Sprachgruppen oder sonstige Gruppen pauschal verurteilende oder beleidigende \u00c4u\u00dferungen enthalten.<br \/>\n<\/span><\/p>\n<p class=\"p1\"><span class=\"s1\"><b><\/b><\/span><\/p>\n<p class=\"p1\"><span class=\"s1\"><b> Kommentieren Sie themenbezogen <span class=\"Apple-converted-space\"><br \/>\n<\/span><\/b><\/span><span class=\"s1\">Die Beitr\u00e4ge und Kommentare sollten einen klaren Bezug zum Thema S\u00fcdtiroler Autonomie bzw. Autonomie haben.<br \/>\n<span class=\"Apple-converted-space\">\u00a0<\/span><\/span><span class=\"s1\"><\/span><\/p>\n<p class=\"p1\"><span class=\"s1\"><b> Respektieren Sie die Privacy<br \/>\n<\/b><\/span><span class=\"s1\">Wir ver\u00f6ffentlichen keine Kommentare, die personenbezogene Daten enthalten, vor allem, wenn es sich um Daten anderer Personen handelt.<br \/>\n<\/span><\/p>\n<p class=\"p2\"><span class=\"s1\"><\/span><\/p>\n<p class=\"p1\"><span class=\"s1\"><b>Stehen Sie zu Ihrer Meinung<br \/>\n<\/b><\/span><span class=\"s1\">Der Betrieb Landesmuseen ermutigt die Nutzerinnen und Nutzer zur Verwendung des Vollnamens, akzeptiert jedoch auch nur einen der beiden (zB. nur Vorname, nur Nachname oder Vorname und Initial des Nachnamens). Pseudonyme werden prinzipiell nicht gestattet.<br \/>\n<\/span><\/p>\n<p>[\/et_pb_text][\/et_pb_column][et_pb_column type=&#8220;1_2&#8243; _builder_version=&#8220;4.16&#8243; _module_preset=&#8220;default&#8220; global_colors_info=&#8220;{}&#8220;][\/et_pb_column][\/et_pb_row][\/et_pb_section]<\/p>\n","protected":false},"excerpt":{"rendered":"<p><div class=\"et_pb_module dipl_breadcrumb dipl_breadcrumb_0\">\n\t\t\t\t\n\t\t\t\t\n\t\t\t\t\n\t\t\t\t\n\t\t\t\t\n\t\t\t\t\n\t\t\t\t<div class=\"et_pb_module_inner\">\n\t\t\t\t\t<div class=\"dipl-breadcrumb-wrapper layout2\">\n\t\t\t\t<ol class=\"dipl-breadcrumb-inner\" vocab=\"https:\/\/schema.org\/\" typeof=\"BreadcrumbList\">\n\t\t\t\t\t<li property=\"itemListElement\" typeof=\"ListItem\" data-icon=\"&#x24;\">\n\t\t\t\t\t\t\t\t<a class=\"breadcrumb-item dipl-home-page\" href=\"https:\/\/autonomiae.bz.it\/de\/\" property=\"item\" typeof=\"WebPage\" >\n\t\t\t\t\t\t\t\t\t<span class=\"breadcrumb-page\" property=\"name\">Home<\/span>\n\t\t\t\t\t\t\t\t<\/a>\n\t\t\t\t\t\t\t\t<meta property=\"position\" content=\"1\" \/>\n\t\t\t\t\t\t\t<\/li>\n\t\t\t\t<\/ol>\n\t\t\t<\/div>\n\t\t\t\t<\/div>\n\t\t\t<\/div> Netiquette Diese Webseite thematisiert die S\u00fcdtiroler Autonomie und das Zusammenleben der Bev\u00f6lkerung in der Autonomen Provinz Bozen. Der Betrieb Landesmuseen ist bestrebt, die Begegnung und den Austausch zu f\u00f6rdern, und legt gro\u00dfen Wert darauf, dass dies in einer respektvollen und wertsch\u00e4tzenden Weise geschieht. [&hellip;]<\/p>\n","protected":false},"author":2,"featured_media":0,"parent":0,"menu_order":0,"comment_status":"closed","ping_status":"closed","template":"","meta":{"_et_pb_use_builder":"on","_et_pb_old_content":"","_et_gb_content_width":"","footnotes":""},"class_list":["post-3166","page","type-page","status-publish","hentry"],"_links":{"self":[{"href":"https:\/\/autonomiae.bz.it\/de\/wp-json\/wp\/v2\/pages\/3166","targetHints":{"allow":["GET"]}}],"collection":[{"href":"https:\/\/autonomiae.bz.it\/de\/wp-json\/wp\/v2\/pages"}],"about":[{"href":"https:\/\/autonomiae.bz.it\/de\/wp-json\/wp\/v2\/types\/page"}],"author":[{"embeddable":true,"href":"https:\/\/autonomiae.bz.it\/de\/wp-json\/wp\/v2\/users\/2"}],"replies":[{"embeddable":true,"href":"https:\/\/autonomiae.bz.it\/de\/wp-json\/wp\/v2\/comments?post=3166"}],"version-history":[{"count":0,"href":"https:\/\/autonomiae.bz.it\/de\/wp-json\/wp\/v2\/pages\/3166\/revisions"}],"wp:attachment":[{"href":"https:\/\/autonomiae.bz.it\/de\/wp-json\/wp\/v2\/media?parent=3166"}],"curies":[{"name":"wp","href":"https:\/\/api.w.org\/{rel}","templated":true}]}}