{"id":2656,"date":"2022-12-06T10:21:37","date_gmt":"2022-12-06T08:21:37","guid":{"rendered":"https:\/\/autonomiae.bz.it\/?page_id=2656"},"modified":"2023-08-22T09:10:06","modified_gmt":"2023-08-22T07:10:06","slug":"zeugnisse","status":"publish","type":"page","link":"https:\/\/autonomiae.bz.it\/de\/zeugnisse\/","title":{"rendered":"Zeugnisse"},"content":{"rendered":"<p>[et_pb_section fb_built=&#8220;1&#8243; _builder_version=&#8220;4.16&#8243; _module_preset=&#8220;default&#8220; z_index=&#8220;10&#8243; custom_padding=&#8220;0px|0px|0px|0px|false|false&#8220; global_colors_info=&#8220;{}&#8220;][et_pb_row _builder_version=&#8220;4.16&#8243; _module_preset=&#8220;default&#8220; width=&#8220;95.3%&#8220; width_tablet=&#8220;80%&#8220; width_phone=&#8220;80%&#8220; width_last_edited=&#8220;on|phone&#8220; max_width=&#8220;100%&#8220; custom_padding=&#8220;0px||17px|||&#8220; border_width_bottom=&#8220;3px&#8220; saved_tabs=&#8220;all&#8220; global_colors_info=&#8220;{}&#8220;][et_pb_column type=&#8220;4_4&#8243; _builder_version=&#8220;4.16&#8243; _module_preset=&#8220;default&#8220; global_colors_info=&#8220;{}&#8220;][dipl_breadcrumb breadcrumb_layout=&#8220;layout2&#8243; separator_text=&#8220;\/&#8220; separator_size=&#8220;19px&#8220; use_home_link_custom_text=&#8220;off&#8220; _builder_version=&#8220;4.16&#8243; _module_preset=&#8220;default&#8220; text_font=&#8220;|600|||||||&#8220; text_text_color=&#8220;#000000&#8243; link_font=&#8220;|700|||||||&#8220; custom_padding=&#8220;2%||||false|false&#8220; global_colors_info=&#8220;{}&#8220;][\/dipl_breadcrumb][\/et_pb_column][\/et_pb_row][\/et_pb_section][et_pb_section fb_built=&#8220;1&#8243; _builder_version=&#8220;4.16&#8243; _module_preset=&#8220;default&#8220; custom_padding=&#8220;0%|0px|0px|0px|false|false&#8220; animation_style=&#8220;slide&#8220; animation_direction=&#8220;bottom&#8220; animation_delay=&#8220;300ms&#8220; animation_intensity_slide=&#8220;10%&#8220; scroll_vertical_motion=&#8220;0|50|50|100|3.5|0|-1&#8243; scroll_horizontal_motion=&#8220;0|50|50|100|3|0|-1&#8243; global_colors_info=&#8220;{}&#8220;][et_pb_row column_structure=&#8220;3_4,1_4&#8243; _builder_version=&#8220;4.16&#8243; _module_preset=&#8220;default&#8220; z_index=&#8220;2&#8243; custom_padding=&#8220;5%||0%||false|false&#8220; animation_direction=&#8220;right&#8220; scroll_vertical_motion=&#8220;0|50|50|100|3|0|-1&#8243; scroll_horizontal_motion=&#8220;0|50|50|100|-3|0|1&#8243; motion_trigger_start=&#8220;bottom&#8220; global_colors_info=&#8220;{}&#8220;][et_pb_column type=&#8220;3_4&#8243; _builder_version=&#8220;4.16&#8243; _module_preset=&#8220;default&#8220; global_colors_info=&#8220;{}&#8220;][et_pb_text _builder_version=&#8220;4.16&#8243; _module_preset=&#8220;default&#8220; header_font_size=&#8220;5vw&#8220; header_letter_spacing=&#8220;-2px&#8220; header_line_height=&#8220;0.9em&#8220; custom_margin=&#8220;||3%||false|false&#8220; animation_style=&#8220;slide&#8220; animation_direction=&#8220;bottom&#8220; animation_intensity_slide=&#8220;10%&#8220; scroll_vertical_motion=&#8220;0|50|50|100|3|0|-1&#8243; scroll_horizontal_motion=&#8220;0|50|50|100|-2|0|1&#8243; text_font_size_tablet=&#8220;&#8220; text_font_size_phone=&#8220;&#8220; text_font_size_last_edited=&#8220;on|phone&#8220; header_font_size_tablet=&#8220;68px&#8220; header_font_size_phone=&#8220;40px&#8220; header_font_size_last_edited=&#8220;on|desktop&#8220; header_letter_spacing_tablet=&#8220;0px&#8220; header_letter_spacing_phone=&#8220;0px&#8220; header_letter_spacing_last_edited=&#8220;on|desktop&#8220; global_colors_info=&#8220;{}&#8220;]<\/p>\n<h1 style=\"text-align: left;\">Zeugnisse<br \/>\n<\/h1>\n<p>[\/et_pb_text][\/et_pb_column][et_pb_column type=&#8220;1_4&#8243; _builder_version=&#8220;4.16&#8243; _module_preset=&#8220;default&#8220; global_colors_info=&#8220;{}&#8220;][\/et_pb_column][\/et_pb_row][et_pb_row column_structure=&#8220;1_3,1_3,1_3&#8243; _builder_version=&#8220;4.16&#8243; _module_preset=&#8220;default&#8220; z_index=&#8220;2&#8243; custom_padding=&#8220;0%||0%||false|false&#8220; animation_direction=&#8220;right&#8220; scroll_vertical_motion=&#8220;0|50|50|100|3|0|-1&#8243; scroll_horizontal_motion=&#8220;0|50|50|100|-3|0|1&#8243; motion_trigger_start=&#8220;bottom&#8220; global_colors_info=&#8220;{}&#8220;][et_pb_column type=&#8220;1_3&#8243; _builder_version=&#8220;4.16&#8243; _module_preset=&#8220;default&#8220; global_colors_info=&#8220;{}&#8220;][et_pb_text _builder_version=&#8220;4.16&#8243; _module_preset=&#8220;default&#8220; text_font_size=&#8220;16px&#8220; text_line_height=&#8220;1.3em&#8220; header_font_size=&#8220;34px&#8220; header_3_font_size=&#8220;30px&#8220; custom_padding=&#8220;|0.6%||0%|false|false&#8220; scroll_horizontal_motion=&#8220;0|50|50|100|3|0|-1&#8243; header_font_size_tablet=&#8220;34px&#8220; header_font_size_phone=&#8220;34px&#8220; header_font_size_last_edited=&#8220;on|desktop&#8220; header_3_font_size_tablet=&#8220;30px&#8220; header_3_font_size_phone=&#8220;23px&#8220; header_3_font_size_last_edited=&#8220;on|phone&#8220; global_colors_info=&#8220;{}&#8220;]<\/p>\n<h3>Hier kommen einige Menschen<br \/>\nzu Wort \u2013<\/h3>\n<p>ausgew\u00e4hlt unter den sehr vielen, die zur Autonomie etwas zu sagen h\u00e4tten. Die einen stammen aus Familien, die seit Generationen hier leben, andere kamen erst sp\u00e4ter. Und alle reden in ihrer Sprache. Auch das ist Autonomie.[\/et_pb_text][\/et_pb_column][et_pb_column type=&#8220;1_3&#8243; _builder_version=&#8220;4.16&#8243; _module_preset=&#8220;default&#8220; global_colors_info=&#8220;{}&#8220;][\/et_pb_column][et_pb_column type=&#8220;1_3&#8243; _builder_version=&#8220;4.16&#8243; _module_preset=&#8220;default&#8220; global_colors_info=&#8220;{}&#8220;][\/et_pb_column][\/et_pb_row][\/et_pb_section][et_pb_section fb_built=&#8220;1&#8243; custom_padding_last_edited=&#8220;on|phone&#8220; _builder_version=&#8220;4.16&#8243; _module_preset=&#8220;default&#8220; z_index=&#8220;0&#8243; custom_margin=&#8220;0px||||false|false&#8220; custom_padding=&#8220;5.7%||8.2%||false|false&#8220; custom_padding_tablet=&#8220;5.7%||8.2%||false|false&#8220; custom_padding_phone=&#8220;12%||||false|false&#8220; scroll_vertical_motion=&#8220;0|50|50|100|1|0|-1&#8243; scroll_horizontal_motion=&#8220;0|50|50|100|1|0|-2&#8243; scroll_horizontal_motion_tablet=&#8220;0|50|50|100|1|0|-2&#8243; scroll_horizontal_motion_phone=&#8220;0|50|50|100|1|0|0&#8243; scroll_horizontal_motion_last_edited=&#8220;on|phone&#8220; global_colors_info=&#8220;{}&#8220;][et_pb_row column_structure=&#8220;1_3,1_3,1_3&#8243; _builder_version=&#8220;4.16&#8243; _module_preset=&#8220;default&#8220; background_enable_image=&#8220;off&#8220; background_size=&#8220;contain&#8220; background_position=&#8220;top_left&#8220; custom_padding=&#8220;3%||0%||false|false&#8220; global_colors_info=&#8220;{}&#8220;][et_pb_column type=&#8220;1_3&#8243; _builder_version=&#8220;4.16&#8243; _module_preset=&#8220;default&#8220; global_colors_info=&#8220;{}&#8220;][et_pb_video src=&#8220;https:\/\/vimeo.com\/851340748&#8243; image_src=&#8220;https:\/\/autonomiae.bz.it\/wp-content\/uploads\/2022\/12\/Senza-titolo-2.jpg&#8220; font_icon=&#8220;&#xf144;||fa||400&#8243; use_icon_font_size=&#8220;on&#8220; icon_font_size=&#8220;45px&#8220; _builder_version=&#8220;4.21.2&#8243; _module_preset=&#8220;default&#8220; scroll_vertical_motion_enable=&#8220;on&#8220; scroll_vertical_motion=&#8220;0|50|50|100|1|0|-2&#8243; global_colors_info=&#8220;{}&#8220;][\/et_pb_video][\/et_pb_column][et_pb_column type=&#8220;1_3&#8243; _builder_version=&#8220;4.16&#8243; _module_preset=&#8220;default&#8220; global_colors_info=&#8220;{}&#8220;][et_pb_video src=&#8220;https:\/\/vimeo.com\/851340886&#8243; image_src=&#8220;https:\/\/autonomiae.bz.it\/wp-content\/uploads\/2022\/12\/Senza-titolo-22.jpg&#8220; _builder_version=&#8220;4.21.2&#8243; _module_preset=&#8220;default&#8220; scroll_vertical_motion_enable=&#8220;on&#8220; scroll_vertical_motion=&#8220;0|50|50|100|2|0|-1&#8243; global_colors_info=&#8220;{}&#8220;][\/et_pb_video][\/et_pb_column][et_pb_column type=&#8220;1_3&#8243; _builder_version=&#8220;4.16&#8243; _module_preset=&#8220;default&#8220; global_colors_info=&#8220;{}&#8220;][et_pb_image src=&#8220;https:\/\/autonomiae.bz.it\/wp-content\/uploads\/2023\/05\/W-01.svg&#8220; title_text=&#8220;W-01&#8243; _builder_version=&#8220;4.16&#8243; _module_preset=&#8220;default&#8220; width=&#8220;85%&#8220; module_alignment=&#8220;center&#8220; scroll_vertical_motion_enable=&#8220;on&#8220; scroll_vertical_motion=&#8220;0|50|50|100|2|0|-3&#8243; global_colors_info=&#8220;{}&#8220;][\/et_pb_image][\/et_pb_column][\/et_pb_row][et_pb_row column_structure=&#8220;1_3,1_3,1_3&#8243; _builder_version=&#8220;4.16&#8243; _module_preset=&#8220;default&#8220; background_enable_image=&#8220;off&#8220; background_size=&#8220;contain&#8220; background_position=&#8220;top_left&#8220; custom_padding=&#8220;3%||3.5%||false|false&#8220; global_colors_info=&#8220;{}&#8220;][et_pb_column type=&#8220;1_3&#8243; _builder_version=&#8220;4.16&#8243; _module_preset=&#8220;default&#8220; global_colors_info=&#8220;{}&#8220;][\/et_pb_column][et_pb_column type=&#8220;1_3&#8243; _builder_version=&#8220;4.16&#8243; _module_preset=&#8220;default&#8220; global_colors_info=&#8220;{}&#8220;][et_pb_video src=&#8220;https:\/\/vimeo.com\/851340959&#8243; image_src=&#8220;https:\/\/autonomiae.bz.it\/wp-content\/uploads\/2022\/12\/Senza-titolo-23.jpg&#8220; _builder_version=&#8220;4.21.2&#8243; _module_preset=&#8220;default&#8220; scroll_vertical_motion_enable=&#8220;on&#8220; scroll_vertical_motion=&#8220;0|50|50|100|1|0|-2&#8243; global_colors_info=&#8220;{}&#8220;][\/et_pb_video][\/et_pb_column][et_pb_column type=&#8220;1_3&#8243; _builder_version=&#8220;4.16&#8243; _module_preset=&#8220;default&#8220; global_colors_info=&#8220;{}&#8220;][et_pb_video src=&#8220;https:\/\/vimeo.com\/851340800&#8243; image_src=&#8220;https:\/\/autonomiae.bz.it\/wp-content\/uploads\/2022\/12\/Senza-titolo-24.jpg&#8220; _builder_version=&#8220;4.21.2&#8243; _module_preset=&#8220;default&#8220; scroll_vertical_motion_enable=&#8220;on&#8220; scroll_vertical_motion=&#8220;0|50|50|100|2|0|-1&#8243; global_colors_info=&#8220;{}&#8220;][\/et_pb_video][\/et_pb_column][\/et_pb_row][et_pb_row column_structure=&#8220;1_3,1_3,1_3&#8243; _builder_version=&#8220;4.16&#8243; _module_preset=&#8220;default&#8220; background_enable_image=&#8220;off&#8220; background_size=&#8220;contain&#8220; background_position=&#8220;top_left&#8220; custom_padding=&#8220;0%||1.4%||false|false&#8220; global_colors_info=&#8220;{}&#8220;][et_pb_column type=&#8220;1_3&#8243; _builder_version=&#8220;4.16&#8243; _module_preset=&#8220;default&#8220; global_colors_info=&#8220;{}&#8220;][et_pb_video src=&#8220;https:\/\/vimeo.com\/851340826&#8243; image_src=&#8220;https:\/\/autonomiae.bz.it\/wp-content\/uploads\/2022\/12\/Senza-titolo-25.jpg&#8220; _builder_version=&#8220;4.21.2&#8243; _module_preset=&#8220;default&#8220; scroll_vertical_motion_enable=&#8220;on&#8220; scroll_vertical_motion=&#8220;0|50|50|100|2|0|-1&#8243; global_colors_info=&#8220;{}&#8220;][\/et_pb_video][\/et_pb_column][et_pb_column type=&#8220;1_3&#8243; _builder_version=&#8220;4.16&#8243; _module_preset=&#8220;default&#8220; global_colors_info=&#8220;{}&#8220;][et_pb_image src=&#8220;https:\/\/autonomiae.bz.it\/wp-content\/uploads\/2023\/05\/I-02.svg&#8220; title_text=&#8220;I-02&#8243; _builder_version=&#8220;4.16&#8243; _module_preset=&#8220;default&#8220; width=&#8220;75%&#8220; module_alignment=&#8220;center&#8220; scroll_vertical_motion_enable=&#8220;on&#8220; scroll_vertical_motion=&#8220;0|50|50|100|2|0|-3&#8243; global_colors_info=&#8220;{}&#8220;][\/et_pb_image][\/et_pb_column][et_pb_column type=&#8220;1_3&#8243; _builder_version=&#8220;4.16&#8243; _module_preset=&#8220;default&#8220; global_colors_info=&#8220;{}&#8220;][et_pb_video src=&#8220;https:\/\/vimeo.com\/851340909&#8243; image_src=&#8220;https:\/\/autonomiae.bz.it\/wp-content\/uploads\/2022\/12\/Senza-titolo-26.jpg&#8220; _builder_version=&#8220;4.21.2&#8243; _module_preset=&#8220;default&#8220; scroll_vertical_motion_enable=&#8220;on&#8220; scroll_vertical_motion=&#8220;0|50|50|100|1|0|-2&#8243; global_colors_info=&#8220;{}&#8220;][\/et_pb_video][\/et_pb_column][\/et_pb_row][et_pb_row column_structure=&#8220;1_3,1_3,1_3&#8243; _builder_version=&#8220;4.16&#8243; _module_preset=&#8220;default&#8220; background_enable_image=&#8220;off&#8220; background_size=&#8220;contain&#8220; background_position=&#8220;top_left&#8220; custom_padding=&#8220;3%||3.5%||false|false&#8220; global_colors_info=&#8220;{}&#8220;][et_pb_column type=&#8220;1_3&#8243; _builder_version=&#8220;4.16&#8243; _module_preset=&#8220;default&#8220; global_colors_info=&#8220;{}&#8220;][et_pb_video src=&#8220;https:\/\/vimeo.com\/851340933&#8243; image_src=&#8220;https:\/\/autonomiae.bz.it\/wp-content\/uploads\/2022\/12\/Senza-titolo-28.jpg&#8220; _builder_version=&#8220;4.21.2&#8243; _module_preset=&#8220;default&#8220; scroll_vertical_motion_enable=&#8220;on&#8220; scroll_vertical_motion=&#8220;0|50|50|100|1|0|-2&#8243; global_colors_info=&#8220;{}&#8220;][\/et_pb_video][\/et_pb_column][et_pb_column type=&#8220;1_3&#8243; _builder_version=&#8220;4.16&#8243; _module_preset=&#8220;default&#8220; global_colors_info=&#8220;{}&#8220;][et_pb_video src=&#8220;https:\/\/vimeo.com\/851340775&#8243; image_src=&#8220;https:\/\/autonomiae.bz.it\/wp-content\/uploads\/2022\/12\/Senza-titolo-29.jpg&#8220; _builder_version=&#8220;4.21.2&#8243; _module_preset=&#8220;default&#8220; scroll_vertical_motion_enable=&#8220;on&#8220; scroll_vertical_motion=&#8220;0|50|50|100|2|0|-1&#8243; global_colors_info=&#8220;{}&#8220;][\/et_pb_video][\/et_pb_column][et_pb_column type=&#8220;1_3&#8243; _builder_version=&#8220;4.16&#8243; _module_preset=&#8220;default&#8220; global_colors_info=&#8220;{}&#8220;][et_pb_video src=&#8220;https:\/\/vimeo.com\/851340710&#8243; image_src=&#8220;https:\/\/autonomiae.bz.it\/wp-content\/uploads\/2023\/02\/cover-video-autonomia-01-1.jpg&#8220; _builder_version=&#8220;4.21.2&#8243; _module_preset=&#8220;default&#8220; scroll_vertical_motion_enable=&#8220;on&#8220; scroll_vertical_motion=&#8220;0|50|50|100|1|0|-2&#8243; global_colors_info=&#8220;{}&#8220;][\/et_pb_video][\/et_pb_column][\/et_pb_row][et_pb_row column_structure=&#8220;1_3,1_3,1_3&#8243; _builder_version=&#8220;4.16&#8243; _module_preset=&#8220;default&#8220; background_enable_image=&#8220;off&#8220; background_size=&#8220;contain&#8220; background_position=&#8220;top_left&#8220; custom_padding=&#8220;3%||3.5%||false|false&#8220; global_colors_info=&#8220;{}&#8220;][et_pb_column type=&#8220;1_3&#8243; _builder_version=&#8220;4.16&#8243; _module_preset=&#8220;default&#8220; global_colors_info=&#8220;{}&#8220;][et_pb_image src=&#8220;https:\/\/autonomiae.bz.it\/wp-content\/uploads\/2023\/05\/R-03.svg&#8220; title_text=&#8220;R-03&#8243; _builder_version=&#8220;4.16&#8243; _module_preset=&#8220;default&#8220; width=&#8220;75%&#8220; module_alignment=&#8220;center&#8220; scroll_vertical_motion_enable=&#8220;on&#8220; scroll_vertical_motion=&#8220;0|50|50|100|2|0|-3&#8243; global_colors_info=&#8220;{}&#8220;][\/et_pb_image][\/et_pb_column][et_pb_column type=&#8220;1_3&#8243; _builder_version=&#8220;4.16&#8243; _module_preset=&#8220;default&#8220; global_colors_info=&#8220;{}&#8220;][et_pb_video src=&#8220;https:\/\/vimeo.com\/851340852&#8243; image_src=&#8220;https:\/\/autonomiae.bz.it\/wp-content\/uploads\/2022\/12\/Senza-titolo-210.jpg&#8220; _builder_version=&#8220;4.21.2&#8243; _module_preset=&#8220;default&#8220; scroll_vertical_motion_enable=&#8220;on&#8220; scroll_vertical_motion=&#8220;0|50|50|100|2|0|-1&#8243; global_colors_info=&#8220;{}&#8220;][\/et_pb_video][\/et_pb_column][et_pb_column type=&#8220;1_3&#8243; _builder_version=&#8220;4.16&#8243; _module_preset=&#8220;default&#8220; global_colors_info=&#8220;{}&#8220;][et_pb_video src=&#8220;https:\/\/vimeo.com\/851340988&#8243; image_src=&#8220;https:\/\/autonomiae.bz.it\/wp-content\/uploads\/2022\/12\/Senza-titolo-211.jpg&#8220; _builder_version=&#8220;4.22.1&#8243; _module_preset=&#8220;default&#8220; scroll_vertical_motion_enable=&#8220;on&#8220; scroll_vertical_motion=&#8220;0|50|50|100|1|0|-2&#8243; hover_enabled=&#8220;0&#8243; global_colors_info=&#8220;{}&#8220; scroll_vertical_motion_last_edited=&#8220;on|phone&#8220; scroll_vertical_motion_phone=&#8220;0|50|50|100|1|0|0&#8243; sticky_enabled=&#8220;0&#8243; scroll_vertical_motion_tablet=&#8220;0|50|50|100|1|0|-2&#8243;][\/et_pb_video][\/et_pb_column][\/et_pb_row][\/et_pb_section]<\/p>\n","protected":false},"excerpt":{"rendered":"<p><div class=\"et_pb_module dipl_breadcrumb dipl_breadcrumb_0\">\n\t\t\t\t\n\t\t\t\t\n\t\t\t\t\n\t\t\t\t\n\t\t\t\t\n\t\t\t\t\n\t\t\t\t<div class=\"et_pb_module_inner\">\n\t\t\t\t\t<div class=\"dipl-breadcrumb-wrapper layout2\">\n\t\t\t\t<ol class=\"dipl-breadcrumb-inner\" vocab=\"https:\/\/schema.org\/\" typeof=\"BreadcrumbList\">\n\t\t\t\t\t<li property=\"itemListElement\" typeof=\"ListItem\" data-icon=\"&#x24;\">\n\t\t\t\t\t\t\t\t<a class=\"breadcrumb-item dipl-home-page\" href=\"https:\/\/autonomiae.bz.it\/de\/\" property=\"item\" typeof=\"WebPage\" >\n\t\t\t\t\t\t\t\t\t<span class=\"breadcrumb-page\" property=\"name\">Home<\/span>\n\t\t\t\t\t\t\t\t<\/a>\n\t\t\t\t\t\t\t\t<meta property=\"position\" content=\"1\" \/>\n\t\t\t\t\t\t\t<\/li>\n\t\t\t\t<\/ol>\n\t\t\t<\/div>\n\t\t\t\t<\/div>\n\t\t\t<\/div>Zeugnisse Hier kommen einige Menschen zu Wort \u2013 ausgew\u00e4hlt unter den sehr vielen, die zur Autonomie etwas zu sagen h\u00e4tten. Die einen stammen aus Familien, die seit Generationen hier leben, andere kamen erst sp\u00e4ter. Und alle reden in ihrer Sprache. Auch das ist Autonomie.<\/p>\n","protected":false},"author":2,"featured_media":0,"parent":0,"menu_order":0,"comment_status":"closed","ping_status":"closed","template":"","meta":{"_et_pb_use_builder":"on","_et_pb_old_content":"","_et_gb_content_width":"","footnotes":""},"class_list":["post-2656","page","type-page","status-publish","hentry"],"_links":{"self":[{"href":"https:\/\/autonomiae.bz.it\/de\/wp-json\/wp\/v2\/pages\/2656","targetHints":{"allow":["GET"]}}],"collection":[{"href":"https:\/\/autonomiae.bz.it\/de\/wp-json\/wp\/v2\/pages"}],"about":[{"href":"https:\/\/autonomiae.bz.it\/de\/wp-json\/wp\/v2\/types\/page"}],"author":[{"embeddable":true,"href":"https:\/\/autonomiae.bz.it\/de\/wp-json\/wp\/v2\/users\/2"}],"replies":[{"embeddable":true,"href":"https:\/\/autonomiae.bz.it\/de\/wp-json\/wp\/v2\/comments?post=2656"}],"version-history":[{"count":0,"href":"https:\/\/autonomiae.bz.it\/de\/wp-json\/wp\/v2\/pages\/2656\/revisions"}],"wp:attachment":[{"href":"https:\/\/autonomiae.bz.it\/de\/wp-json\/wp\/v2\/media?parent=2656"}],"curies":[{"name":"wp","href":"https:\/\/api.w.org\/{rel}","templated":true}]}}