{"id":1558,"date":"2022-06-24T12:28:40","date_gmt":"2022-06-24T10:28:40","guid":{"rendered":"https:\/\/autonomiae.bz.it\/linstallazione\/"},"modified":"2023-07-10T12:31:56","modified_gmt":"2023-07-10T10:31:56","slug":"installation","status":"publish","type":"page","link":"https:\/\/autonomiae.bz.it\/de\/installation\/","title":{"rendered":"Installation"},"content":{"rendered":"<p>[et_pb_section fb_built=&#8220;1&#8243; _builder_version=&#8220;4.16&#8243; _module_preset=&#8220;default&#8220; z_index=&#8220;10&#8243; custom_padding=&#8220;0px|0px|0px|0px|false|false&#8220; global_colors_info=&#8220;{}&#8220;][et_pb_row _builder_version=&#8220;4.16&#8243; _module_preset=&#8220;default&#8220; width=&#8220;95.3%&#8220; width_tablet=&#8220;80%&#8220; width_phone=&#8220;80%&#8220; width_last_edited=&#8220;on|phone&#8220; max_width=&#8220;100%&#8220; custom_padding=&#8220;0px||17px|||&#8220; border_width_bottom=&#8220;3px&#8220; saved_tabs=&#8220;all&#8220; global_colors_info=&#8220;{}&#8220;][et_pb_column type=&#8220;4_4&#8243; _builder_version=&#8220;4.16&#8243; _module_preset=&#8220;default&#8220; global_colors_info=&#8220;{}&#8220;][dipl_breadcrumb breadcrumb_layout=&#8220;layout2&#8243; separator_text=&#8220;\/&#8220; separator_size=&#8220;19px&#8220; use_home_link_custom_text=&#8220;off&#8220; _builder_version=&#8220;4.16&#8243; _module_preset=&#8220;default&#8220; text_font=&#8220;|600|||||||&#8220; text_text_color=&#8220;#000000&#8243; link_font=&#8220;|700|||||||&#8220; custom_padding=&#8220;2%||||false|false&#8220; global_colors_info=&#8220;{}&#8220;][\/dipl_breadcrumb][\/et_pb_column][\/et_pb_row][\/et_pb_section][et_pb_section fb_built=&#8220;1&#8243; _builder_version=&#8220;4.16&#8243; _module_preset=&#8220;default&#8220; custom_padding=&#8220;0%|0px|0px|0px|false|false&#8220; animation_style=&#8220;slide&#8220; animation_direction=&#8220;bottom&#8220; animation_delay=&#8220;300ms&#8220; animation_intensity_slide=&#8220;10%&#8220; scroll_vertical_motion=&#8220;0|50|50|100|3.5|0|-1&#8243; scroll_horizontal_motion=&#8220;0|50|50|100|3|0|-1&#8243; global_colors_info=&#8220;{}&#8220;][et_pb_row column_structure=&#8220;3_4,1_4&#8243; _builder_version=&#8220;4.16&#8243; _module_preset=&#8220;default&#8220; z_index=&#8220;2&#8243; custom_padding=&#8220;5%||0%||false|false&#8220; animation_direction=&#8220;right&#8220; scroll_vertical_motion=&#8220;0|50|50|100|3|0|-1&#8243; scroll_horizontal_motion=&#8220;0|50|50|100|-3|0|1&#8243; motion_trigger_start=&#8220;bottom&#8220; global_colors_info=&#8220;{}&#8220;][et_pb_column type=&#8220;3_4&#8243; _builder_version=&#8220;4.16&#8243; _module_preset=&#8220;default&#8220; global_colors_info=&#8220;{}&#8220;][et_pb_text _builder_version=&#8220;4.16&#8243; _module_preset=&#8220;default&#8220; header_font_size=&#8220;5vw&#8220; header_letter_spacing=&#8220;-2px&#8220; header_line_height=&#8220;0.9em&#8220; custom_margin=&#8220;||3%||false|false&#8220; animation_style=&#8220;slide&#8220; animation_direction=&#8220;bottom&#8220; animation_intensity_slide=&#8220;10%&#8220; scroll_vertical_motion=&#8220;0|50|50|100|3|0|-1&#8243; scroll_horizontal_motion=&#8220;0|50|50|100|-2|0|1&#8243; text_font_size_tablet=&#8220;&#8220; text_font_size_phone=&#8220;&#8220; text_font_size_last_edited=&#8220;on|phone&#8220; header_font_size_tablet=&#8220;68px&#8220; header_font_size_phone=&#8220;40px&#8220; header_font_size_last_edited=&#8220;on|desktop&#8220; header_letter_spacing_tablet=&#8220;0px&#8220; header_letter_spacing_phone=&#8220;0px&#8220; header_letter_spacing_last_edited=&#8220;on|desktop&#8220; global_colors_info=&#8220;{}&#8220;]<\/p>\n<h1 style=\"text-align: left;\">Autonomie<br \/>\nerz\u00e4hlt<\/h1>\n<p>[\/et_pb_text][\/et_pb_column][et_pb_column type=&#8220;1_4&#8243; _builder_version=&#8220;4.16&#8243; _module_preset=&#8220;default&#8220; global_colors_info=&#8220;{}&#8220;][\/et_pb_column][\/et_pb_row][et_pb_row column_structure=&#8220;1_3,1_3,1_3&#8243; _builder_version=&#8220;4.16&#8243; _module_preset=&#8220;default&#8220; z_index=&#8220;2&#8243; custom_padding=&#8220;0%||0%||false|false&#8220; animation_direction=&#8220;right&#8220; scroll_vertical_motion=&#8220;0|50|50|100|3|0|-1&#8243; scroll_horizontal_motion=&#8220;0|50|50|100|-3|0|1&#8243; motion_trigger_start=&#8220;bottom&#8220; global_colors_info=&#8220;{}&#8220;][et_pb_column type=&#8220;1_3&#8243; _builder_version=&#8220;4.16&#8243; _module_preset=&#8220;default&#8220; global_colors_info=&#8220;{}&#8220;][et_pb_text _builder_version=&#8220;4.16&#8243; _module_preset=&#8220;default&#8220; text_font_size=&#8220;16px&#8220; text_line_height=&#8220;1.3em&#8220; header_font_size=&#8220;34px&#8220; header_3_font_size=&#8220;30px&#8220; custom_padding=&#8220;|0.6%||0%|false|false&#8220; scroll_horizontal_motion=&#8220;0|50|50|100|3|0|-1&#8243; header_font_size_tablet=&#8220;34px&#8220; header_font_size_phone=&#8220;34px&#8220; header_font_size_last_edited=&#8220;on|desktop&#8220; header_3_font_size_tablet=&#8220;30px&#8220; header_3_font_size_phone=&#8220;23px&#8220; header_3_font_size_last_edited=&#8220;on|phone&#8220; global_colors_info=&#8220;{}&#8220;]<\/p>\n<h3 class=\"p1\"> Eine einzigartige Ausstellung in Bozen, in der Architektur, Kultur und Geschichte mit den Generationen von heute und morgen in Dialog treten. <\/h3>\n<p>[\/et_pb_text][\/et_pb_column][et_pb_column type=&#8220;1_3&#8243; _builder_version=&#8220;4.16&#8243; _module_preset=&#8220;default&#8220; global_colors_info=&#8220;{}&#8220;][\/et_pb_column][et_pb_column type=&#8220;1_3&#8243; _builder_version=&#8220;4.16&#8243; _module_preset=&#8220;default&#8220; global_colors_info=&#8220;{}&#8220;][\/et_pb_column][\/et_pb_row][\/et_pb_section][et_pb_section fb_built=&#8220;1&#8243; custom_padding_last_edited=&#8220;on|phone&#8220; _builder_version=&#8220;4.16&#8243; _module_preset=&#8220;default&#8220; z_index=&#8220;0&#8243; custom_margin=&#8220;0px||||false|false&#8220; custom_padding=&#8220;5.7%||8.2%||false|false&#8220; custom_padding_tablet=&#8220;5.7%||8.2%||false|false&#8220; custom_padding_phone=&#8220;12%||||false|false&#8220; scroll_vertical_motion=&#8220;0|50|50|100|1|0|-1&#8243; scroll_horizontal_motion_enable=&#8220;on&#8220; scroll_horizontal_motion=&#8220;0|50|50|100|1|0|-2&#8243; scroll_horizontal_motion_tablet=&#8220;0|50|50|100|1|0|-2&#8243; scroll_horizontal_motion_phone=&#8220;0|50|50|100|0|0|0&#8243; scroll_horizontal_motion_last_edited=&#8220;on|phone&#8220; global_colors_info=&#8220;{}&#8220;][et_pb_row column_structure=&#8220;1_3,2_3&#8243; _builder_version=&#8220;4.16&#8243; _module_preset=&#8220;default&#8220; background_image=&#8220;https:\/\/autonomiae.bz.it\/wp-content\/uploads\/2022\/02\/A-red.svg&#8220; background_size=&#8220;contain&#8220; background_position=&#8220;top_left&#8220; custom_padding=&#8220;5%||9.5%||false|false&#8220; global_colors_info=&#8220;{}&#8220;][et_pb_column type=&#8220;1_3&#8243; _builder_version=&#8220;4.16&#8243; _module_preset=&#8220;default&#8220; global_colors_info=&#8220;{}&#8220;][et_pb_text _builder_version=&#8220;4.21.0&#8243; _module_preset=&#8220;default&#8220; text_font=&#8220;|700|||||||&#8220; text_font_size=&#8220;16px&#8220; text_line_height=&#8220;1.3em&#8220; header_font_size=&#8220;34px&#8220; header_3_font_size=&#8220;30px&#8220; custom_padding=&#8220;|10%||0%|false|false&#8220; scroll_vertical_motion_enable=&#8220;on&#8220; scroll_vertical_motion=&#8220;0|50|50|100|2|0|-2&#8243; scroll_horizontal_motion=&#8220;0|50|50|100|3|0|-1&#8243; header_font_size_tablet=&#8220;34px&#8220; header_font_size_phone=&#8220;34px&#8220; header_font_size_last_edited=&#8220;on|desktop&#8220; header_3_font_size_tablet=&#8220;30px&#8220; header_3_font_size_phone=&#8220;23px&#8220; header_3_font_size_last_edited=&#8220;on|phone&#8220; scroll_vertical_motion_tablet=&#8220;0|50|50|100|2|0|-2&#8243; scroll_vertical_motion_phone=&#8220;0|50|50|100|0.5|0|-0.5&#8243; scroll_vertical_motion_last_edited=&#8220;on|phone&#8220; global_colors_info=&#8220;{}&#8220;]<\/p>\n<p class=\"p1\"><b>Ein Ausstellungsparcours<br \/>zur Su\u0308dtiroler Autonomie<\/b><\/p>\n<p class=\"p1\">Der Parcours wirft in neun Stationen<br \/>einen umfassenden Blick auf die Su\u0308dtiroler Autonomie. Er zeigt auf, wie es zur Su\u0308dtirol-Autonomie gekommen ist, worin ihre zentralen Inhalte bestehen und welche Werte damit verbunden sind. Wer war Silvius Magnago, der sogenannte \u201eVater der Autonomie\u201c und wie pr\u00e4gt die Su\u0308dtiroler Autonomie die Menschen, die hier leben? Wie regelt die Autonomie das Zusammenleben der Sprachgruppen und auf welcher finanziellen Basis steht sie? Auch ein Blick u\u0308ber die Landesgrenzen und in die Zukunft wird gewagt: Wohin soll uns die Autonomie fu\u0308hren?<\/p>\n<p class=\"p1\">Der Ausstellungsparcours kann jeden Tag rund um die Uhr besichtigt werden. Es ist keine Anmeldung erforderlich, um die Ausstellung ohne F\u00fchrung zu besuchen, und der Eintritt ist frei.<\/p>\n<p>[\/et_pb_text][\/et_pb_column][et_pb_column type=&#8220;2_3&#8243; _builder_version=&#8220;4.16&#8243; _module_preset=&#8220;default&#8220; global_colors_info=&#8220;{}&#8220;][et_pb_video src=&#8220;https:\/\/www.youtube.com\/watch?v=OfSrTpRQbOs&#8220; image_src=&#8220;https:\/\/autonomiae.bz.it\/wp-content\/uploads\/2022\/06\/ivo-corra\u0300-\u00a9-2021ivo-corra\u0300-\u00a9-2021_ICF0382web.jpg&#8220; _builder_version=&#8220;4.16&#8243; _module_preset=&#8220;default&#8220; global_colors_info=&#8220;{}&#8220;][\/et_pb_video][\/et_pb_column][\/et_pb_row][et_pb_row column_structure=&#8220;1_3,1_3,1_3&#8243; _builder_version=&#8220;4.16&#8243; _module_preset=&#8220;default&#8220; background_enable_image=&#8220;off&#8220; background_size=&#8220;contain&#8220; background_position=&#8220;top_left&#8220; custom_padding=&#8220;0%||5%||false|false&#8220; global_colors_info=&#8220;{}&#8220;][et_pb_column type=&#8220;1_3&#8243; _builder_version=&#8220;4.16&#8243; _module_preset=&#8220;default&#8220; global_colors_info=&#8220;{}&#8220;][\/et_pb_column][et_pb_column type=&#8220;1_3&#8243; _builder_version=&#8220;4.16&#8243; _module_preset=&#8220;default&#8220; global_colors_info=&#8220;{}&#8220;][et_pb_text _builder_version=&#8220;4.21.0&#8243; _module_preset=&#8220;default&#8220; text_font=&#8220;|700|||||||&#8220; text_font_size=&#8220;16px&#8220; text_line_height=&#8220;1.3em&#8220; header_font_size=&#8220;34px&#8220; header_3_font_size=&#8220;30px&#8220; custom_padding=&#8220;|10%||0%|false|false&#8220; scroll_vertical_motion_enable=&#8220;on&#8220; scroll_vertical_motion=&#8220;0|50|50|100|2|0|-2&#8243; scroll_horizontal_motion=&#8220;0|50|50|100|3|0|-1&#8243; hover_enabled=&#8220;0&#8243; header_font_size_tablet=&#8220;34px&#8220; header_font_size_phone=&#8220;34px&#8220; header_font_size_last_edited=&#8220;on|desktop&#8220; header_3_font_size_tablet=&#8220;30px&#8220; header_3_font_size_phone=&#8220;23px&#8220; header_3_font_size_last_edited=&#8220;on|phone&#8220; scroll_vertical_motion_tablet=&#8220;0|50|50|100|2|0|-2&#8243; scroll_vertical_motion_phone=&#8220;0|50|50|100|0.5|0|-0.5&#8243; scroll_vertical_motion_last_edited=&#8220;on|phone&#8220; global_colors_info=&#8220;{}&#8220; sticky_enabled=&#8220;0&#8243;]<\/p>\n<p class=\"p1\"><strong>Besuch<\/strong><\/p>\n<p class=\"p1\">F\u00fchrungen durch die Dauerausstellung k\u00f6nnen \u00fcber die folgende E-Mail gebucht werden <strong><span style=\"color: #000000;\"><a href=\"mailto:info@landesmuseen.it\" style=\"color: #000000;\">info@landesmuseen.it<\/a><\/span><\/strong>.<\/p>\n<p class=\"p1\">Workshops f\u00fcr Schulen k\u00f6nnen auf der folgenden Seite gebucht werden <span style=\"color: #000000;\"><strong><a href=\"https:\/\/www.landtag-bz.org\/de\/auf-den-spuren-der-suedtiroler-autonomie-den-autonomie-parcours-erleben\" style=\"color: #000000;\">Auf den Spuren der S\u00fcdtiroler Autonomie<\/a>.<\/strong><\/span><\/p>\n<p>[\/et_pb_text][\/et_pb_column][et_pb_column type=&#8220;1_3&#8243; _builder_version=&#8220;4.16&#8243; _module_preset=&#8220;default&#8220; global_colors_info=&#8220;{}&#8220;][et_pb_text _builder_version=&#8220;4.21.0&#8243; _module_preset=&#8220;default&#8220; text_font=&#8220;|700|||||||&#8220; text_font_size=&#8220;16px&#8220; text_line_height=&#8220;1.3em&#8220; header_font_size=&#8220;34px&#8220; header_3_font_size=&#8220;30px&#8220; custom_padding=&#8220;|10%||0%|false|false&#8220; scroll_vertical_motion_enable=&#8220;on&#8220; scroll_vertical_motion=&#8220;0|50|50|100|2|0|-2&#8243; scroll_horizontal_motion=&#8220;0|50|50|100|3|0|-1&#8243; header_font_size_tablet=&#8220;34px&#8220; header_font_size_phone=&#8220;34px&#8220; header_font_size_last_edited=&#8220;on|desktop&#8220; header_3_font_size_tablet=&#8220;30px&#8220; header_3_font_size_phone=&#8220;23px&#8220; header_3_font_size_last_edited=&#8220;on|phone&#8220; scroll_vertical_motion_tablet=&#8220;0|50|50|100|2|0|-2&#8243; scroll_vertical_motion_phone=&#8220;0|50|50|100|0.5|0|-0.5&#8243; scroll_vertical_motion_last_edited=&#8220;on|phone&#8220; global_colors_info=&#8220;{}&#8220;]<\/p>\n<p class=\"p1\"><strong>Adresse und Kontakte<\/strong><\/p>\n<p class=\"p1\">Die Dauerausstellung befindet sich auf dem Silvius-Magnago-Platz in Bozen.<\/p>\n<p class=\"p1\"><em>Organisator<\/em><br \/>Betrieb Landesmuseen<br \/><strong>0471 32 01 62<\/strong><br \/><strong>info@landesmuseen.it<span class=\"Apple-converted-space\">\u00a0<\/span><\/strong><\/p>\n<p>[\/et_pb_text][\/et_pb_column][\/et_pb_row][\/et_pb_section][et_pb_section fb_built=&#8220;1&#8243; _builder_version=&#8220;4.16&#8243; _module_preset=&#8220;default&#8220; background_enable_color=&#8220;off&#8220; z_index=&#8220;0&#8243; custom_margin=&#8220;0px||||false|false&#8220; custom_margin_tablet=&#8220;0px|||20%|false|false&#8220; custom_margin_phone=&#8220;|||0%|false|false&#8220; custom_margin_last_edited=&#8220;on|phone&#8220; custom_padding=&#8220;3.3%||0.3%||false|false&#8220; scroll_vertical_motion=&#8220;0|50|50|100|3|0|-1&#8243; scroll_horizontal_motion_enable=&#8220;on&#8220; scroll_horizontal_motion=&#8220;0|50|50|100|-3|0|1&#8243; scroll_horizontal_motion_tablet=&#8220;0|50|50|100|-3|0|1&#8243; scroll_horizontal_motion_phone=&#8220;0|50|50|100|-0.5|0|0&#8243; scroll_horizontal_motion_last_edited=&#8220;on|phone&#8220; global_colors_info=&#8220;{}&#8220;][et_pb_row column_structure=&#8220;3_5,2_5&#8243; _builder_version=&#8220;4.16&#8243; _module_preset=&#8220;default&#8220; custom_padding=&#8220;0px|||||&#8220; scroll_horizontal_motion=&#8220;0|50|50|100|2|0|0&#8243; global_colors_info=&#8220;{}&#8220;][et_pb_column type=&#8220;3_5&#8243; _builder_version=&#8220;4.16&#8243; _module_preset=&#8220;default&#8220; global_colors_info=&#8220;{}&#8220;][et_pb_image src=&#8220;https:\/\/autonomiae.bz.it\/wp-content\/uploads\/2022\/06\/ivo-corra\u0300-\u00a9-2021_ICF0576web.jpg&#8220; title_text=&#8220;ivo corra\u0300 \u00a9 2021_ICF0576web&#8220; _builder_version=&#8220;4.16&#8243; _module_preset=&#8220;default&#8220; global_colors_info=&#8220;{}&#8220;][\/et_pb_image][et_pb_image src=&#8220;https:\/\/autonomiae.bz.it\/wp-content\/uploads\/2022\/06\/ivo-corra\u0300-\u00a9-2021ivo-corra\u0300-\u00a9-2021_ICF0151web.jpg&#8220; title_text=&#8220;ivo corra\u0300 \u00a9 2021ivo corra\u0300 \u00a9 2021_ICF0151web&#8220; _builder_version=&#8220;4.16&#8243; _module_preset=&#8220;default&#8220; custom_padding=&#8220;|||20%|false|false&#8220; global_colors_info=&#8220;{}&#8220;][\/et_pb_image][\/et_pb_column][et_pb_column type=&#8220;2_5&#8243; _builder_version=&#8220;4.16&#8243; _module_preset=&#8220;default&#8220; global_colors_info=&#8220;{}&#8220;][et_pb_image src=&#8220;https:\/\/autonomiae.bz.it\/wp-content\/uploads\/2022\/06\/ivo-corra\u0300-\u00a9-2021ivo-corra\u0300-\u00a9-2021_ICF0327web.jpg&#8220; title_text=&#8220;ivo corra\u0300 \u00a9 2021ivo corra\u0300 \u00a9 2021_ICF0327web&#8220; _builder_version=&#8220;4.16&#8243; _module_preset=&#8220;default&#8220; custom_margin=&#8220;|||-7%|false|false&#8220; custom_padding=&#8220;|||0px|false|false&#8220; global_colors_info=&#8220;{}&#8220;][\/et_pb_image][\/et_pb_column][\/et_pb_row][\/et_pb_section][et_pb_section fb_built=&#8220;1&#8243; _builder_version=&#8220;4.16&#8243; _module_preset=&#8220;default&#8220; background_enable_color=&#8220;off&#8220; z_index=&#8220;0&#8243; custom_margin=&#8220;0px||||false|false&#8220; custom_margin_tablet=&#8220;0px|||20%|false|false&#8220; custom_margin_phone=&#8220;|||0%|false|false&#8220; custom_margin_last_edited=&#8220;on|phone&#8220; custom_padding=&#8220;0px||5%||false|false&#8220; scroll_vertical_motion=&#8220;0|50|50|100|3|0|-1&#8243; scroll_horizontal_motion_enable=&#8220;on&#8220; scroll_horizontal_motion=&#8220;0|50|50|100|3|0|-1&#8243; scroll_horizontal_motion_tablet=&#8220;0|50|50|100|3|0|-1&#8243; scroll_horizontal_motion_phone=&#8220;0|50|50|100|1|0|0&#8243; scroll_horizontal_motion_last_edited=&#8220;on|phone&#8220; global_colors_info=&#8220;{}&#8220;][et_pb_row column_structure=&#8220;2_5,3_5&#8243; _builder_version=&#8220;4.16&#8243; _module_preset=&#8220;default&#8220; custom_padding=&#8220;0px|||||&#8220; scroll_horizontal_motion=&#8220;0|50|50|100|2|0|0&#8243; global_colors_info=&#8220;{}&#8220;][et_pb_column type=&#8220;2_5&#8243; _builder_version=&#8220;4.16&#8243; _module_preset=&#8220;default&#8220; global_colors_info=&#8220;{}&#8220;][et_pb_image src=&#8220;https:\/\/autonomiae.bz.it\/wp-content\/uploads\/2022\/06\/ivo-corra\u0300-\u00a9-2021_ICF0466web.jpg&#8220; title_text=&#8220;ivo corra\u0300 \u00a9 2021_ICF0466web&#8220; _builder_version=&#8220;4.16&#8243; _module_preset=&#8220;default&#8220; custom_margin=&#8220;|-7%|||false|false&#8220; custom_padding=&#8220;|||0px|false|false&#8220; global_colors_info=&#8220;{}&#8220;][\/et_pb_image][\/et_pb_column][et_pb_column type=&#8220;3_5&#8243; _builder_version=&#8220;4.16&#8243; _module_preset=&#8220;default&#8220; global_colors_info=&#8220;{}&#8220;][et_pb_image src=&#8220;https:\/\/autonomiae.bz.it\/wp-content\/uploads\/2022\/06\/ivo-corra\u0300-\u00a9-2021ivo-corra\u0300-\u00a9-2021_ICF0002web.jpg&#8220; title_text=&#8220;ivo corra\u0300 \u00a9 2021ivo corra\u0300 \u00a9 2021_ICF0002web&#8220; _builder_version=&#8220;4.16&#8243; _module_preset=&#8220;default&#8220; global_colors_info=&#8220;{}&#8220;][\/et_pb_image][et_pb_image src=&#8220;https:\/\/autonomiae.bz.it\/wp-content\/uploads\/2022\/06\/ivo-corra\u0300-\u00a9-2021ivo-corra\u0300-\u00a9-2021_ICF0214web.jpg&#8220; title_text=&#8220;ivo corra\u0300 \u00a9 2021ivo corra\u0300 \u00a9 2021_ICF0214web&#8220; _builder_version=&#8220;4.16&#8243; _module_preset=&#8220;default&#8220; custom_padding=&#8220;|20%|||false|false&#8220; global_colors_info=&#8220;{}&#8220;][\/et_pb_image][\/et_pb_column][\/et_pb_row][\/et_pb_section][et_pb_section fb_built=&#8220;1&#8243; _builder_version=&#8220;4.21.0&#8243; _module_preset=&#8220;default&#8220; background_color=&#8220;#d3151b&#8220; z_index=&#8220;0&#8243; custom_margin=&#8220;0px||10%|20%|false|false&#8220; custom_margin_tablet=&#8220;0px|||20%|false|false&#8220; custom_margin_phone=&#8220;||0px|0%|false|false&#8220; custom_margin_last_edited=&#8220;on|phone&#8220; custom_padding=&#8220;5%||||false|false&#8220; scroll_vertical_motion=&#8220;0|50|50|100|3|0|-1&#8243; scroll_horizontal_motion_enable=&#8220;on&#8220; scroll_horizontal_motion=&#8220;0|50|50|100|3|0|0&#8243; scroll_horizontal_motion_tablet=&#8220;0|50|50|100|3|0|0&#8243; scroll_horizontal_motion_phone=&#8220;0|50|50|100|0|0|0&#8243; scroll_horizontal_motion_last_edited=&#8220;on|phone&#8220; global_colors_info=&#8220;{}&#8220;][et_pb_row column_structure=&#8220;1_3,2_3&#8243; custom_padding_last_edited=&#8220;on|phone&#8220; _builder_version=&#8220;4.16&#8243; _module_preset=&#8220;default&#8220; custom_padding=&#8220;0px|||||&#8220; custom_padding_tablet=&#8220;0px|||||&#8220; custom_padding_phone=&#8220;5%||||false|false&#8220; scroll_horizontal_motion_enable=&#8220;on&#8220; scroll_horizontal_motion=&#8220;0|50|50|100|2|0|0&#8243; scroll_horizontal_motion_tablet=&#8220;0|50|50|100|2|0|0&#8243; scroll_horizontal_motion_phone=&#8220;0|50|50|100|0.5|0|0&#8243; scroll_horizontal_motion_last_edited=&#8220;on|phone&#8220; global_colors_info=&#8220;{}&#8220;][et_pb_column type=&#8220;1_3&#8243; _builder_version=&#8220;4.16&#8243; _module_preset=&#8220;default&#8220; global_colors_info=&#8220;{}&#8220;][et_pb_text _builder_version=&#8220;4.16&#8243; _module_preset=&#8220;default&#8220; text_text_color=&#8220;#FFFFFF&#8220; text_font_size=&#8220;16px&#8220; text_line_height=&#8220;1.3em&#8220; header_font_size=&#8220;34px&#8220; header_3_font_size=&#8220;30px&#8220; custom_padding=&#8220;|10%||0%|false|false&#8220; scroll_horizontal_motion=&#8220;0|50|50|100|3|0|-1&#8243; header_font_size_tablet=&#8220;34px&#8220; header_font_size_phone=&#8220;34px&#8220; header_font_size_last_edited=&#8220;on|desktop&#8220; header_3_font_size_tablet=&#8220;30px&#8220; header_3_font_size_phone=&#8220;23px&#8220; header_3_font_size_last_edited=&#8220;on|phone&#8220; global_colors_info=&#8220;{}&#8220;]<\/p>\n<h3 class=\"p1\"><strong><span style=\"color: #ffffff;\">Dank an alle Institutionen, Betriebe und Privatpersonen, die bei der Realisierung unterst\u00fctzend mitgewirkt haben.<\/span><\/strong><\/h3>\n<p><strong><span style=\"color: #ffffff;\"><\/span><\/strong><\/p>\n<p class=\"p1\"><span class=\"s1\" style=\"color: #ffffff;\">Der Betrieb Landesmuseen hat sich bem\u00fcht, alle Rechte bez\u00fcglich der verwendeten Bilder zu kl\u00e4ren. In einigen F\u00e4llen war es trotz intensiver Recherche nicht m\u00f6glich. Bei etwaigen Rechtsanspr\u00fcchen wenden Sie sich bitte an den Betrieb Landesmuseen.<\/span><\/p>\n<p class=\"p1\">[\/et_pb_text][et_pb_text _builder_version=&#8220;4.16&#8243; _module_preset=&#8220;default&#8220; text_font_size=&#8220;16px&#8220; text_line_height=&#8220;1.3em&#8220; header_font_size=&#8220;34px&#8220; header_3_font_size=&#8220;30px&#8220; custom_padding=&#8220;|10%||0%|false|false&#8220; scroll_horizontal_motion=&#8220;0|50|50|100|3|0|-1&#8243; header_font_size_tablet=&#8220;34px&#8220; header_font_size_phone=&#8220;34px&#8220; header_font_size_last_edited=&#8220;on|desktop&#8220; header_3_font_size_tablet=&#8220;30px&#8220; header_3_font_size_phone=&#8220;23px&#8220; header_3_font_size_last_edited=&#8220;on|phone&#8220; global_colors_info=&#8220;{}&#8220;]<\/p>\n<p class=\"p2\"><strong><span style=\"color: #ffffff;\">Bozen<br \/>\n<\/span><span style=\"color: #ffffff;\">Silvius Magnago Platz<br \/>\nBerloffa Park<\/span><\/strong><\/p>\n<p class=\"p4\"><span class=\"s1\" style=\"color: #ffffff;\">Freier Eintritt<\/span><\/p>\n<p>[\/et_pb_text][\/et_pb_column][et_pb_column type=&#8220;2_3&#8243; _builder_version=&#8220;4.16&#8243; _module_preset=&#8220;default&#8220; global_colors_info=&#8220;{}&#8220;][et_pb_image src=&#8220;https:\/\/autonomiae.bz.it\/wp-content\/uploads\/2022\/06\/ivo-corra\u0300-\u00a9-2021ivo-corra\u0300-\u00a9-2021_ICF0249web.jpg&#8220; title_text=&#8220;ivo corra\u0300 \u00a9 2021ivo corra\u0300 \u00a9 2021_ICF0249web&#8220; _builder_version=&#8220;4.16&#8243; _module_preset=&#8220;default&#8220; global_colors_info=&#8220;{}&#8220;][\/et_pb_image][\/et_pb_column][\/et_pb_row][\/et_pb_section]<\/p>\n","protected":false},"excerpt":{"rendered":"<p><div class=\"et_pb_module dipl_breadcrumb dipl_breadcrumb_0\">\n\t\t\t\t\n\t\t\t\t\n\t\t\t\t\n\t\t\t\t\n\t\t\t\t\n\t\t\t\t\n\t\t\t\t<div class=\"et_pb_module_inner\">\n\t\t\t\t\t<div class=\"dipl-breadcrumb-wrapper layout2\">\n\t\t\t\t<ol class=\"dipl-breadcrumb-inner\" vocab=\"https:\/\/schema.org\/\" typeof=\"BreadcrumbList\">\n\t\t\t\t\t<li property=\"itemListElement\" typeof=\"ListItem\" data-icon=\"&#x24;\">\n\t\t\t\t\t\t\t\t<a class=\"breadcrumb-item dipl-home-page\" href=\"https:\/\/autonomiae.bz.it\/de\/\" property=\"item\" typeof=\"WebPage\" >\n\t\t\t\t\t\t\t\t\t<span class=\"breadcrumb-page\" property=\"name\">Home<\/span>\n\t\t\t\t\t\t\t\t<\/a>\n\t\t\t\t\t\t\t\t<meta property=\"position\" content=\"1\" \/>\n\t\t\t\t\t\t\t<\/li>\n\t\t\t\t<\/ol>\n\t\t\t<\/div>\n\t\t\t\t<\/div>\n\t\t\t<\/div>Autonomie erz\u00e4hlt Eine einzigartige Ausstellung in Bozen, in der Architektur, Kultur und Geschichte mit den Generationen von heute und morgen in Dialog treten. Ein Ausstellungsparcourszur Su\u0308dtiroler Autonomie Der Parcours wirft in neun Stationeneinen umfassenden Blick auf die Su\u0308dtiroler Autonomie. Er zeigt auf, wie es [&hellip;]<\/p>\n","protected":false},"author":2,"featured_media":0,"parent":0,"menu_order":0,"comment_status":"closed","ping_status":"closed","template":"","meta":{"_et_pb_use_builder":"on","_et_pb_old_content":"","_et_gb_content_width":"","footnotes":""},"class_list":["post-1558","page","type-page","status-publish","hentry"],"_links":{"self":[{"href":"https:\/\/autonomiae.bz.it\/de\/wp-json\/wp\/v2\/pages\/1558","targetHints":{"allow":["GET"]}}],"collection":[{"href":"https:\/\/autonomiae.bz.it\/de\/wp-json\/wp\/v2\/pages"}],"about":[{"href":"https:\/\/autonomiae.bz.it\/de\/wp-json\/wp\/v2\/types\/page"}],"author":[{"embeddable":true,"href":"https:\/\/autonomiae.bz.it\/de\/wp-json\/wp\/v2\/users\/2"}],"replies":[{"embeddable":true,"href":"https:\/\/autonomiae.bz.it\/de\/wp-json\/wp\/v2\/comments?post=1558"}],"version-history":[{"count":0,"href":"https:\/\/autonomiae.bz.it\/de\/wp-json\/wp\/v2\/pages\/1558\/revisions"}],"wp:attachment":[{"href":"https:\/\/autonomiae.bz.it\/de\/wp-json\/wp\/v2\/media?parent=1558"}],"curies":[{"name":"wp","href":"https:\/\/api.w.org\/{rel}","templated":true}]}}