{"id":1536,"date":"2022-06-23T08:02:48","date_gmt":"2022-06-23T06:02:48","guid":{"rendered":"https:\/\/autonomiae.bz.it\/identita\/"},"modified":"2023-07-17T16:28:23","modified_gmt":"2023-07-17T14:28:23","slug":"identitaet","status":"publish","type":"page","link":"https:\/\/autonomiae.bz.it\/de\/identitaet\/","title":{"rendered":"Identit\u00e4t"},"content":{"rendered":"<p>[et_pb_section fb_built=&#8220;1&#8243; _builder_version=&#8220;4.16&#8243; _module_preset=&#8220;default&#8220; z_index=&#8220;10&#8243; custom_padding=&#8220;0px|0px|0px|0px|false|false&#8220; global_colors_info=&#8220;{}&#8220;][et_pb_row _builder_version=&#8220;4.16&#8243; _module_preset=&#8220;default&#8220; width=&#8220;95.3%&#8220; width_tablet=&#8220;80%&#8220; width_phone=&#8220;80%&#8220; width_last_edited=&#8220;on|phone&#8220; max_width=&#8220;100%&#8220; custom_padding=&#8220;0px||17px|||&#8220; border_width_bottom=&#8220;3px&#8220; saved_tabs=&#8220;all&#8220; global_colors_info=&#8220;{}&#8220;][et_pb_column type=&#8220;4_4&#8243; _builder_version=&#8220;4.16&#8243; _module_preset=&#8220;default&#8220; global_colors_info=&#8220;{}&#8220;][dipl_breadcrumb breadcrumb_layout=&#8220;layout2&#8243; separator_text=&#8220;\/&#8220; separator_size=&#8220;19px&#8220; use_home_link_custom_text=&#8220;off&#8220; _builder_version=&#8220;4.16&#8243; _module_preset=&#8220;default&#8220; text_font=&#8220;|600|||||||&#8220; text_text_color=&#8220;#000000&#8243; link_font=&#8220;|700|||||||&#8220; custom_padding=&#8220;2%||||false|false&#8220; global_colors_info=&#8220;{}&#8220;][\/dipl_breadcrumb][\/et_pb_column][\/et_pb_row][\/et_pb_section][et_pb_section fb_built=&#8220;1&#8243; _builder_version=&#8220;4.16&#8243; _module_preset=&#8220;default&#8220; custom_padding=&#8220;0%|0px|0px|0px|false|false&#8220; animation_style=&#8220;fade&#8220; animation_delay=&#8220;300ms&#8220; scroll_vertical_motion=&#8220;0|50|50|100|2|0|-1&#8243; scroll_horizontal_motion=&#8220;0|50|50|100|3|0|-1&#8243; global_colors_info=&#8220;{}&#8220;][et_pb_row column_structure=&#8220;2_5,3_5&#8243; _builder_version=&#8220;4.16&#8243; _module_preset=&#8220;default&#8220; z_index=&#8220;2&#8243; custom_padding=&#8220;5%||0%||false|false&#8220; animation_direction=&#8220;right&#8220; scroll_vertical_motion=&#8220;0|50|50|100|3|0|-1&#8243; scroll_horizontal_motion_enable=&#8220;on&#8220; scroll_horizontal_motion=&#8220;0|50|50|100|-3|0|1&#8243; scroll_horizontal_motion_tablet=&#8220;0|50|50|100|-3|0|1&#8243; scroll_horizontal_motion_phone=&#8220;0|50|50|100|0.5|0|0&#8243; scroll_horizontal_motion_last_edited=&#8220;on|phone&#8220; global_colors_info=&#8220;{}&#8220;][et_pb_column type=&#8220;2_5&#8243; _builder_version=&#8220;4.16&#8243; _module_preset=&#8220;default&#8220; global_colors_info=&#8220;{}&#8220;][\/et_pb_column][et_pb_column type=&#8220;3_5&#8243; _builder_version=&#8220;4.16&#8243; _module_preset=&#8220;default&#8220; global_colors_info=&#8220;{}&#8220;][et_pb_text _builder_version=&#8220;4.16&#8243; _module_preset=&#8220;default&#8220; header_font_size=&#8220;6vw&#8220; header_letter_spacing=&#8220;-2px&#8220; header_line_height=&#8220;0.9em&#8220; animation_style=&#8220;slide&#8220; animation_direction=&#8220;bottom&#8220; animation_intensity_slide=&#8220;10%&#8220; scroll_vertical_motion=&#8220;0|50|50|100|3|0|-1&#8243; scroll_horizontal_motion=&#8220;0|50|50|100|-2|0|1&#8243; text_font_size_tablet=&#8220;&#8220; text_font_size_phone=&#8220;&#8220; text_font_size_last_edited=&#8220;on|phone&#8220; header_font_size_tablet=&#8220;68px&#8220; header_font_size_phone=&#8220;40px&#8220; header_font_size_last_edited=&#8220;on|desktop&#8220; header_letter_spacing_tablet=&#8220;0px&#8220; header_letter_spacing_phone=&#8220;0px&#8220; header_letter_spacing_last_edited=&#8220;on|desktop&#8220; global_colors_info=&#8220;{}&#8220;]<\/p>\n<h1 style=\"text-align: left;\">Identit\u00e4t<\/h1>\n<p>[\/et_pb_text][et_pb_text _builder_version=&#8220;4.16&#8243; _module_preset=&#8220;default&#8220; text_font_size=&#8220;16px&#8220; text_line_height=&#8220;1.3em&#8220; header_font_size=&#8220;34px&#8220; header_3_font_size=&#8220;30px&#8220; custom_padding=&#8220;|10%||0%|false|false&#8220; scroll_horizontal_motion=&#8220;0|50|50|100|3|0|-1&#8243; header_font_size_tablet=&#8220;34px&#8220; header_font_size_phone=&#8220;34px&#8220; header_font_size_last_edited=&#8220;on|desktop&#8220; header_3_font_size_tablet=&#8220;30px&#8220; header_3_font_size_phone=&#8220;23px&#8220; header_3_font_size_last_edited=&#8220;on|phone&#8220; global_colors_info=&#8220;{}&#8220;]<\/p>\n<h3 class=\"p1\"><span class=\"s1\"><b>Identit\u00e4t ist in S\u00fcdtirol wegen der Geschichte dieses Landes ein oft verwendeter Begriff. Identit\u00e4t sch\u00fctzt, st\u00e4rkt \u2013 und schr\u00e4nkt zugleich ein. Denn sind wir nicht alle mehr als ein Land, eine Sprachgruppe, eine kulturelle Zugeh\u00f6rigkeit? Frei nach dem Philosophen Richard David Precht: Wer bist du \u2013 und wenn ja, wieviele?<\/b><\/span><\/h3>\n<p>[\/et_pb_text][\/et_pb_column][\/et_pb_row][et_pb_row column_structure=&#8220;3_5,2_5&#8243; _builder_version=&#8220;4.21.0&#8243; _module_preset=&#8220;default&#8220; z_index=&#8220;2&#8243; custom_padding=&#8220;5%||0%||false|false&#8220; animation_direction=&#8220;right&#8220; scroll_vertical_motion=&#8220;0|50|50|100|3|0|-1&#8243; scroll_horizontal_motion_enable=&#8220;on&#8220; scroll_horizontal_motion=&#8220;0|50|50|100|-3|0|1&#8243; scroll_horizontal_motion_tablet=&#8220;0|50|50|100|-3|0|1&#8243; scroll_horizontal_motion_phone=&#8220;0|50|50|100|0|0|0&#8243; scroll_horizontal_motion_last_edited=&#8220;on|phone&#8220; global_colors_info=&#8220;{}&#8220;][et_pb_column type=&#8220;3_5&#8243; _builder_version=&#8220;4.16&#8243; _module_preset=&#8220;default&#8220; global_colors_info=&#8220;{}&#8220;][et_pb_text module_id=&#8220;identita&#8220; _builder_version=&#8220;4.21.0&#8243; _module_preset=&#8220;default&#8220; text_font_size=&#8220;16px&#8220; text_line_height=&#8220;1.3em&#8220; header_4_text_color=&#8220;#FFFFFF&#8220; header_4_font_size=&#8220;3vw&#8220; custom_margin=&#8220;||4px|||&#8220; custom_padding=&#8220;0px|10%|22px|0%|false|false&#8220; scroll_horizontal_motion=&#8220;0|50|50|100|2|0|0&#8243; header_4_font_size_tablet=&#8220;5vw&#8220; header_4_font_size_phone=&#8220;12vw&#8220; header_4_font_size_last_edited=&#8220;on|phone&#8220; global_colors_info=&#8220;{}&#8220;]<\/p>\n<h4 style=\"text-align: left;\"><span style=\"color: #000000;\">Welche Lebensbereiche sind f\u00fcr Ihr Identit\u00e4tsgef\u00fchl wichtig?<\/span><\/h4>\n<p>[\/et_pb_text][et_pb_divider divider_weight=&#8220;3px&#8220; _builder_version=&#8220;4.16&#8243; _module_preset=&#8220;default&#8220; custom_margin=&#8220;||-4px|||&#8220; animation_style=&#8220;slide&#8220; animation_direction=&#8220;left&#8220; animation_intensity_slide=&#8220;10%&#8220; global_colors_info=&#8220;{}&#8220;][\/et_pb_divider][et_pb_text _builder_version=&#8220;4.16&#8243; _module_preset=&#8220;default&#8220; global_colors_info=&#8220;{}&#8220;]<form\r\n\t\t\t\tid=\"forminator-module-2584\"\r\n\t\t\t\tclass=\"forminator-ui forminator-poll forminator-poll-2584 forminator-design--flat   forminator_ajax\"\r\n\t\t\t\tmethod=\"post\"\r\n\t\t\t\tdata-forminator-render=\"0\"\r\n\t\t\t\tdata-form-id=\"2584\"\r\n\t\t\t\t data-color-option=\"default\" data-design=\"flat\" style=\"display: none;\"\r\n\t\t\t\tdata-uid=\"69d53f3fbf50b\"\r\n\t\t\t><div role=\"alert\" aria-live=\"polite\" class=\"forminator-response-message\" aria-hidden=\"true\"><\/div><div class=\"forminator-poll-body\"><div role=\"radiogroup\" class=\"forminator-field\" aria-labelledby=\"forminator-poll-2584--title\"><label for=\"2584-0-answer-1\" class=\"forminator-radio\"><input id=\"2584-0-answer-1\" type=\"radio\" data-required=\"\" name=\"2584\" value=\"answer-1\"  \/><span class=\"forminator-radio-bullet\" aria-hidden=\"true\"><\/span><span class=\"forminator-radio-label\">Geburtsort<\/span><\/label><label for=\"2584-0-answer-2\" class=\"forminator-radio\"><input id=\"2584-0-answer-2\" type=\"radio\" data-required=\"\" name=\"2584\" value=\"answer-2\"  \/><span class=\"forminator-radio-bullet\" aria-hidden=\"true\"><\/span><span class=\"forminator-radio-label\">Sprache<\/span><\/label><label for=\"2584-0-answer-3\" class=\"forminator-radio\"><input id=\"2584-0-answer-3\" type=\"radio\" data-required=\"\" name=\"2584\" value=\"answer-3\"  \/><span class=\"forminator-radio-bullet\" aria-hidden=\"true\"><\/span><span class=\"forminator-radio-label\">Beruf<\/span><\/label><label for=\"2584-0-answer-4\" class=\"forminator-radio\"><input id=\"2584-0-answer-4\" type=\"radio\" data-required=\"\" name=\"2584\" value=\"answer-4\"  \/><span class=\"forminator-radio-bullet\" aria-hidden=\"true\"><\/span><span class=\"forminator-radio-label\">Freizeitbesch\u00e4ftigung<\/span><\/label><label for=\"2584-0-answer-5\" class=\"forminator-radio\"><input id=\"2584-0-answer-5\" type=\"radio\" data-required=\"\" name=\"2584\" value=\"answer-5\"  \/><span class=\"forminator-radio-bullet\" aria-hidden=\"true\"><\/span><span class=\"forminator-radio-label\">Zivilstand<\/span><\/label><label for=\"2584-0-answer-6\" class=\"forminator-radio\"><input id=\"2584-0-answer-6\" type=\"radio\" data-required=\"\" name=\"2584\" value=\"answer-6\"  \/><span class=\"forminator-radio-bullet\" aria-hidden=\"true\"><\/span><span class=\"forminator-radio-label\">Geschlechterrolle<\/span><\/label><\/div><\/div><input type=\"hidden\" name=\"referer_url\" value=\"\" \/><div class=\"forminator-poll-footer forminator-poll--actions\"><button class=\"forminator-button forminator-button-submit\" ><span>Senden<\/span><i class=\"forminator-icon-loader forminator-loading\" aria-hidden=\"true\"><\/i><\/button><\/div><input type=\"hidden\" id=\"forminator_nonce\" name=\"forminator_nonce\" value=\"4f94aa6d2f\" \/><input type=\"hidden\" name=\"_wp_http_referer\" value=\"\/de\/wp-json\/wp\/v2\/pages\/1536\" \/><input type=\"hidden\" name=\"form_id\" value=\"2584\"><input type=\"hidden\" name=\"page_id\" value=\"1536\"><input type=\"hidden\" name=\"render_id\" value=\"0\"><input type=\"hidden\" name=\"action\" value=\"forminator_submit_form_poll\"><\/form>[\/et_pb_text][\/et_pb_column][et_pb_column type=&#8220;2_5&#8243; _builder_version=&#8220;4.16&#8243; _module_preset=&#8220;default&#8220; global_colors_info=&#8220;{}&#8220;][\/et_pb_column][\/et_pb_row][\/et_pb_section][et_pb_section fb_built=&#8220;1&#8243; _builder_version=&#8220;4.16&#8243; _module_preset=&#8220;default&#8220; z_index=&#8220;0&#8243; custom_margin=&#8220;0px||||false|false&#8220; custom_padding=&#8220;8.2%||1.2%||false|false&#8220; scroll_vertical_motion=&#8220;0|50|50|100|1|0|-1&#8243; scroll_horizontal_motion_enable=&#8220;on&#8220; scroll_horizontal_motion=&#8220;0|50|50|100|1|0|-2&#8243; scroll_horizontal_motion_tablet=&#8220;0|50|50|100|1|0|-2&#8243; scroll_horizontal_motion_phone=&#8220;0|50|50|100|1|0|-0.5&#8243; scroll_horizontal_motion_last_edited=&#8220;on|phone&#8220; global_colors_info=&#8220;{}&#8220;][et_pb_row column_structure=&#8220;3_4,1_4&#8243; _builder_version=&#8220;4.16&#8243; _module_preset=&#8220;default&#8220; background_image=&#8220;https:\/\/autonomiae.bz.it\/wp-content\/uploads\/2022\/02\/M.svg&#8220; background_size=&#8220;contain&#8220; background_position=&#8220;top_right&#8220; custom_padding=&#8220;8.4%||15%||false|false&#8220; global_colors_info=&#8220;{}&#8220;][et_pb_column type=&#8220;3_4&#8243; _builder_version=&#8220;4.16&#8243; _module_preset=&#8220;default&#8220; global_colors_info=&#8220;{}&#8220;][et_pb_text module_id=&#8220;identita&#8220; _builder_version=&#8220;4.16&#8243; _module_preset=&#8220;default&#8220; text_font_size=&#8220;16px&#8220; text_line_height=&#8220;1.3em&#8220; header_4_text_color=&#8220;#FFFFFF&#8220; header_4_font_size=&#8220;3vw&#8220; custom_margin=&#8220;||4px|||&#8220; custom_padding=&#8220;0px|10%|65px|0%|false|false&#8220; scroll_horizontal_motion=&#8220;0|50|50|100|2|0|0&#8243; header_4_font_size_tablet=&#8220;5vw&#8220; header_4_font_size_phone=&#8220;9vw&#8220; header_4_font_size_last_edited=&#8220;on|phone&#8220; global_colors_info=&#8220;{}&#8220;]<\/p>\n<h4 style=\"text-align: left;\"><span style=\"color: #000000;\">Wer sind wir \u201eeigentlich\u201c?<br \/>\n<\/span><\/h4>\n<p>[\/et_pb_text][et_pb_code module_class=&#8220;testo-quote&#8220; _builder_version=&#8220;4.21.0&#8243; _module_preset=&#8220;default&#8220; hover_enabled=&#8220;0&#8243; global_colors_info=&#8220;{}&#8220; sticky_enabled=&#8220;0&#8243;]<script language=\"JavaScript\"><!-- [et_pb_line_break_holder] --><!-- [et_pb_line_break_holder] -->var Quotation=new Array()<!-- [et_pb_line_break_holder] --><!-- [et_pb_line_break_holder] -->Quotation[0] = \"\u201eIch bin Interista, was willst du mehr?\u201c\" + \"<!\u2013- [et_pb_br_holder] -\u2013><!\u2013- [et_pb_br_holder] -\u2013>\" + \"\u201eWenn ich mit jungen Zugewanderten rede, sage ich immer \u2013 schaut\u2019s, dass ihr in die Vereine reinkommt, wenn ihr da dabei seid, dann seid\u2019s angekommen.\u201c\" + \"<!\u2013- [et_pb_br_holder] -\u2013><!\u2013- [et_pb_br_holder] -\u2013>\" + \"\u201eWir Sch\u00fctzen sind da, das Land zu vertreten. Das ist doch Identit\u00e4t, oder?\u201c\";<!-- [et_pb_line_break_holder] -->Quotation[1] = \"\u201eAm Anfang ist das schon verwirrend, du kommst nach Italien und pl\u00f6tzlich merkst du, hier ist alles deutsch.\u201c\" + \"<!\u2013- [et_pb_br_holder] -\u2013><!\u2013- [et_pb_br_holder] -\u2013>\" + \"\u201eBeim Chor geht mir das Herz auf, da wei\u00df ich, was ich bin.\u201c\" + \"<!\u2013- [et_pb_br_holder] -\u2013><!\u2013- [et_pb_br_holder] -\u2013>\" + \"\u201eDie Selbsthilfegruppe damals war schon wichtig \u2026 da habe ich Mut gefasst, zu mir zu stehen.\u201d\";<!-- [et_pb_line_break_holder] -->Quotation[2] = \"\u201eWenn du aus dem Irak hierher kommst, oder egal von wo, dann ist es wie eine zweite Geburt. Du musst alles neu lernen, die Sprache, die gesellschaftlichen Regeln, und  auch wer du bist.\u201d\" + \"<!\u2013- [et_pb_br_holder] -\u2013><!\u2013- [et_pb_br_holder] -\u2013>\" + \"\u201eIch bin einfach eine Tirolerin und wenn\u2019s genauer sein soll, eine S\u00fcdtirolerin. Und fertig!\u201c\" + \"<!\u2013- [et_pb_br_holder] -\u2013><!\u2013- [et_pb_br_holder] -\u2013>\" + \"\u201eImmer diese Frage, als was ich mich f\u00fchle, uffa. Kann man nicht einfach nur die sein, die man halt ist.\u201c\";<!-- [et_pb_line_break_holder] -->Quotation[3] = \"\u201eIch f\u00fchle mich eigentlich als Italiener, warum sollte ich mich anders f\u00fchlen, nur weil hier auch Deutsche leben?\u201c\" + \"<!\u2013- [et_pb_br_holder] -\u2013><!\u2013- [et_pb_br_holder] -\u2013>\" + \"\u201eLadinisch, das war doch einmal die Sprache \u00fcberall hier. Das macht mich schon auch ein bisschen Stolz, eine Badiottin zu sein.\u201c\" + \"<!\u2013- [et_pb_br_holder] -\u2013><!\u2013- [et_pb_br_holder] -\u2013>\" + \"\u201eWer die Br\u00e4uche und Sitten unseres Landes nicht respektiert, geh\u00f6rt nicht zu S\u00fcdtirol.\u201c\";<!-- [et_pb_line_break_holder] -->Quotation[4] = \"\u201eAlso, ich bin schon Italienerin, aber S\u00fcdtirolerin, deutschsprachig, also nicht richtig Italienerin, aber Deutschland auch nicht, \u00d6sterreich auch nicht, S\u00fcdtirol halt.\u201c\" + \"<!\u2013- [et_pb_br_holder] -\u2013><!\u2013- [et_pb_br_holder] -\u2013>\" + \"\u201eDu kannst dich ja eigentlich nie irgendwie wirklich \u2026 zeigen, so wie du bist, dann schauen dich die Leute komisch an.\u201c\" + \"<!\u2013- [et_pb_br_holder] -\u2013><!\u2013- [et_pb_br_holder] -\u2013>\" + \"\u201eIch habe lange gebraucht mir einzugestehen, dass ich schwul bin.\u201c\";<!-- [et_pb_line_break_holder] -->Quotation[5] = \"\u201eIdentit\u00e4t? Das ist Texas, das ist Milan, wenn du wei\u00dft, was das hei\u00dft.\u201c\" + \"<!\u2013- [et_pb_br_holder] -\u2013><!\u2013- [et_pb_br_holder] -\u2013>\" + \"\u201eKomisch, in Mailand f\u00fchle ich mich eher deutsch, in Wien eher italienisch.\u201c\" + \"<!\u2013- [et_pb_br_holder] -\u2013><!\u2013- [et_pb_br_holder] -\u2013>\" + \"\u201eWenn du jemandem sagst, ich bin Ladiner \u2013 da musst du dann eine halbe Stunde lang erkl\u00e4ren, was das ist.\u201c\";<!-- [et_pb_line_break_holder] -->Quotation[6] = \"\u201eBeim Fu\u00dfball bin ich FC Bayern, sonst schon eher Italien.\u201c\" + \"<!\u2013- [et_pb_br_holder] -\u2013><!\u2013- [et_pb_br_holder] -\u2013>\" + \"\u201eDas Laubenfest war immer so etwas wie \u2026 das h\u00e4lt das ganze Dorf zusammen. Sch\u00fctzen, Feuerwehr, Musikkapelle \u2013 die Italiener hatten halt nur den Acli.\u201c\" + \"<!\u2013- [et_pb_br_holder] -\u2013><!\u2013- [et_pb_br_holder] -\u2013>\" + \"\u201eWenn ich mit jungen Zugewanderten rede, sage ich immer \u2013 schaut\u2019s, dass ihr in die Vereine reinkommt, wenn ihr da dabei seid, dann seid\u2019s angekommen.\u201c\";<!-- [et_pb_line_break_holder] -->Quotation[7] = \"\u201eIch bin in sieben Vereinen. Auch das macht S\u00fcdtirol aus.\u201c\" + \"<!\u2013- [et_pb_br_holder] -\u2013><!\u2013- [et_pb_br_holder] -\u2013>\" + \"\u201eIdentit\u00e4t? Das ist Texas, das ist Milan, wenn du wei\u00dft, was das hei\u00dft.\u201c\" + \"<!\u2013- [et_pb_br_holder] -\u2013><!\u2013- [et_pb_br_holder] -\u2013>\" + \"\u201eWer nicht beide Eltern deutsch hatte, der durfte in meiner Jugend nicht zur Feuerwehr. Italiener schon gar nicht. Jetzt ist das besser.\u201c\";<!-- [et_pb_line_break_holder] --><!-- [et_pb_line_break_holder] --><!-- [et_pb_line_break_holder] -->var Q = Quotation.length;<!-- [et_pb_line_break_holder] -->var whichQuotation=Math.round(Math.random()*(Q-1));<!-- [et_pb_line_break_holder] -->function showQuotation(){document.write(Quotation[whichQuotation]);}<!-- [et_pb_line_break_holder] -->showQuotation();<!-- [et_pb_line_break_holder] --><\/script>[\/et_pb_code][\/et_pb_column][et_pb_column type=&#8220;1_4&#8243; _builder_version=&#8220;4.16&#8243; _module_preset=&#8220;default&#8220; global_colors_info=&#8220;{}&#8220;][\/et_pb_column][\/et_pb_row][\/et_pb_section][et_pb_section fb_built=&#8220;1&#8243; _builder_version=&#8220;4.16&#8243; _module_preset=&#8220;default&#8220; z_index=&#8220;0&#8243; custom_margin=&#8220;0px||||false|false&#8220; custom_padding=&#8220;1.4%||1.8%||false|false&#8220; global_colors_info=&#8220;{}&#8220;][et_pb_row column_structure=&#8220;1_3,1_3,1_3&#8243; _builder_version=&#8220;4.21.0&#8243; _module_preset=&#8220;default&#8220; z_index=&#8220;2&#8243; custom_padding=&#8220;2%||3.8%||false|false&#8220; animation_direction=&#8220;right&#8220; scroll_vertical_motion=&#8220;0|50|50|100|3|0|-1&#8243; scroll_horizontal_motion_enable=&#8220;on&#8220; scroll_horizontal_motion=&#8220;0|50|50|100|-2|0|0&#8243; motion_trigger_start=&#8220;bottom&#8220; scroll_horizontal_motion_tablet=&#8220;0|50|50|100|-2|0|0&#8243; scroll_horizontal_motion_phone=&#8220;0|50|50|100|0|0|0&#8243; scroll_horizontal_motion_last_edited=&#8220;on|phone&#8220; global_colors_info=&#8220;{}&#8220;][et_pb_column type=&#8220;1_3&#8243; _builder_version=&#8220;4.16&#8243; _module_preset=&#8220;default&#8220; global_colors_info=&#8220;{}&#8220;][\/et_pb_column][et_pb_column type=&#8220;1_3&#8243; _builder_version=&#8220;4.16&#8243; _module_preset=&#8220;default&#8220; global_colors_info=&#8220;{}&#8220;][et_pb_text _builder_version=&#8220;4.16&#8243; _module_preset=&#8220;default&#8220; text_font_size=&#8220;16px&#8220; text_line_height=&#8220;1.3em&#8220; custom_padding=&#8220;|10%||0%|false|false&#8220; scroll_horizontal_motion=&#8220;0|50|50|100|3|0|-1&#8243; global_colors_info=&#8220;{}&#8220;]<\/p>\n<p class=\"p1\">Werden S\u00fcdtirolerinnen und S\u00fcdtiroler im Ausland oder in anderen Teilen Italiens gefragt, als \u201ewas\u201c sie sich f\u00fchlen, kommen meist S\u00e4tze mit \u201eeigentlich\u201c: Eigentlich schon italienisch, aber nicht nur. Eigentlich deutsch, aber nicht wie in Deutschland oder \u00d6sterreich. Eigentlich ladinisch, aber &#8230; Und hei\u00dft es nun S\u00fcdtiroler oder Tiroler, Sudtirolesi oder Altoatesini?\n<\/p>\n<p>[\/et_pb_text][\/et_pb_column][et_pb_column type=&#8220;1_3&#8243; _builder_version=&#8220;4.16&#8243; _module_preset=&#8220;default&#8220; global_colors_info=&#8220;{}&#8220;][\/et_pb_column][\/et_pb_row][\/et_pb_section]<\/p>\n","protected":false},"excerpt":{"rendered":"<p><div class=\"et_pb_module dipl_breadcrumb dipl_breadcrumb_0\">\n\t\t\t\t\n\t\t\t\t\n\t\t\t\t\n\t\t\t\t\n\t\t\t\t\n\t\t\t\t\n\t\t\t\t<div class=\"et_pb_module_inner\">\n\t\t\t\t\t<div class=\"dipl-breadcrumb-wrapper layout2\">\n\t\t\t\t<ol class=\"dipl-breadcrumb-inner\" vocab=\"https:\/\/schema.org\/\" typeof=\"BreadcrumbList\">\n\t\t\t\t\t<li property=\"itemListElement\" typeof=\"ListItem\" data-icon=\"&#x24;\">\n\t\t\t\t\t\t\t\t<a class=\"breadcrumb-item dipl-home-page\" href=\"https:\/\/autonomiae.bz.it\/de\/\" property=\"item\" typeof=\"WebPage\" >\n\t\t\t\t\t\t\t\t\t<span class=\"breadcrumb-page\" property=\"name\">Home<\/span>\n\t\t\t\t\t\t\t\t<\/a>\n\t\t\t\t\t\t\t\t<meta property=\"position\" content=\"1\" \/>\n\t\t\t\t\t\t\t<\/li>\n\t\t\t\t<\/ol>\n\t\t\t<\/div>\n\t\t\t\t<\/div>\n\t\t\t<\/div>Identit\u00e4tIdentit\u00e4t ist in S\u00fcdtirol wegen der Geschichte dieses Landes ein oft verwendeter Begriff. Identit\u00e4t sch\u00fctzt, st\u00e4rkt \u2013 und schr\u00e4nkt zugleich ein. Denn sind wir nicht alle mehr als ein Land, eine Sprachgruppe, eine kulturelle Zugeh\u00f6rigkeit? Frei nach dem Philosophen Richard David Precht: Wer bist [&hellip;]<\/p>\n","protected":false},"author":2,"featured_media":0,"parent":0,"menu_order":0,"comment_status":"closed","ping_status":"closed","template":"","meta":{"_et_pb_use_builder":"on","_et_pb_old_content":"","_et_gb_content_width":"","footnotes":""},"class_list":["post-1536","page","type-page","status-publish","hentry"],"_links":{"self":[{"href":"https:\/\/autonomiae.bz.it\/de\/wp-json\/wp\/v2\/pages\/1536","targetHints":{"allow":["GET"]}}],"collection":[{"href":"https:\/\/autonomiae.bz.it\/de\/wp-json\/wp\/v2\/pages"}],"about":[{"href":"https:\/\/autonomiae.bz.it\/de\/wp-json\/wp\/v2\/types\/page"}],"author":[{"embeddable":true,"href":"https:\/\/autonomiae.bz.it\/de\/wp-json\/wp\/v2\/users\/2"}],"replies":[{"embeddable":true,"href":"https:\/\/autonomiae.bz.it\/de\/wp-json\/wp\/v2\/comments?post=1536"}],"version-history":[{"count":0,"href":"https:\/\/autonomiae.bz.it\/de\/wp-json\/wp\/v2\/pages\/1536\/revisions"}],"wp:attachment":[{"href":"https:\/\/autonomiae.bz.it\/de\/wp-json\/wp\/v2\/media?parent=1536"}],"curies":[{"name":"wp","href":"https:\/\/api.w.org\/{rel}","templated":true}]}}