{"id":1496,"date":"2022-02-28T14:51:23","date_gmt":"2022-02-28T12:51:23","guid":{"rendered":"https:\/\/autonomiae.bz.it\/la-strada-per-lautonomia\/"},"modified":"2023-06-08T15:07:14","modified_gmt":"2023-06-08T13:07:14","slug":"der-weg-zur-autonomie","status":"publish","type":"page","link":"https:\/\/autonomiae.bz.it\/de\/der-weg-zur-autonomie\/","title":{"rendered":"Der Weg zur Autonomie"},"content":{"rendered":"<p>[et_pb_section fb_built=&#8220;1&#8243; _builder_version=&#8220;4.16&#8243; _module_preset=&#8220;default&#8220; z_index=&#8220;10&#8243; custom_padding=&#8220;0px|0px|0px|0px|false|false&#8220; global_colors_info=&#8220;{}&#8220;][et_pb_row _builder_version=&#8220;4.16&#8243; _module_preset=&#8220;default&#8220; width=&#8220;95.3%&#8220; width_tablet=&#8220;80%&#8220; width_phone=&#8220;80%&#8220; width_last_edited=&#8220;on|phone&#8220; max_width=&#8220;100%&#8220; custom_padding=&#8220;0px||17px|||&#8220; border_width_bottom=&#8220;3px&#8220; saved_tabs=&#8220;all&#8220; global_colors_info=&#8220;{}&#8220;][et_pb_column type=&#8220;4_4&#8243; _builder_version=&#8220;4.16&#8243; _module_preset=&#8220;default&#8220; global_colors_info=&#8220;{}&#8220;][dipl_breadcrumb breadcrumb_layout=&#8220;layout2&#8243; separator_text=&#8220;\/&#8220; separator_size=&#8220;19px&#8220; use_home_link_custom_text=&#8220;off&#8220; _builder_version=&#8220;4.16&#8243; _module_preset=&#8220;default&#8220; text_font=&#8220;|600|||||||&#8220; text_text_color=&#8220;#000000&#8243; link_font=&#8220;|700|||||||&#8220; custom_padding=&#8220;2%||||false|false&#8220; global_colors_info=&#8220;{}&#8220;][\/dipl_breadcrumb][\/et_pb_column][\/et_pb_row][\/et_pb_section][et_pb_section fb_built=&#8220;1&#8243; custom_padding_last_edited=&#8220;on|tablet&#8220; _builder_version=&#8220;4.16&#8243; _module_preset=&#8220;default&#8220; background_image=&#8220;https:\/\/autonomiae.bz.it\/wp-content\/uploads\/2022\/02\/T.svg&#8220; background_size=&#8220;contain&#8220; background_position=&#8220;top_right&#8220; custom_margin=&#8220;5%||||false|false&#8220; custom_padding=&#8220;0%|0px|5%|0px|false|false&#8220; custom_padding_tablet=&#8220;25%||10%||false|false&#8220; custom_padding_phone=&#8220;25%||10%||false|false&#8220; scroll_vertical_motion=&#8220;0|50|50|100|2|0|-1&#8243; scroll_horizontal_motion_enable=&#8220;on&#8220; scroll_horizontal_motion=&#8220;0|50|50|100|3|0|-1&#8243; background_last_edited=&#8220;on|tablet&#8220; background_position_tablet=&#8220;top_center&#8220; scroll_horizontal_motion_tablet=&#8220;0|50|50|100|3|0|-1&#8243; scroll_horizontal_motion_phone=&#8220;0|50|50|100|-0.3|0|0.3&#8243; scroll_horizontal_motion_last_edited=&#8220;on|phone&#8220; global_colors_info=&#8220;{}&#8220;][et_pb_row _builder_version=&#8220;4.16&#8243; _module_preset=&#8220;default&#8220; custom_padding=&#8220;2%||2%||false|false&#8220; animation_direction=&#8220;right&#8220; scroll_horizontal_motion_enable=&#8220;on&#8220; scroll_horizontal_motion=&#8220;0|50|50|100|1|0|-1&#8243; motion_trigger_start=&#8220;bottom&#8220; scroll_horizontal_motion_tablet=&#8220;0|50|50|100|1|0|-1&#8243; scroll_horizontal_motion_phone=&#8220;0|50|50|100|0|0|0&#8243; scroll_horizontal_motion_last_edited=&#8220;on|phone&#8220; global_colors_info=&#8220;{}&#8220;][et_pb_column type=&#8220;4_4&#8243; _builder_version=&#8220;4.16&#8243; _module_preset=&#8220;default&#8220; global_colors_info=&#8220;{}&#8220;][et_pb_text _builder_version=&#8220;4.16&#8243; _module_preset=&#8220;default&#8220; header_font_size=&#8220;6vw&#8220; header_letter_spacing=&#8220;-2px&#8220; header_line_height=&#8220;0.9em&#8220; animation_style=&#8220;slide&#8220; animation_direction=&#8220;bottom&#8220; animation_intensity_slide=&#8220;10%&#8220; scroll_vertical_motion=&#8220;0|50|50|100|3|0|-1&#8243; scroll_horizontal_motion=&#8220;0|50|50|100|-2|0|0&#8243; text_font_size_tablet=&#8220;&#8220; text_font_size_phone=&#8220;&#8220; text_font_size_last_edited=&#8220;on|phone&#8220; header_font_size_tablet=&#8220;68px&#8220; header_font_size_phone=&#8220;40px&#8220; header_font_size_last_edited=&#8220;on|desktop&#8220; header_letter_spacing_tablet=&#8220;0px&#8220; header_letter_spacing_phone=&#8220;0px&#8220; header_letter_spacing_last_edited=&#8220;on|desktop&#8220; global_colors_info=&#8220;{}&#8220;]<\/p>\n<h1 style=\"text-align: left;\">Der Weg<br \/>zur Autonomie<\/h1>\n<p>[\/et_pb_text][\/et_pb_column][\/et_pb_row][et_pb_row column_structure=&#8220;1_3,1_3,1_3&#8243; _builder_version=&#8220;4.16&#8243; _module_preset=&#8220;default&#8220; z_index=&#8220;2&#8243; custom_padding=&#8220;||0%||false|false&#8220; animation_direction=&#8220;right&#8220; scroll_vertical_motion=&#8220;0|50|50|100|3|0|-1&#8243; scroll_horizontal_motion_enable=&#8220;on&#8220; scroll_horizontal_motion=&#8220;0|50|50|100|1|0|-1&#8243; motion_trigger_start=&#8220;top&#8220; scroll_horizontal_motion_tablet=&#8220;0|50|50|100|1|0|-1&#8243; scroll_horizontal_motion_phone=&#8220;0|50|50|100|0|0|0&#8243; scroll_horizontal_motion_last_edited=&#8220;on|phone&#8220; global_colors_info=&#8220;{}&#8220;][et_pb_column type=&#8220;1_3&#8243; _builder_version=&#8220;4.16&#8243; _module_preset=&#8220;default&#8220; global_colors_info=&#8220;{}&#8220;][et_pb_text _builder_version=&#8220;4.16&#8243; _module_preset=&#8220;default&#8220; text_font_size=&#8220;16px&#8220; text_line_height=&#8220;1.3em&#8220; header_font_size=&#8220;34px&#8220; header_3_font_size=&#8220;30px&#8220; custom_padding=&#8220;|10%||0%|false|false&#8220; scroll_horizontal_motion=&#8220;0|50|50|100|2|0|0&#8243; header_font_size_tablet=&#8220;34px&#8220; header_font_size_phone=&#8220;34px&#8220; header_font_size_last_edited=&#8220;on|desktop&#8220; header_3_font_size_tablet=&#8220;30px&#8220; header_3_font_size_phone=&#8220;30px&#8220; header_3_font_size_last_edited=&#8220;on|desktop&#8220; global_colors_info=&#8220;{}&#8220;]<\/p>\n<h3 class=\"p1\"><b>Hat S\u00fcdtirol mit seiner Autonomie das Bestm\u00f6gliche erreicht? Oder w\u00e4re noch mehr zu holen gewesen?<span class=\"Apple-converted-space\">\u00a0<\/span><\/h3>\n<p>[\/et_pb_text][\/et_pb_column][et_pb_column type=&#8220;1_3&#8243; _builder_version=&#8220;4.16&#8243; _module_preset=&#8220;default&#8220; global_colors_info=&#8220;{}&#8220;][et_pb_text _builder_version=&#8220;4.16&#8243; _module_preset=&#8220;default&#8220; text_font_size=&#8220;16px&#8220; text_line_height=&#8220;1.3em&#8220; custom_padding=&#8220;|10%||0%|false|false&#8220; scroll_horizontal_motion=&#8220;0|50|50|100|2|0|0&#8243; global_colors_info=&#8220;{}&#8220;]<\/p>\n<p style=\"text-align: left;\"><span>Sicher ist: Der Weg zur Autonomie war lang, oft waren h\u00f6here Interessen im Spiel, es gab R\u00fcckschl\u00e4ge, auch Leid. Dass der Weg zu einem Frieden f\u00fchrte, ist l\u00e4ngst nicht selbstverst\u00e4ndlich.<\/span><\/p>\n<p>[\/et_pb_text][\/et_pb_column][et_pb_column type=&#8220;1_3&#8243; _builder_version=&#8220;4.16&#8243; _module_preset=&#8220;default&#8220; global_colors_info=&#8220;{}&#8220;][\/et_pb_column][\/et_pb_row][\/et_pb_section][et_pb_section fb_built=&#8220;1&#8243; _builder_version=&#8220;4.16&#8243; _module_preset=&#8220;default&#8220; z_index=&#8220;0&#8243; custom_margin=&#8220;0px||||false|false&#8220; custom_padding=&#8220;0px|||||&#8220; global_colors_info=&#8220;{}&#8220;][et_pb_row _builder_version=&#8220;4.16&#8243; _module_preset=&#8220;default&#8220; custom_padding=&#8220;5%||||false|false&#8220; global_colors_info=&#8220;{}&#8220;][et_pb_column type=&#8220;4_4&#8243; _builder_version=&#8220;4.16&#8243; _module_preset=&#8220;default&#8220; global_colors_info=&#8220;{}&#8220;][et_pb_text _builder_version=&#8220;4.16&#8243; _module_preset=&#8220;default&#8220; text_font_size=&#8220;16px&#8220; text_line_height=&#8220;1.3em&#8220; header_font_size=&#8220;34px&#8220; header_3_font_size=&#8220;68px&#8220; custom_padding=&#8220;|0px||0%|false|false&#8220; scroll_horizontal_motion=&#8220;0|50|50|100|2|0|0&#8243; header_font_size_tablet=&#8220;34px&#8220; header_font_size_phone=&#8220;34px&#8220; header_font_size_last_edited=&#8220;on|desktop&#8220; header_3_font_size_tablet=&#8220;30px&#8220; header_3_font_size_phone=&#8220;30px&#8220; header_3_font_size_last_edited=&#8220;on|desktop&#8220; global_colors_info=&#8220;{}&#8220;]<\/p>\n<h3 style=\"text-align: center;\">Timeline<\/h3>\n<p>[\/et_pb_text][dipl_timeline select_timeline_layout=&#8220;dipl_date_tree&#8220; global_date_tree_image_size=&#8220;100%&#8220; timeline_bar_color=&#8220;#f4f4f4&#8243; timeline_bar_fill_color=&#8220;#E02B20&#8243; timeline_bar_shape_border_size=&#8220;3px&#8220; timeline_bar_shape_color=&#8220;#FFFFFF&#8220; timeline_bar_shape_fill_color=&#8220;#FFFFFF&#8220; timeline_bar_shape_border_color=&#8220;#f4f4f4&#8243; timeline_bar_shape_border_fill_color=&#8220;#d3151b&#8220; timeline_custom_padding=&#8220;5%|5%|5%|5%|false|false&#8220; global_timeline_background_color=&#8220;#FFFFFF&#8220; _builder_version=&#8220;4.21.0&#8243; _module_preset=&#8220;default&#8220; global_timeline_header_font_size=&#8220;40px&#8220; global_timeline_text_font_size=&#8220;16px&#8220; global_timeline_text_line_height=&#8220;1.3em&#8220; global_timeline_date_font=&#8220;|700|||||||&#8220; global_timeline_date_font_size=&#8220;21px&#8220; custom_padding=&#8220;||||false|false&#8220; animation_style=&#8220;slide&#8220; animation_direction=&#8220;bottom&#8220; animation_delay=&#8220;200ms&#8220; animation_intensity_slide=&#8220;10%&#8220; hover_enabled=&#8220;0&#8243; global_colors_info=&#8220;{}&#8220; global_timeline_header_font_size_last_edited=&#8220;on|phone&#8220; sticky_enabled=&#8220;0&#8243; global_timeline_header_font_size_phone=&#8220;30px&#8220; global_timeline_header_font_size_tablet=&#8220;40px&#8220;][dipl_timeline_item timeline_title=&#8220;Friedensvertrag von Saint Germain&#8220; display_time=&#8220;on&#8220; timeline_custom_time=&#8220;1919&#8243; _builder_version=&#8220;4.16&#8243; _module_preset=&#8220;default&#8220; background_enable_color=&#8220;off&#8220; custom_padding=&#8220;||||false|false&#8220; scroll_vertical_motion=&#8220;0|50|50|100|3|0|0&#8243; scroll_fade=&#8220;0|50|50|100|100%|100|0%&#8220; scroll_scaling_enable=&#8220;on&#8220; scroll_blur=&#8220;0|40|60|100|100px|0px|0px&#8220; border_radii=&#8220;on|50px|50px|50px|50px&#8220; border_width_top=&#8220;0px&#8220; global_colors_info=&#8220;{}&#8220;]<\/p>\n<p><span>Der Friedensvertrag am Ende des Ersten Weltkrieges besiegelt die Teilung Tirols und den \u00dcbergang des s\u00fcdlichen Teils an Italien. S\u00fcdtirol hofft vergeblich auf Selbstbestimmung oder eine Autonomie.<\/span><\/p>\n<p>[\/dipl_timeline_item][dipl_timeline_item timeline_title=&#8220;Marsch auf Rom&#8220; display_time=&#8220;on&#8220; timeline_custom_time=&#8220;1922&#8243; _builder_version=&#8220;4.16&#8243; _module_preset=&#8220;default&#8220; scroll_scaling_enable=&#8220;on&#8220; global_colors_info=&#8220;{}&#8220;]<\/p>\n<p class=\"p1\"><span>Die faschistische Partei unter Bennito Mussolini marschiert in Rom ein und \u00fcbernimmt die Macht im Staat. <\/span>Er unterdr\u00fcckt die sprachlichen Minderheiten und forciert die Zuwanderung. Ziel ist es, die \u201eneuen Provinzen\u201c vollst\u00e4ndig zu italianisieren.<\/p>\n<p>[\/dipl_timeline_item][dipl_timeline_item timeline_title=&#8220;Option&#8220; display_time=&#8220;on&#8220; timeline_custom_time=&#8220;1939&#8243; _builder_version=&#8220;4.16&#8243; _module_preset=&#8220;default&#8220; scroll_scaling_enable=&#8220;on&#8220; global_colors_info=&#8220;{}&#8220;]<\/p>\n<p class=\"p1\">Das faschistische Italien und Nazi-Deutschland stellen die deutsch- und ladinischsprachigen S\u00fcdtiroler vor die Wahl: Auswandern ins Deutsche Reich oder in Italien bleiben, aber ohne den Schutz f\u00fcr Minderheiten. \u00dcber 85\u2009% optieren f\u00fcr Deutschland. Ca. 70.000 wandern zwischen 1940 und 1943 aus.<\/p>\n<p>[\/dipl_timeline_item][dipl_timeline_item timeline_title=&#8220;Die Alliierten besetzen Teile Italiens&#8220; display_time=&#8220;on&#8220; timeline_custom_time=&#8220;1943&#8243; _builder_version=&#8220;4.16&#8243; _module_preset=&#8220;default&#8220; scroll_scaling_enable=&#8220;on&#8220; global_colors_info=&#8220;{}&#8220;]<\/p>\n<p class=\"p1\">Die Alliierten besetzen Teile Italiens. Nach dem Sturz Mussolinis unterzeichnet am 8. September 1943 eine neue Regierung in Rom die Kapitulation. Die deutsche Wehrmacht marschiert in Italien ein. Sie erkl\u00e4rt die Provinzen Bozen, Trient und Belluno zu ihrer <i>Operationszone Alpenvorland<\/i>.<\/p>\n<p>[\/dipl_timeline_item][dipl_timeline_item timeline_title=&#8220;Eine neue Phase&#8220; display_time=&#8220;on&#8220; timeline_custom_time=&#8220;1945&#8243; _builder_version=&#8220;4.16&#8243; _module_preset=&#8220;default&#8220; scroll_scaling_enable=&#8220;on&#8220; global_colors_info=&#8220;{}&#8220;]<\/p>\n<p class=\"p1\">Das Ende des Zweiten Weltkrieges erm\u00f6glicht einen demokratischen Neuanfang. Am 8. Mai 1945 geneh\u00admigen die Alliierten die Gr\u00fcndung der <i>S\u00fcdtiroler Volkspartei<\/i> (SVP) und erkennen sie als Vertretung <span class=\"s1\">des deutsch- und ladinischspra\u00ad<\/span>chi\u00adgen S\u00fcdtirols an.<\/p>\n<p>[\/dipl_timeline_item][dipl_timeline_item timeline_title=&#8220;Pariser Vertrag&#8220; display_time=&#8220;on&#8220; timeline_custom_time=&#8220;1946&#8243; upload_timeline_image=&#8220;https:\/\/autonomiae.bz.it\/wp-content\/uploads\/2022\/03\/01.jpg&#8220; _builder_version=&#8220;4.16&#8243; _module_preset=&#8220;default&#8220; scroll_scaling_enable=&#8220;on&#8220; global_colors_info=&#8220;{}&#8220;]<\/p>\n<p class=\"p1\">Die Hoffnung auf Selbstbestimmung erf\u00fcllt sich auch 1946 nicht. Die Alliierten unterst\u00fctzen den Verbleib S\u00fcdtirols bei Italien. Daf\u00fcr muss Italien mit dem Gruber-Degasperi-Abkommen Zugest\u00e4ndnisse machen: Schutz der deutschen Sprachgruppe und Wiedereinb\u00fcrgerung der Optanten f\u00fcr Deutschland.<\/p>\n<p>[\/dipl_timeline_item][dipl_timeline_item timeline_title=&#8220;Erstes Autonomiestatut&#8220; display_time=&#8220;on&#8220; timeline_custom_time=&#8220;1948&#8243; _builder_version=&#8220;4.16&#8243; _module_preset=&#8220;default&#8220; scroll_scaling_enable=&#8220;on&#8220; global_colors_info=&#8220;{}&#8220;]<\/p>\n<p><span>Die italienische verfassunggebende Nationalversammlung genehmigt das erste Autonomiestatut.\u00a0<\/span>Ein erstes Autonomiestatut f\u00fcr die Region Trentino-S\u00fcdtirol tritt in Kraft. Die politischen Vertreter S\u00fcdtirols sind unzufrieden, da die autonomen Zust\u00e4ndigkeiten bei der Region (mit italienischer Mehrheit) liegen und nicht bei der Provinz Bozen (mit deutscher Mehrheit). Au\u00dferdem kommt die ladinische Minderheit in dem Statut nicht vor.<\/p>\n<p>[\/dipl_timeline_item][dipl_timeline_item timeline_title=&#8220;Entt\u00e4uschende Autonomie&#8220; display_time=&#8220;on&#8220; timeline_custom_time=&#8220;1948 \u2013 1957&#8243; _builder_version=&#8220;4.16&#8243; _module_preset=&#8220;default&#8220; scroll_scaling_enable=&#8220;on&#8220; global_colors_info=&#8220;{}&#8220;]<\/p>\n<p><span>Da der italienischsprachige Anteil in dieser Region die Mehrheit ausmacht, werden die Anliegen der deutsch- und ladinischsprachigen Minderheit \u00fcberstimmt. Wesentliche Elemente des Gruber-Degasperi-Abkommens waren in den Augen der S\u00fcdtiroler Bev\u00f6lkerung nicht umgesetzt. Ihre Unzufriedenheit w\u00e4chst, auch wegen der Binnenzuwanderung von italienischen Arbeitskr\u00e4ften und Familien.<\/span><\/p>\n<p>[\/dipl_timeline_item][dipl_timeline_item timeline_title=&#8220;Silvius Magnago wird Obmann der SVP&#8220; display_time=&#8220;on&#8220; timeline_custom_time=&#8220;\u25cf\u25cf\u25cf&#8220; upload_timeline_image=&#8220;https:\/\/autonomiae.bz.it\/wp-content\/uploads\/2023\/03\/Magnago-1.jpg&#8220; _builder_version=&#8220;4.16&#8243; _module_preset=&#8220;default&#8220; scroll_scaling_enable=&#8220;on&#8220; global_colors_info=&#8220;{}&#8220;]<span>1957 wird Silvius Magnago Obmann der SVP. Gest\u00fctzt vom h\u00e4rteren Fl\u00fcgel der Partei ruft er zur Demo nach Schloss Sigmundskron, um gegen die Bevormundung S\u00fcdtirols durch Italien zu demonstrieren. 35.000 kommen und fordern eine eigene Autonomie f\u00fcr S\u00fcdtirol.<\/span><span class=\"Apple-converted-space\">\u00a0<\/span>[\/dipl_timeline_item][dipl_timeline_item timeline_title=&#8220;Kundgebung auf Schloss Sigmundskron&#8220; display_time=&#8220;on&#8220; timeline_custom_time=&#8220;1957&#8243; upload_timeline_image=&#8220;https:\/\/autonomiae.bz.it\/wp-content\/uploads\/2022\/03\/04.jpg&#8220; _builder_version=&#8220;4.16&#8243; _module_preset=&#8220;default&#8220; scroll_scaling_enable=&#8220;on&#8220; global_colors_info=&#8220;{}&#8220;]<\/p>\n<p class=\"p1\"><span>In einer Massenkundgebung auf Schloss Sigmundskron protestierten 35.000 S\u00fcdtiroler gegen die Nichterf\u00fcllung des Pariser Vertrages und fordern mit dem \u201eLos von Trient!\u201d eine eigene Autonomie f\u00fcr S\u00fcdtirol, unabh\u00e4ngig vom Trentino.<\/span><\/p>\n<p>[\/dipl_timeline_item][dipl_timeline_item timeline_title=&#8220;S\u00fcdtirolfrage vor der UNO&#8220; display_time=&#8220;on&#8220; timeline_custom_time=&#8220;1960&#8243; _builder_version=&#8220;4.16&#8243; _module_preset=&#8220;default&#8220; scroll_scaling_enable=&#8220;on&#8220; global_colors_info=&#8220;{}&#8220;]<\/p>\n<p class=\"p1\">Dem neuen Au\u00dfenminister \u00d6sterreichs, Bruno Kreisky, gelingt es, das S\u00fcdtirol Problem vor die UNO zu bringen. Sie fordert Italien und \u00d6sterreich auf, das Problem gemeinsam zu l\u00f6sen. Erste Verhandlungen machen aber wenig Hoffnung auf Erfolg.<br \/>\n<span class=\"Apple-converted-space\">\u00a0<\/span><\/p>\n<p>[\/dipl_timeline_item][dipl_timeline_item timeline_title=&#8220;Einsetzung der Neunzehnerkommission&#8220; display_time=&#8220;on&#8220; timeline_custom_time=&#8220;1961&#8243; _builder_version=&#8220;4.16&#8243; _module_preset=&#8220;default&#8220; scroll_scaling_enable=&#8220;on&#8220; global_colors_info=&#8220;{}&#8220;]<\/p>\n<p class=\"p1\">Die italienische Regie\u00adrung setzt die sogenannte 19er-Kommission ein (11 Italiener, 7 Deutsche, 1 Ladiner). Diese legt nach drei Jahren einen ersten Entwurf f\u00fcr ein neues Autonomiestatut vor. Die Autonomie soll zum gro\u00dfen Teil auf die beiden Provinzen Bozen und Trient \u00fcbergehen.<\/p>\n<p>[\/dipl_timeline_item][dipl_timeline_item timeline_title=&#8220;Feuernacht&#8220; display_time=&#8220;on&#8220; timeline_custom_time=&#8220;1961&#8243; upload_timeline_image=&#8220;https:\/\/autonomiae.bz.it\/wp-content\/uploads\/2023\/04\/traliccio.jpg&#8220; _builder_version=&#8220;4.16&#8243; _module_preset=&#8220;default&#8220; scroll_scaling_enable=&#8220;on&#8220; global_colors_info=&#8220;{}&#8220;]<\/p>\n<p class=\"p1\">Erster H\u00f6hepunkt einer Serie von Anschl\u00e4gen, die 1956 begonnen hat. <span>Urheber ist die separatistische Gruppierung des BAS (\u201eBefreiungsausschuss \u00a0S\u00fcdtirol\u201c). Die \u201eFeuernacht\u201c richtet die Aufmerksamkeit der italienischen und europa\u0308ischen O\u0308ffentlichkeit auf Su\u0308dtirol.<\/span><\/p>\n<p>[\/dipl_timeline_item][dipl_timeline_item timeline_title=&#8220;Ja zum \u201ePaket\u201c&#8220; display_time=&#8220;on&#8220; timeline_custom_time=&#8220;1969&#8243; _builder_version=&#8220;4.16&#8243; _module_preset=&#8220;default&#8220; scroll_scaling_enable=&#8220;on&#8220; global_colors_info=&#8220;{}&#8220;]<\/p>\n<p class=\"p1\">Nach m\u00fchsamen Verhandlungen einigen sich Italien, \u00d6sterreich und eine kleine Gruppe um Silvius Magnago auf ein \u201ePaket\u201c von Ma\u00dfnahmen, die nach einem <i>Operationskalender<\/i> umgesetzt werden sollen. Die SVP nimmt dieses Paket nur mit knapper Mehrheit an.<\/p>\n<p>[\/dipl_timeline_item][dipl_timeline_item timeline_title=&#8220;Zweites Autonomiestatut&#8220; display_time=&#8220;on&#8220; timeline_custom_time=&#8220;1972&#8243; _builder_version=&#8220;4.16&#8243; _module_preset=&#8220;default&#8220; scroll_scaling_enable=&#8220;on&#8220; global_colors_info=&#8220;{}&#8220;]<\/p>\n<p>Das neue Autonomiestatut tritt am 20. J\u00e4nner 1972 in Kraft. Es sichert die Gleichberechtigung sowie den Schutz aller drei Sprachgruppen im Land. Viele Details sind in den folgenden Jahren durch die sogenannte 6er-Kommission erst noch zu kl\u00e4ren. Bef\u00fcrworter und Gegner arbeiten gemeinsam daran. Ma\u00dfgeblich dabei: Alcide Berloffa, Roland Riz und Alfons Benedikter.<\/p>\n<p>[\/dipl_timeline_item][dipl_timeline_item timeline_title=&#8220;Alcide Berloffa wird 1972 zum Vorsitzenden der 6er und der 12er Kommission&#8220; display_time=&#8220;on&#8220; timeline_custom_time=&#8220;\u25cf\u25cf\u25cf&#8220; upload_timeline_image=&#8220;https:\/\/autonomiae.bz.it\/wp-content\/uploads\/2023\/03\/Berloffa-1.jpg&#8220; _builder_version=&#8220;4.16&#8243; _module_preset=&#8220;default&#8220; scroll_scaling_enable=&#8220;on&#8220; global_colors_info=&#8220;{}&#8220;]<\/p>\n<p class=\"p1\"><span class=\"s1\">Alcide Berloffa \u00fcbt noch lange eine wichtige Rolle f\u00fcr die Umsetzung der Autonomie aus. Von 1972 bis 1994 ist er Vorsitzender der 6er und der 12er Kommission. Von 1977 bis 1994 ist er Mitglied des Staatsrats. Er wirkt am Aufbau der Freien Universit\u00e4t Bozen mit, 2002 wird er deren Vizepr\u00e4sident. Am 25. Februar 2011 stirbt Alcide Berloffa. Er war mit Vanda Segato verheiratet, mit der er zwei Kinder hatte, Paolo und Giovanna.<\/span><\/p>\n<p>[\/dipl_timeline_item][dipl_timeline_item timeline_title=&#8220;Streitbeilegungserkl\u00e4rung&#8220; display_time=&#8220;on&#8220; timeline_custom_time=&#8220;1992&#8243; upload_timeline_image=&#8220;https:\/\/autonomiae.bz.it\/wp-content\/uploads\/2023\/04\/Quietenza_1992-2.jpg&#8220; _builder_version=&#8220;4.16&#8243; _module_preset=&#8220;default&#8220; scroll_scaling_enable=&#8220;on&#8220; global_colors_info=&#8220;{}&#8220;]<\/p>\n<p class=\"p1\">Die italienische Regierung erl\u00e4sst die letzten \u201ePaket\u201c-Bestimmungen. Italien und \u00d6sterreich berichten der UNO, dass damit der lange Streit um S\u00fcdtirol beigelegt ist. Die Verhandlungen zwischen S\u00fcdtirol und Rom \u00fcber eine \u201edynamische\u201c Autonomie gehen danach weiter.<br \/>\n<span class=\"Apple-converted-space\">\u00a0<\/span><\/p>\n<p>[\/dipl_timeline_item][\/dipl_timeline][\/et_pb_column][\/et_pb_row][\/et_pb_section]<\/p>\n","protected":false},"excerpt":{"rendered":"<p><div class=\"et_pb_module dipl_breadcrumb dipl_breadcrumb_0\">\n\t\t\t\t\n\t\t\t\t\n\t\t\t\t\n\t\t\t\t\n\t\t\t\t\n\t\t\t\t\n\t\t\t\t<div class=\"et_pb_module_inner\">\n\t\t\t\t\t<div class=\"dipl-breadcrumb-wrapper layout2\">\n\t\t\t\t<ol class=\"dipl-breadcrumb-inner\" vocab=\"https:\/\/schema.org\/\" typeof=\"BreadcrumbList\">\n\t\t\t\t\t<li property=\"itemListElement\" typeof=\"ListItem\" data-icon=\"&#x24;\">\n\t\t\t\t\t\t\t\t<a class=\"breadcrumb-item dipl-home-page\" href=\"https:\/\/autonomiae.bz.it\/de\/\" property=\"item\" typeof=\"WebPage\" >\n\t\t\t\t\t\t\t\t\t<span class=\"breadcrumb-page\" property=\"name\">Home<\/span>\n\t\t\t\t\t\t\t\t<\/a>\n\t\t\t\t\t\t\t\t<meta property=\"position\" content=\"1\" \/>\n\t\t\t\t\t\t\t<\/li>\n\t\t\t\t<\/ol>\n\t\t\t<\/div>\n\t\t\t\t<\/div>\n\t\t\t<\/div>Der Wegzur AutonomieHat S\u00fcdtirol mit seiner Autonomie das Bestm\u00f6gliche erreicht? Oder w\u00e4re noch mehr zu holen gewesen?\u00a0Sicher ist: Der Weg zur Autonomie war lang, oft waren h\u00f6here Interessen im Spiel, es gab R\u00fcckschl\u00e4ge, auch Leid. Dass der Weg zu einem Frieden f\u00fchrte, ist l\u00e4ngst [&hellip;]<\/p>\n","protected":false},"author":2,"featured_media":0,"parent":0,"menu_order":0,"comment_status":"closed","ping_status":"closed","template":"","meta":{"_et_pb_use_builder":"on","_et_pb_old_content":"","_et_gb_content_width":"","footnotes":""},"class_list":["post-1496","page","type-page","status-publish","hentry"],"_links":{"self":[{"href":"https:\/\/autonomiae.bz.it\/de\/wp-json\/wp\/v2\/pages\/1496","targetHints":{"allow":["GET"]}}],"collection":[{"href":"https:\/\/autonomiae.bz.it\/de\/wp-json\/wp\/v2\/pages"}],"about":[{"href":"https:\/\/autonomiae.bz.it\/de\/wp-json\/wp\/v2\/types\/page"}],"author":[{"embeddable":true,"href":"https:\/\/autonomiae.bz.it\/de\/wp-json\/wp\/v2\/users\/2"}],"replies":[{"embeddable":true,"href":"https:\/\/autonomiae.bz.it\/de\/wp-json\/wp\/v2\/comments?post=1496"}],"version-history":[{"count":0,"href":"https:\/\/autonomiae.bz.it\/de\/wp-json\/wp\/v2\/pages\/1496\/revisions"}],"wp:attachment":[{"href":"https:\/\/autonomiae.bz.it\/de\/wp-json\/wp\/v2\/media?parent=1496"}],"curies":[{"name":"wp","href":"https:\/\/api.w.org\/{rel}","templated":true}]}}